{"id":13575,"date":"2018-12-31T09:37:34","date_gmt":"2018-12-31T08:37:34","guid":{"rendered":"https:\/\/e-adams.pl\/sklep\/tapemix-naroznik-wewetrzny-jurga\/"},"modified":"2024-07-15T11:31:15","modified_gmt":"2024-07-15T09:31:15","slug":"naroznik-uszczelniajacy-wewnetrzny-jurga-tapemix","status":"publish","type":"product","link":"https:\/\/e-adams.pl\/de\/produkt\/naroznik-uszczelniajacy-wewnetrzny-jurga-tapemix\/","title":{"rendered":"Naro\u017cnik uszczelniaj\u0105cy wewn\u0119trzny JURGA TAPEMIX"},"content":{"rendered":"<h3>Naro\u017cnik wewn\u0119trzny JURGA TAPEMIX &#8211; 120\/70mm<\/h3>\n<p><strong>Dwuwarstwowy wodoszczelny i elastyczny naro\u017cnik zwi\u0119kszaj\u0105cy szczelno\u015b\u0107 miejsc szczeg\u00f3lnie nara\u017conych na wilgo\u0107<\/strong><br \/>\n<img loading=\"lazy\" decoding=\"async\" class=\"aligncenter size-full wp-image-13741\" src=\"https:\/\/e-adams.pl\/wp-content\/uploads\/2019\/01\/naroznik-uszczelniajacy-wewnetrzny-jurga-tapemix.jpg\" alt=\"naro\u017cnik uszczelniaj\u0105cy wewn\u0119trzny, jurga tapemix, ta\u015bma izolacyjna, naro\u017cnik hydroizolacyjny \u017bary\" width=\"400\" height=\"400\" title=\"\">TAPEMIX to wodoszczelna, elastyczna i wytrzyma\u0142a dzianina poliestrowa dwustronnie powleczona termoplastycznym elastomerem. Zwi\u0119ksza szczelno\u015b\u0107 miejsc szczeg\u00f3lnie nara\u017conych na zawilgocenie pod ok\u0142adzinami ceramicznymi (naro\u017ca wewn\u0119trzne itp.). Mo\u017ce by\u0107 stosowana na pod\u0142ogach i \u015bcianach, wewn\u0105trz i na zewn\u0105trz budynku.<\/p>\n<p>&#8211; <strong>Szeroko\u015b\u0107 ca\u0142kowita:<\/strong> 120 mm \u00b1 2,0 mm<br \/>\n&#8211; <strong>Szeroko\u015b\u0107 pasa pokrytego elastomeru (membrany):<\/strong> 70 mm \u00b1 2,0 mm<br \/>\n&#8211; <strong>Wodoodporno\u015b\u0107:<\/strong> &gt;1,5bar<br \/>\n&#8211; <strong>Odporno\u015b\u0107 na UV:<\/strong> 500h<\/p>\n","protected":false},"excerpt":{"rendered":"<h3 style=\"color: #0099cc;\">Sprawd\u017a cen\u0119 i aktualny stan w sklepie<br \/>\n<strong>Kontakt:<\/strong> <a href=\"mailto:info@e-adams.pl\"><u><b>info@e-adams.pl<\/b><\/u><\/a><\/h3>\n","protected":false},"featured_media":13741,"comment_status":"open","ping_status":"closed","template":"","meta":{"_acf_changed":false,"inline_featured_image":false},"product_cat":[1473],"product_tag":[953,950,1053],"class_list":{"0":"post-13575","1":"product","2":"type-product","3":"status-publish","4":"has-post-thumbnail","6":"product_cat-tasmy-uszczelniajace-i-narozniki","7":"product_tag-jurga","8":"product_tag-materialy-budowlane","9":"product_tag-tasma-izolacyjna","11":"first","12":"instock","13":"shipping-taxable","14":"purchasable","15":"product-type-simple"},"acf":[],"_links":{"self":[{"href":"https:\/\/e-adams.pl\/de\/wp-json\/wp\/v2\/product\/13575","targetHints":{"allow":["GET"]}}],"collection":[{"href":"https:\/\/e-adams.pl\/de\/wp-json\/wp\/v2\/product"}],"about":[{"href":"https:\/\/e-adams.pl\/de\/wp-json\/wp\/v2\/types\/product"}],"replies":[{"embeddable":true,"href":"https:\/\/e-adams.pl\/de\/wp-json\/wp\/v2\/comments?post=13575"}],"wp:featuredmedia":[{"embeddable":true,"href":"https:\/\/e-adams.pl\/de\/wp-json\/wp\/v2\/media\/13741"}],"wp:attachment":[{"href":"https:\/\/e-adams.pl\/de\/wp-json\/wp\/v2\/media?parent=13575"}],"wp:term":[{"taxonomy":"product_cat","embeddable":true,"href":"https:\/\/e-adams.pl\/de\/wp-json\/wp\/v2\/product_cat?post=13575"},{"taxonomy":"product_tag","embeddable":true,"href":"https:\/\/e-adams.pl\/de\/wp-json\/wp\/v2\/product_tag?post=13575"}],"curies":[{"name":"wp","href":"https:\/\/api.w.org\/{rel}","templated":true}]}}