{"id":13577,"date":"2018-12-31T09:37:37","date_gmt":"2018-12-31T08:37:37","guid":{"rendered":"https:\/\/e-adams.pl\/sklep\/protect-3l-pv-impregnat-do-kostki-brukowej-3l\/"},"modified":"2024-07-15T11:31:15","modified_gmt":"2024-07-15T09:31:15","slug":"impregnat-do-kostki-brukowej-jurga-protect-pv-3l","status":"publish","type":"product","link":"https:\/\/e-adams.pl\/de\/produkt\/impregnat-do-kostki-brukowej-jurga-protect-pv-3l\/","title":{"rendered":"Impregnat do kostki brukowej i betonu JURGA PROTECT PV &#8211; 3l"},"content":{"rendered":"<h3>Opis:<\/h3>\n<p>JURGA PROTECT PV to rozpuszczalnikowy impregnat do kostki brukowej, kraw\u0119\u017cnik\u00f3w, p\u0142ytek chodnikowych, p\u0142ot\u00f3w betonowych, podmur\u00f3wek, wszelkiego rodzaju galanterii betonowej barwionej i naturalnej oraz innych powierzchni betonowych prefabrykowanych i monolitycznych. Chroni przed wilgoci\u0105, od\u015bwie\u017ca kolor i struktur\u0119, redukuje sk\u0142onno\u015b\u0107 do zabrudze\u0144 i u\u0142atwia samoczyszczenie powierzchni. Zapobiega rozwojowi ple\u015bni, grzyb\u00f3w, mch\u00f3w a tak\u017ce powstawaniu wykwit\u00f3w wapiennych i solnych.<\/p>\n<h3>W\u0142a\u015bciwo\u015bci:<\/h3>\n<p>JURGA PROTECT PV jest to jednosk\u0142adnikowy, gotowy do u\u017cycia, g\u0142\u0119boko penetruj\u0105cy impregnat na bazie najwy\u017cszej jako\u015bci rozpuszczalnik\u00f3w, silan\u00f3w i siloksan\u00f3w. Przeznaczony jest do impregnacji ch\u0142onnych powierzchni budowlanych. Posiada w\u0142a\u015bciwo\u015bci hydrofobowe, zapobiega wnikaniu wilgoci w mikrop\u0119kni\u0119cia i pory, dzi\u0119ki czemu chroni zaimpregnowane powierzchnie przed uszkodzeniami wywo\u0142anymi przez zamarzaj\u0105c\u0105 wod\u0119. Impregnat po aplikacji na powierzchni szybko reaguje chemicznie, krystalizuje i \u0142\u0105czy si\u0119 z ni\u0105 zachowuj\u0105c na d\u0142ugo ochron\u0119. Preparat od\u015bwie\u017ca i zachowuje naturaln\u0105 struktur\u0119 i kolor zaimpregnowanej powierzchni. Tworzy matow\u0105 pow\u0142ok\u0119 ochronn\u0105, kt\u00f3ra po wyschni\u0119ciu nie nadaje powierzchni po\u0142ysku. Redukuje sk\u0142onno\u015b\u0107 do zabrudze\u0144 i u\u0142atwia samooczyszczenie powierzchni pod wp\u0142ywem opad\u00f3w atmosferycznych. Zapobiega rozwojowi ple\u015bni, grzyb\u00f3w, mch\u00f3w a tak\u017ce powstawaniu wykwit\u00f3w wapiennych i solnych.<\/p>\n<h3>Zastosowanie:<\/h3>\n<p>PROTECT PV przeznaczony do impregnacji kostki brukowej, kraw\u0119\u017cnik\u00f3w, p\u0142ytek chodnikowych, p\u0142ot\u00f3w betonowych, podmur\u00f3wek, wszelkiego rodzaju galanterii betonowej barwionej i naturalnej oraz innych powierzchni betonowych prefabrykowanych i monolitycznych.<\/p>\n<h3>Przygotowanie pod\u0142o\u017ca:<\/h3>\n<p>Pod\u0142o\u017ce przed impregnacj\u0105 musi by\u0107 czyste, suche, niezmro\u017cone, wolne od t\u0142uszczu, oleju i zanieczyszcze\u0144 organicznych typu mchy, porosty. Z uwagi na r\u00f3\u017cnorodno\u015b\u0107 powierzchni poddawanych impregnacji ( kolor, sk\u0142ad surowcowy, chemiczny itp.) zaleca si\u0119 wykonanie pr\u00f3by w miejscu ma\u0142o widocznym aby sprawdzi\u0107 czy nie dochodzi do niepo\u017c\u0105danej reakcji (np. przebarwienia).<\/p>\n<h3>Spos\u00f3b u\u017cycia:<\/h3>\n<p>Przed zastosowaniem preparat wymiesza\u0107, nanosi\u0107 go na powierzchni\u0119 wa\u0142kiem, p\u0119dzlem lub metod\u0105 natrysku niskoci\u015bnieniowego. Dla lepszego utrwalenia preparatu nanie\u015b\u0107 min 2 warstwy. Kolejne warstwy nanosi\u0107 po wst\u0119pnym wyschni\u0119ciu warstwy poprzedniej. W przypadku wyst\u0119powania spadk\u00f3w (np. podjazd w gara\u017cu) lub impregnuj\u0105c powierzchnie pionowe, aby powierzchni\u0119 przeznaczon\u0105 do impregnacji zaimpregnowa\u0107 r\u00f3wnomiernie nale\u017cy rozpocz\u0105\u0107 impregnacj\u0119 z do\u0142u i r\u00f3wnomiernie posuwa\u0107 si\u0119 do g\u00f3ry. Unika\u0107 tworzenia si\u0119 na powierzchni zaciek\u00f3w oraz ka\u0142u\u017c nadmiar usun\u0105\u0107 g\u0105bk\u0105 lub bawe\u0142nian\u0105 czyst\u0105 szmatk\u0105. Temperatura stosowania w przypadku powietrza jak i pod\u0142o\u017ca to od +5\u00b0C do +25\u00b0C. Wilgotno\u015b\u0107 impregnowanej powierzchni to max 5%. Preparat posiada w swoim sk\u0142adzie rozpuszczalniki dlatego dedykowany jest do u\u017cytku na zewn\u0105trz pomieszcze\u0144. Prac\u0119 wykonywa\u0107 w miejscach wentylowanych, u\u017cywa\u0107 okulary i odzie\u017c ochronn\u0105, a przy metodzie natryskowej stosowa\u0107 mask\u0119 ochronn\u0105 zabezpieczaj\u0105c\u0105 drogi oddechowe. Zaimpregnowana powierzchnia uzyskuje pe\u0142ne w\u0142a\u015bciwo\u015bci hydrofobowe po ok. 24 godz. w tym czasie nale\u017cy chroni\u0107 j\u0105 przed deszczem, intensywnym nas\u0142onecznieniem i zabrudzeniem. Ruch pieszy dopuszczalny jest nie wcze\u015bniej jak po 12 godzinach od momentu impregnacji. Po wykonaniu pracy nale\u017cy umy\u0107 narz\u0119dzia rozpuszczalnikiem.<\/p>\n<h3>Informacje techniczne:<\/h3>\n<ul>\n<li>Sk\u0142ad: Silany i siloksany, benzyna ci\u0119\u017cka obrabiana wodorem<\/li>\n<li>Kolor i posta\u0107: Bezbarwna ciecz<\/li>\n<li>G\u0119sto\u015b\u0107: Ok 0,80 g \/cm\u00b3<\/li>\n<li>Zu\u017cycie dla 1 warstwy: 1 litr na 7-15m\u00b2<\/li>\n<li>Temperatura zap\u0142onu: &gt;70\u00b0C<\/li>\n<li>Opakowania: Puszki 1 litr i 3 litry<\/li>\n<\/ul>\n","protected":false},"excerpt":{"rendered":"<p>JURGA PROTECT PV to rozpuszczalnikowy\u00a0 impregnat do kostki brukowej do ochrony i od\u015bwie\u017cania powierzchni betonowych oraz zapobiegania rozwojowi ple\u015bni i zabrudze\u0144.<\/p>\n","protected":false},"featured_media":13588,"comment_status":"open","ping_status":"closed","template":"","meta":{"_acf_changed":false,"inline_featured_image":false},"product_cat":[1590],"product_tag":[339,953,950],"class_list":{"0":"post-13577","1":"product","2":"type-product","3":"status-publish","4":"has-post-thumbnail","6":"product_cat-impregnaty-i-srodki-do-czyszczenia","7":"product_tag-impregnat","8":"product_tag-jurga","9":"product_tag-materialy-budowlane","11":"first","12":"instock","13":"shipping-taxable","14":"purchasable","15":"product-type-simple"},"acf":[],"_links":{"self":[{"href":"https:\/\/e-adams.pl\/de\/wp-json\/wp\/v2\/product\/13577","targetHints":{"allow":["GET"]}}],"collection":[{"href":"https:\/\/e-adams.pl\/de\/wp-json\/wp\/v2\/product"}],"about":[{"href":"https:\/\/e-adams.pl\/de\/wp-json\/wp\/v2\/types\/product"}],"replies":[{"embeddable":true,"href":"https:\/\/e-adams.pl\/de\/wp-json\/wp\/v2\/comments?post=13577"}],"wp:featuredmedia":[{"embeddable":true,"href":"https:\/\/e-adams.pl\/de\/wp-json\/wp\/v2\/media\/13588"}],"wp:attachment":[{"href":"https:\/\/e-adams.pl\/de\/wp-json\/wp\/v2\/media?parent=13577"}],"wp:term":[{"taxonomy":"product_cat","embeddable":true,"href":"https:\/\/e-adams.pl\/de\/wp-json\/wp\/v2\/product_cat?post=13577"},{"taxonomy":"product_tag","embeddable":true,"href":"https:\/\/e-adams.pl\/de\/wp-json\/wp\/v2\/product_tag?post=13577"}],"curies":[{"name":"wp","href":"https:\/\/api.w.org\/{rel}","templated":true}]}}