{"id":14371,"date":"2019-01-22T15:20:26","date_gmt":"2019-01-22T14:20:26","guid":{"rendered":"https:\/\/e-adams.pl\/sklep\/folia-w-plynie-cl51-5kg-ceresit\/"},"modified":"2024-07-15T11:31:14","modified_gmt":"2024-07-15T09:31:14","slug":"powloka-przeciwwilgociowa-ceresit-cl51-5kg","status":"publish","type":"product","link":"https:\/\/e-adams.pl\/de\/produkt\/powloka-przeciwwilgociowa-ceresit-cl51-5kg\/","title":{"rendered":"Pow\u0142oka przeciwwilgociowa CERESIT CL51 &#8211; 5kg"},"content":{"rendered":"<h3>Pow\u0142oka przeciwwilgociowa CERESIT CL51 &#8211; 5kg<\/h3>\n<p><strong>\u201eEXPRESS 1-K\u201d &#8211; Folia izolacyjna w p\u0142ynie do wykonywania elastycznych pow\u0142ok uszczelniaj\u0105cych pod p\u0142ytki ceramiczne<\/strong><br \/>\n<img loading=\"lazy\" decoding=\"async\" class=\"aligncenter size-full wp-image-14399\" src=\"https:\/\/e-adams.pl\/wp-content\/uploads\/2019\/01\/powloka-przeciwwilgociowa-ceresit-cl51-5kg.jpg\" alt=\"pow\u0142oka przeciwwilgociowa \u017bary, Ceresit cl51 5kg, EXPRESS 1-K, Folia w p\u0142ynie \u017bary, pow\u0142oki elastyczne \u017bary, hydroizolacja \u017bary\" width=\"400\" height=\"400\" title=\"\"><\/p>\n<p style=\"text-align: justify;\">Pow\u0142oka uszczelniaj\u0105ca Ceresit CL 51 s\u0142u\u017cy do powierzchniowego, bezspoinowego uszczelnienia pod\u0142o\u017cy przed mocowaniem p\u0142ytek ceramicznych, gresowych i kamiennych w: \u0142azienkach, kuchniach, toaletach, natryskach, pralniach. Mo\u017ce by\u0107 stosowana w budownictwie mieszkaniowym, w pomieszczeniach nara\u017conych na okresowe zawilgocenie do uszczelniania takich pod\u0142o\u017cy jak: tynki i jastrychy cementowe (r\u00f3wnie\u017c grzejne), tynki cementowo-wapienne, mury wykonane na pe\u0142n\u0105 spoin\u0119. CL 51 nadaje si\u0119 r\u00f3wnie\u017c do zabezpieczania pod\u0142o\u017cy wra\u017cliwych na zawilgocenie: gazobetou, p\u0142yt gipsowokartonowych, gipsowo-w\u0142\u00f3knowych, w\u0142\u00f3knowo-cementowych i OSB, pod\u0142o\u017cy anhydrytowych, pod\u0142o\u017cy i tynk\u00f3w gipsowych, pod\u0142ogowych zapraw wyr\u00f3wnuj\u0105cych. Pow\u0142oka uszczelniaj\u0105ca Ceresit CL 51 spe\u0142nia wymagania izolacji typu lekkiego.<\/p>\n<p>&nbsp;<\/p>\n","protected":false},"excerpt":{"rendered":"<h3 style=\"color: #0099cc;\">Sprawd\u017a cen\u0119 i aktualny stan w sklepie<br \/>\n<strong>Kontakt:<\/strong> <a href=\"mailto:info@e-adams.pl\"><u><b>info@e-adams.pl<\/b><\/u><\/a><\/h3>\n","protected":false},"featured_media":14399,"comment_status":"open","ping_status":"closed","template":"","meta":{"_acf_changed":false,"inline_featured_image":false},"product_cat":[288],"product_tag":[158,1089,950],"class_list":{"0":"post-14371","1":"product","2":"type-product","3":"status-publish","4":"has-post-thumbnail","6":"product_cat-ochrona-antywilgociowa","7":"product_tag-ceresit","8":"product_tag-hydroizolacja","9":"product_tag-materialy-budowlane","11":"first","12":"instock","13":"shipping-taxable","14":"purchasable","15":"product-type-simple"},"acf":[],"_links":{"self":[{"href":"https:\/\/e-adams.pl\/de\/wp-json\/wp\/v2\/product\/14371","targetHints":{"allow":["GET"]}}],"collection":[{"href":"https:\/\/e-adams.pl\/de\/wp-json\/wp\/v2\/product"}],"about":[{"href":"https:\/\/e-adams.pl\/de\/wp-json\/wp\/v2\/types\/product"}],"replies":[{"embeddable":true,"href":"https:\/\/e-adams.pl\/de\/wp-json\/wp\/v2\/comments?post=14371"}],"wp:featuredmedia":[{"embeddable":true,"href":"https:\/\/e-adams.pl\/de\/wp-json\/wp\/v2\/media\/14399"}],"wp:attachment":[{"href":"https:\/\/e-adams.pl\/de\/wp-json\/wp\/v2\/media?parent=14371"}],"wp:term":[{"taxonomy":"product_cat","embeddable":true,"href":"https:\/\/e-adams.pl\/de\/wp-json\/wp\/v2\/product_cat?post=14371"},{"taxonomy":"product_tag","embeddable":true,"href":"https:\/\/e-adams.pl\/de\/wp-json\/wp\/v2\/product_tag?post=14371"}],"curies":[{"name":"wp","href":"https:\/\/api.w.org\/{rel}","templated":true}]}}