{"id":14373,"date":"2019-01-22T15:20:37","date_gmt":"2019-01-22T14:20:37","guid":{"rendered":"https:\/\/e-adams.pl\/sklep\/folia-w-plynie-12kg\/"},"modified":"2023-08-30T11:45:41","modified_gmt":"2023-08-30T09:45:41","slug":"folia-w-plynie-do-wnetrz-den-braven-12kg","status":"publish","type":"product","link":"https:\/\/e-adams.pl\/de\/produkt\/folia-w-plynie-do-wnetrz-den-braven-12kg\/","title":{"rendered":"Folia w p\u0142ynie do wn\u0119trz DEN BRAVEN &#8211; 1,2kg"},"content":{"rendered":"<h3>Folia w p\u0142ynie do wn\u0119trz DEN BRAVEN &#8211; 1,2kg<\/h3>\n<p><strong>Sanitary-Foil na \u0141azienki, kuchnie, toalety, prysznice<\/strong><br \/>\n<img loading=\"lazy\" decoding=\"async\" class=\"aligncenter size-full wp-image-14407\" src=\"https:\/\/e-adams.pl\/wp-content\/uploads\/2019\/01\/folia-w-plynie-do-wnetrz-den-braven-12kg.jpg\" alt=\"folia w p\u0142ynie do wn\u0119trz \u017bary, den braven Folia w p\u0142ynie 1,2kg, folia w p\u0142ynie na \u015bciany \u017bary, Sanitary-Foil\" width=\"400\" height=\"400\" title=\"\"><\/p>\n<p style=\"text-align: justify;\">Den Braven Folia w P\u0142ynie Do Wn\u0119trz to gotowa do u\u017cycia, p\u00f3\u0142p\u0142ynna masa izolacyjna na bazie wodnej dyspersji polimerowej, wype\u0142niaczy i \u015brodk\u00f3w modyfikuj\u0105cych, do wykonywania zabezpiecze\u0144 przeciwwilgociowych. Folia w p\u0142ynie pozwala na wykonywanie powierzchniowych, przeciwwilgociowych pow\u0142ok uszczelniaj\u0105cych pod ok\u0142adziny ceramiczne, wewn\u0105trz pomieszcze\u0144 o podwy\u017cszonej wilgotno\u015bci: \u0142azienki, natryski, toalety, pralnie, przebieralnie, piwnice, kuchnie, myjnie itp. Szczeg\u00f3lnie w tzw. strefach mokrych, czyli wok\u00f3\u0142 umywalek, kabin prysznicowych, wanien, zlewozmywak\u00f3w oraz na posadzkach, w naro\u017cach i przy przej\u015bciach instalacyjnych.<\/p>\n<h3>W\u0141A\u015aCIWO\u015aCI<\/h3>\n<p>&#8211; Wysoce elastyczna, wodoszczelna, jednosk\u0142adnikowa izolacja bezspoinowa<br \/>\n&#8211; Po wyschni\u0119ciu tworzy szczelnie przylegaj\u0105c\u0105 do powierzchni pow\u0142ok\u0119 zabezpieczaj\u0105c\u0105<br \/>\n&#8211; Polecana szczeg\u00f3lnie pod glazur\u0119 i terakot\u0119, zw\u0142aszcza na pod\u0142o\u017cach, kt\u00f3re pod wp\u0142ywem oddzia\u0142ywania wilgoci mog\u0105 ulec \u0142atwo zniszczeniu, np. tynki gipsowe, p\u0142yty g-k<br \/>\n&#8211; Zabezpiecza pod\u0142o\u017ce przed zawilgoceniem poprzez fugi mi\u0119dzy p\u0142ytkami<br \/>\n&#8211; Ponadto stanowi gotowe pod\u0142o\u017ce pod wyk\u0142adziny, pod\u0142ogi drewniane itp<br \/>\n&#8211; Bardzo dobra przyczepno\u015b\u0107 do betonu, zapraw cementowych, tynk\u00f3w<br \/>\n&#8211; Kolor: zielony<\/p>\n","protected":false},"excerpt":{"rendered":"<h3 style=\"color: #0099cc;\">Sprawd\u017a cen\u0119 i aktualny stan w sklepie<br \/>\n<strong>Kontakt:<\/strong> <a href=\"mailto:info@e-adams.pl\"><u><b>info@e-adams.pl<\/b><\/u><\/a><\/h3>\n","protected":false},"featured_media":14405,"comment_status":"open","ping_status":"closed","template":"","meta":{"_acf_changed":false,"inline_featured_image":false},"product_cat":[1472],"product_tag":[955,1089,950],"class_list":{"0":"post-14373","1":"product","2":"type-product","3":"status-publish","4":"has-post-thumbnail","6":"product_cat-masy-uszczelniajace","7":"product_tag-den-braven","8":"product_tag-hydroizolacja","9":"product_tag-materialy-budowlane","11":"first","12":"onbackorder","13":"shipping-taxable","14":"product-type-simple"},"acf":[],"_links":{"self":[{"href":"https:\/\/e-adams.pl\/de\/wp-json\/wp\/v2\/product\/14373","targetHints":{"allow":["GET"]}}],"collection":[{"href":"https:\/\/e-adams.pl\/de\/wp-json\/wp\/v2\/product"}],"about":[{"href":"https:\/\/e-adams.pl\/de\/wp-json\/wp\/v2\/types\/product"}],"replies":[{"embeddable":true,"href":"https:\/\/e-adams.pl\/de\/wp-json\/wp\/v2\/comments?post=14373"}],"wp:featuredmedia":[{"embeddable":true,"href":"https:\/\/e-adams.pl\/de\/wp-json\/wp\/v2\/media\/14405"}],"wp:attachment":[{"href":"https:\/\/e-adams.pl\/de\/wp-json\/wp\/v2\/media?parent=14373"}],"wp:term":[{"taxonomy":"product_cat","embeddable":true,"href":"https:\/\/e-adams.pl\/de\/wp-json\/wp\/v2\/product_cat?post=14373"},{"taxonomy":"product_tag","embeddable":true,"href":"https:\/\/e-adams.pl\/de\/wp-json\/wp\/v2\/product_tag?post=14373"}],"curies":[{"name":"wp","href":"https:\/\/api.w.org\/{rel}","templated":true}]}}