{"id":14376,"date":"2019-01-22T15:20:48","date_gmt":"2019-01-22T14:20:48","guid":{"rendered":"https:\/\/e-adams.pl\/sklep\/folia-w-plynie-35-kg-spectrum-foil-extra-zew\/"},"modified":"2024-07-15T11:31:14","modified_gmt":"2024-07-15T09:31:14","slug":"folia-w-plynie-na-zewnatrz-den-braven-35kg","status":"publish","type":"product","link":"https:\/\/e-adams.pl\/de\/produkt\/folia-w-plynie-na-zewnatrz-den-braven-35kg\/","title":{"rendered":"Folia w p\u0142ynie na zewn\u0105trz DEN BRAVEN &#8211; 3,5kg"},"content":{"rendered":"<h3>Folia w p\u0142ynie na zewn\u0105trz DEN BRAVEN &#8211; 3,5kg<\/h3>\n<p><strong>Sanitary-Foil Extra na Balkony, tarasy, stropy na gruncie<\/strong><\/p>\n<p><img loading=\"lazy\" decoding=\"async\" class=\"aligncenter size-full wp-image-14416\" src=\"https:\/\/e-adams.pl\/wp-content\/uploads\/2019\/01\/folia-w-plynie-na-zewnatrz-den-braven-35kg.jpg\" alt=\"folia w p\u0142ynie na zewn\u0105trz \u017bary, den braven 3,5kg, Sanitary-Foil Extra, Hydroizolacja w p\u0142ynie \u017bary, elastyczne folie w p\u0142ynie \u017bary, Materia\u0142y budowlane \u017bary\" width=\"400\" height=\"400\" title=\"\"><\/p>\n<p style=\"text-align: justify;\">Den Braven Folia w P\u0142ynie Na Zewn\u0105trz to gotowa do u\u017cycia, p\u00f3\u0142p\u0142ynna masa izolacyjna na bazie wodnej dyspersji polimerowej, wype\u0142niaczy i \u015brodk\u00f3w uszlachetniaj\u0105cych, do wykonywania zabezpiecze\u0144 przeciwwilgociowych. Folia w p\u0142ynie pozwala na wykonywanie powierzchniowych, przeciwwilgociowych pow\u0142ok uszczelniaj\u0105cych pod ok\u0142adziny ceramiczne, na zewn\u0105trz pomieszcze\u0144 (balkony, tarasy ze spadkiem) lub wewn\u0105trz (\u0142azienki, natryski, toalety, pralnie, przebieralnie, piwnice, kuchnie, myjnie).<\/p>\n<h3>W\u0141A\u015aCIWO\u015aCI<\/h3>\n<p>&#8211; Wysoce elastyczna, wodoszczelna, jednosk\u0142adnikowa izolacja bezspoinowa<br \/>\n&#8211; Po wyschni\u0119ciu tworzy szczelnie przylegaj\u0105c\u0105 do powierzchni pow\u0142ok\u0119 zabezpieczaj\u0105c\u0105, odporn\u0105 na dzia\u0142anie warunk\u00f3w atmosferycznych<br \/>\n&#8211; Polecana szczeg\u00f3lnie pod p\u0142ytki na tarasach i balkonach, kt\u00f3re pod wp\u0142ywem oddzia\u0142ywania wilgoci mog\u0105 ulec \u0142atwo zniszczeniu<br \/>\n&#8211; Zabezpiecza pod\u0142o\u017ce przed zawilgoceniem poprzez fugi mi\u0119dzy p\u0142ytkami<br \/>\n&#8211; Bardzo dobra przyczepno\u015b\u0107 do betonu, zapraw cementowych, tynk\u00f3w<br \/>\n&#8211; Kolor: szary<\/p>\n","protected":false},"excerpt":{"rendered":"<h3 style=\"color: #0099cc;\">Sprawd\u017a cen\u0119 i aktualny stan w sklepie<br \/>\n<strong>Kontakt:<\/strong> <a href=\"mailto:info@e-adams.pl\"><u><b>info@e-adams.pl<\/b><\/u><\/a><\/h3>\n","protected":false},"featured_media":14416,"comment_status":"open","ping_status":"closed","template":"","meta":{"_acf_changed":false,"inline_featured_image":false},"product_cat":[1472],"product_tag":[955,1089,950],"class_list":{"0":"post-14376","1":"product","2":"type-product","3":"status-publish","4":"has-post-thumbnail","6":"product_cat-masy-uszczelniajace","7":"product_tag-den-braven","8":"product_tag-hydroizolacja","9":"product_tag-materialy-budowlane","11":"first","12":"instock","13":"shipping-taxable","14":"purchasable","15":"product-type-simple"},"acf":[],"_links":{"self":[{"href":"https:\/\/e-adams.pl\/de\/wp-json\/wp\/v2\/product\/14376","targetHints":{"allow":["GET"]}}],"collection":[{"href":"https:\/\/e-adams.pl\/de\/wp-json\/wp\/v2\/product"}],"about":[{"href":"https:\/\/e-adams.pl\/de\/wp-json\/wp\/v2\/types\/product"}],"replies":[{"embeddable":true,"href":"https:\/\/e-adams.pl\/de\/wp-json\/wp\/v2\/comments?post=14376"}],"wp:featuredmedia":[{"embeddable":true,"href":"https:\/\/e-adams.pl\/de\/wp-json\/wp\/v2\/media\/14416"}],"wp:attachment":[{"href":"https:\/\/e-adams.pl\/de\/wp-json\/wp\/v2\/media?parent=14376"}],"wp:term":[{"taxonomy":"product_cat","embeddable":true,"href":"https:\/\/e-adams.pl\/de\/wp-json\/wp\/v2\/product_cat?post=14376"},{"taxonomy":"product_tag","embeddable":true,"href":"https:\/\/e-adams.pl\/de\/wp-json\/wp\/v2\/product_tag?post=14376"}],"curies":[{"name":"wp","href":"https:\/\/api.w.org\/{rel}","templated":true}]}}