{"id":14379,"date":"2019-01-22T15:20:55","date_gmt":"2019-01-22T14:20:55","guid":{"rendered":"https:\/\/e-adams.pl\/sklep\/atlas-woder-w-10kg-wewnetrzny-jednoskladnikowy\/"},"modified":"2024-07-15T11:31:09","modified_gmt":"2024-07-15T09:31:09","slug":"elastyczna-hydroizolacja-jednoskladnikowa-atlas-woder-w-10kg","status":"publish","type":"product","link":"https:\/\/e-adams.pl\/de\/produkt\/elastyczna-hydroizolacja-jednoskladnikowa-atlas-woder-w-10kg\/","title":{"rendered":"Elastyczna hydroizolacja jednosk\u0142adnikowa ATLAS WODER W &#8211; 10kg"},"content":{"rendered":"<h3>Elastyczna hydroizolacja jednosk\u0142adnikowa ATLAS WODER W &#8211; 10kg<\/h3>\n<p><strong>Folia w p\u0142ynie do \u0142azienek, kuchni, piwnic<\/strong><\/p>\n<p><img loading=\"lazy\" decoding=\"async\" class=\"aligncenter size-full wp-image-14387\" src=\"https:\/\/e-adams.pl\/wp-content\/uploads\/2019\/01\/elastyczna-hydroizolacja-jednoskladnikowa-atlas-woder-w-10kg.jpg\" alt=\"elastyczna hydroizolacja jednoskladnikowa, atlas woder w, 10kg, Hydroizolacja \u017bary, Folia w p\u0142ynie \u017bary\" width=\"400\" height=\"400\" title=\"\"><\/p>\n<p style=\"text-align: justify;\">ATLAS WODER W jest przeznaczony do wykonywania izolacji wodochronnych pomieszcze\u0144 mokrych (\u0142azienek, kabin prysznicowych itp.). Umo\u017cliwia wykonanie elastycznego zabezpieczenia naro\u017cy i dylatacji \u2013 wraz z zatopion\u0105 w nim TA\u015aM\u0104 i NARO\u017bNIKAMI USZCZELNIAJ\u0104CYMI ATLAS, chroni kraw\u0119dzie po\u0142\u0105cze\u0144 \u015bcian i podk\u0142ad\u00f3w pod\u0142ogowych oraz przerwy dylatacyjne. Uszczelnia powierzchnie wok\u00f3\u0142 \u015bcian i pod\u0142\u00f3g, wok\u00f3\u0142 przej\u015b\u0107 rur instalacji wodnej i kanalizacyjnej \u2013 wraz z zatopionymi w nim pier\u015bcieniami \u015bciennymi b\u0105d\u017a pod\u0142ogowymi.<\/p>\n<p>&#8211; min. \/ max. grubo\u015b\u0107 pow\u0142oki uszczelniaj\u0105cej: 2 &#8211; 3 mm<br \/>\n&#8211; wykonanie drugiej warstwy: po 3 godzinach<br \/>\n&#8211; przyklejanie p\u0142ytek: po 24 godzinach<br \/>\n&#8211; \u015brednie zu\u017cycie dla warstwy o grubo\u015bci 1 mm: 0,9 kg\/m2<\/p>\n<h3>W\u0141A\u015aCIWO\u015aCI<\/h3>\n<p style=\"text-align: justify;\">&#8211; ATLAS WODER W produkowany jest w postaci gotowej do u\u017cycia masy na bazie dyspersji polimerowych, wype\u0142niaczy oraz \u015brodk\u00f3w modyfikuj\u0105cych<br \/>\n&#8211; jest wysokoelastyczny &#8211; mo\u017ce by\u0107 stosowany na pod\u0142o\u017cach wykonanych w systemach ogrzewania pod\u0142ogowego i \u015bciennego oraz na innych powierzchniach podlegaj\u0105cych odkszta\u0142ceniom<br \/>\n&#8211; posiada wysok\u0105 przyczepno\u015b\u0107 do typowych pod\u0142o\u017cy budowlanych \u2013 np. do betonu 2,2 MPa<br \/>\n&#8211; stanowi uszczelnienie pow\u0142okowe \u2013 tworzy pow\u0142ok\u0119 o grubo\u015bci kilku mm (musi by\u0107 chroniony przed mechanicznym uszkodzeniem, np. w wyniku ruchu pieszego \u2013 konieczne jest wykonanie na nim wylewki, tynku lub ok\u0142adziny z p\u0142ytek)<br \/>\n&#8211; jest odporny na powstawanie rys w pod\u0142o\u017cu \u2013 maksymalna szeroko\u015b\u0107 rysy, przy kt\u00f3rej nie nast\u0119puje p\u0119kni\u0119cie pow\u0142oki wynosi 2,2 mm<br \/>\n&#8211; przed u\u017cyciem wymaga jedynie przemieszania zawarto\u015bci opakowania \u2013 jest foli\u0105 jednosk\u0142adnikow\u0105<br \/>\n&#8211; umo\u017cliwia stopniowe zu\u017cycie w czasie 12 miesi\u0119cy &#8211; pomimo otwarcia wiaderka i cz\u0119\u015bciowego wykorzystania, daje mo\u017cliwo\u015b\u0107 aplikacji pozosta\u0142ej cz\u0119\u015bci przez ca\u0142y okres przydatno\u015bci, czyli 12 miesi\u0119cy od daty produkcji<br \/>\n&#8211; jest wygodny w aplikacji bez wzgl\u0119du na charakter pod\u0142o\u017ca \u2013 \u0142atwo nak\u0142ada si\u0119 go zar\u00f3wno na p\u0142yty g-k, p\u0142yty OSB, jak i na tynki cementowe czy gipsowe, elementy z metalu i PVC<br \/>\n&#8211; pozwala \u0142atwo kontrolowa\u0107 grubo\u015b\u0107 nak\u0142adanej warstwy &#8211; zar\u00f3wno przy nak\u0142adaniu p\u0119dzlem, wa\u0142kiem, jak i pac\u0105 stalow\u0105<br \/>\n&#8211; zapewnia doskona\u0142e krycie ju\u017c po naniesieniu pierwszej warstwy.<br \/>\n&#8211; pozwala \u0142atwo \u2013 wzrokowo &#8211; oceni\u0107 grubo\u015b\u0107 i jednolito\u015b\u0107 na\u0142o\u017conej warstwy \u2013 dzi\u0119ki intensywno\u015bci koloru oraz strukturze po wyschni\u0119ciu.<\/p>\n<p>&nbsp;<\/p>\n","protected":false},"excerpt":{"rendered":"<h3 style=\"color: #0099cc;\">Sprawd\u017a cen\u0119 i aktualny stan w sklepie<br \/>\n<strong>Kontakt:<\/strong> <a href=\"mailto:info@e-adams.pl\"><u><b>info@e-adams.pl<\/b><\/u><\/a><\/h3>\n","protected":false},"featured_media":14385,"comment_status":"open","ping_status":"closed","template":"","meta":{"_acf_changed":false,"inline_featured_image":false},"product_cat":[1472],"product_tag":[265,1089,950],"class_list":{"0":"post-14379","1":"product","2":"type-product","3":"status-publish","4":"has-post-thumbnail","6":"product_cat-masy-uszczelniajace","7":"product_tag-atlas","8":"product_tag-hydroizolacja","9":"product_tag-materialy-budowlane","11":"first","12":"outofstock","13":"shipping-taxable","14":"purchasable","15":"product-type-simple"},"acf":[],"_links":{"self":[{"href":"https:\/\/e-adams.pl\/de\/wp-json\/wp\/v2\/product\/14379","targetHints":{"allow":["GET"]}}],"collection":[{"href":"https:\/\/e-adams.pl\/de\/wp-json\/wp\/v2\/product"}],"about":[{"href":"https:\/\/e-adams.pl\/de\/wp-json\/wp\/v2\/types\/product"}],"replies":[{"embeddable":true,"href":"https:\/\/e-adams.pl\/de\/wp-json\/wp\/v2\/comments?post=14379"}],"wp:featuredmedia":[{"embeddable":true,"href":"https:\/\/e-adams.pl\/de\/wp-json\/wp\/v2\/media\/14385"}],"wp:attachment":[{"href":"https:\/\/e-adams.pl\/de\/wp-json\/wp\/v2\/media?parent=14379"}],"wp:term":[{"taxonomy":"product_cat","embeddable":true,"href":"https:\/\/e-adams.pl\/de\/wp-json\/wp\/v2\/product_cat?post=14379"},{"taxonomy":"product_tag","embeddable":true,"href":"https:\/\/e-adams.pl\/de\/wp-json\/wp\/v2\/product_tag?post=14379"}],"curies":[{"name":"wp","href":"https:\/\/api.w.org\/{rel}","templated":true}]}}