{"id":14380,"date":"2019-01-22T15:20:57","date_gmt":"2019-01-22T14:20:57","guid":{"rendered":"https:\/\/e-adams.pl\/sklep\/atlas-woder-e-5kg-zewnetrzny\/"},"modified":"2024-02-15T11:48:54","modified_gmt":"2024-02-15T10:48:54","slug":"elastyczna-masa-uszczelniajaca-atlas-woder-e-5kg","status":"publish","type":"product","link":"https:\/\/e-adams.pl\/de\/produkt\/elastyczna-masa-uszczelniajaca-atlas-woder-e-5kg\/","title":{"rendered":"Elastyczna masa uszczelniaj\u0105ca ATLAS WODER E &#8211; 5kg"},"content":{"rendered":"<h3>Elastyczna masa uszczelniaj\u0105ca ATLAS WODER E &#8211; 5kg<\/h3>\n<p><strong>Szybkoschn\u0105ca Folia w p\u0142ynie do \u0142azienek, kuchni, na balkony<\/strong><\/p>\n<p><img loading=\"lazy\" decoding=\"async\" class=\"aligncenter size-full wp-image-14391\" src=\"https:\/\/e-adams.pl\/wp-content\/uploads\/2019\/01\/elastyczna-masa-uszczelniajaca-atlas-woder-e-5kg.jpg\" alt=\"elastyczna masa uszczelniaj\u0105ca \u017bary, atlas woder e, 5kg, szybkoschn\u0105ca Folia w p\u0142ynie \u017bary, hydroizolacje \u017bary\" width=\"400\" height=\"400\" title=\"\"><\/p>\n<p style=\"text-align: justify;\">ATLAS WODER E jest przeznaczony do wykonywania izolacji wodochronnych pomieszcze\u0144 mokrych (\u0142azienek, kabin prysznicowych itp.) oraz balkon\u00f3w. ATLAS WODER E jest nowoczesnym materia\u0142em, kt\u00f3rego receptura sk\u0142ada si\u0119 wy\u0142\u0105cznie z najwy\u017cszej jako\u015bci wodorozcie\u0144czalnych dyspersji kopolimerowych wraz z odpowiednio dobranymi wype\u0142niaczami oraz dodatkami. Skrupulatnie dobrane proporcje zapewniaj\u0105 optymalne parametry gotowej pow\u0142oki, tworz\u0105c wodoszczelny i bezszczelinowy materia\u0142 nazywany powszechnie szybkoschn\u0105c\u0105 foli\u0105 w p\u0142ynie. Zastosowanie jej razem z dodatkowymi produktami w postaci ta\u015bm uszczelniaj\u0105cych i specjalnych ko\u0142nierzy pozwala na uzyskanie 100 % szczelnej pow\u0142oki nawet na skomplikowanych powierzchniach.<\/p>\n<p>&#8211; wysoka przyczepno\u015b\u0107 \u2013 do typowych pod\u0142o\u017cy betonowych 2,2 MPa<br \/>\n&#8211; grubo\u015b\u0107 pow\u0142oki uszczelniaj\u0105cej: 1-3 mm<br \/>\n&#8211; wykonanie drugiej warstwy po 1 godzinie<br \/>\n&#8211; przyklejanie p\u0142ytek: po ok. 2 h (dla izolacji przeciwwilgociowej), po ok. 4 h (dla izolacji przeciwwodnej)<\/p>\n<h3>W\u0141A\u015aCIWO\u015aCI<\/h3>\n<p style=\"text-align: justify;\">&#8211; ATLAS WODER E produkowany jest w postaci gotowej do u\u017cycia masy na bazie dyspersji polimerowych, wype\u0142niaczy oraz \u015brodk\u00f3w modyfikuj\u0105cych.<br \/>\n&#8211; Jest wysokoelastyczny &#8211; mo\u017ce by\u0107 stosowany na pod\u0142o\u017cach wykonanych w systemach ogrzewania pod\u0142ogowego i \u015bciennego oraz na innych powierzchniach podlegaj\u0105cych odkszta\u0142ceniom.<br \/>\n&#8211; Jest odporny na powstawanie rys w pod\u0142o\u017cu \u2013 dzi\u0119ki specjalnym polimerom, masa mostkuje rysy o szeroko\u015bci do 0,8 mm, co oznacza, \u017ce hydroizolacja pozostanie szczelna nawet gdy pod\u0142o\u017ce pod spodem zarysuje si\u0119.<br \/>\n&#8211; Posiada wysok\u0105 przyczepno\u015b\u0107 do typowych pod\u0142o\u017cy budowlanych \u2013 np. do betonu ok. 2,2 MPa.<br \/>\n&#8211; Mrozoodporno\u015b\u0107 \u2013 nie traci swoich w\u0142a\u015bciwo\u015bci nawet w przypadku wielokrotnego przej\u015bcia cyklu zamarzania-odmarzania.<br \/>\n&#8211; Odporny na UV, mr\u00f3z i starzenie.<br \/>\n&#8211; Stanowi uszczelnienie pow\u0142okowe \u2013 tworzy cienk\u0105 pow\u0142ok\u0119 (musi by\u0107 chroniony przed mechanicznym uszkodzeniem, np. w wyniku ruchu pieszego lub uderzenia \u2013 konieczne jest wykonanie na nim wylewki, tynku lub ok\u0142adziny z p\u0142ytek).<br \/>\n&#8211; Mo\u017ce by\u0107 stosowany bezpo\u015brednio pod p\u0142ytki \u2013 zast\u0119puje papy i tradycyjne folie, na kt\u00f3rych wymagane by\u0142o wykonanie wylewki przed przyklejeniem p\u0142ytek.<br \/>\n&#8211; Materia\u0142 bezszwowy \u2013 rodzaj materia\u0142u pozwala uzyska\u0107 ci\u0105g\u0142\u0105 pow\u0142ok\u0119, bez konieczno\u015bci tworzenia zak\u0142ad\u00f3w i specjalnych po\u0142\u0105cze\u0144 jak to ma miejsce w przypadku materia\u0142\u00f3w rolowych. Pozwala to wyeliminowa\u0107 ryzyko powstania nieszczelno\u015bci na po\u0142\u0105czeniach oraz pozwala na \u0142atwe uszczelnienie krytycznych miejsc.<br \/>\n&#8211; Aplikacja w szerokim zakresie temperatur \u2013 mo\u017cliwo\u015b\u0107 nak\u0142adania materia\u0142u w temperaturze pod\u0142o\u017ca i otoczenia od 5 do 30 \u00b0C.<br \/>\n&#8211; Wygodny i \u0142atwy w aplikacji &#8211; izolacja w postaci dyspersji przed u\u017cyciem wymaga jedynie przemieszania zawarto\u015bci opakowania. \u0141atwo nak\u0142ada si\u0119 go zar\u00f3wno na p\u0142yty g-k, p\u0142yty OSB, jak i na tynki cementowe czy gipsowe, elementy z metalu i PVC.<br \/>\n&#8211; Umo\u017cliwia stopniowe zu\u017cycie w czasie 12 miesi\u0119cy &#8211; pomimo otwarcia wiaderka i cz\u0119\u015bciowego wykorzystania, daje mo\u017cliwo\u015b\u0107 aplikacji pozosta\u0142ej cz\u0119\u015bci przez ca\u0142y okres przydatno\u015bci, czyli 12 miesi\u0119cy od daty produkcji.<br \/>\n&#8211; Pozwala \u0142atwo kontrolowa\u0107 grubo\u015b\u0107 nak\u0142adanej warstwy &#8211; zar\u00f3wno przy nak\u0142adaniu p\u0119dzlem, wa\u0142kiem, jak i pac\u0105 stalow\u0105.<br \/>\n&#8211; Wi\u0105\u017ce praktycznie bezskurczowo \u2013 skurcz liniowy jest ograniczony do minimum \u2013 w trakcie wysychania nie pojawiaj\u0105 si\u0119 charakterystyczne dla zapraw cementowych rysy i p\u0119kni\u0119cia skurczowe.<\/p>\n<p>&nbsp;<\/p>\n","protected":false},"excerpt":{"rendered":"<h3 style=\"color: #0099cc;\">Sprawd\u017a cen\u0119 i aktualny stan w sklepie<br \/>\n<strong>Kontakt:<\/strong> <a href=\"mailto:info@e-adams.pl\"><u><b>info@e-adams.pl<\/b><\/u><\/a><\/h3>\n","protected":false},"featured_media":14391,"comment_status":"open","ping_status":"closed","template":"","meta":{"_acf_changed":false,"inline_featured_image":false},"product_cat":[1472],"product_tag":[265,1089,950],"class_list":{"0":"post-14380","1":"product","2":"type-product","3":"status-publish","4":"has-post-thumbnail","6":"product_cat-masy-uszczelniajace","7":"product_tag-atlas","8":"product_tag-hydroizolacja","9":"product_tag-materialy-budowlane","11":"first","12":"outofstock","13":"shipping-taxable","14":"purchasable","15":"product-type-simple"},"acf":[],"_links":{"self":[{"href":"https:\/\/e-adams.pl\/de\/wp-json\/wp\/v2\/product\/14380","targetHints":{"allow":["GET"]}}],"collection":[{"href":"https:\/\/e-adams.pl\/de\/wp-json\/wp\/v2\/product"}],"about":[{"href":"https:\/\/e-adams.pl\/de\/wp-json\/wp\/v2\/types\/product"}],"replies":[{"embeddable":true,"href":"https:\/\/e-adams.pl\/de\/wp-json\/wp\/v2\/comments?post=14380"}],"wp:featuredmedia":[{"embeddable":true,"href":"https:\/\/e-adams.pl\/de\/wp-json\/wp\/v2\/media\/14391"}],"wp:attachment":[{"href":"https:\/\/e-adams.pl\/de\/wp-json\/wp\/v2\/media?parent=14380"}],"wp:term":[{"taxonomy":"product_cat","embeddable":true,"href":"https:\/\/e-adams.pl\/de\/wp-json\/wp\/v2\/product_cat?post=14380"},{"taxonomy":"product_tag","embeddable":true,"href":"https:\/\/e-adams.pl\/de\/wp-json\/wp\/v2\/product_tag?post=14380"}],"curies":[{"name":"wp","href":"https:\/\/api.w.org\/{rel}","templated":true}]}}