{"id":14381,"date":"2019-01-22T15:21:00","date_gmt":"2019-01-22T14:21:00","guid":{"rendered":"https:\/\/e-adams.pl\/sklep\/atlas-woder-duo-skladnik-ab-32-kg-hydroizolacja\/"},"modified":"2025-06-23T12:54:33","modified_gmt":"2025-06-23T10:54:33","slug":"hydroizolacja-dwuskladnikowa-atlas-woder-duo-ab-32kg","status":"publish","type":"product","link":"https:\/\/e-adams.pl\/de\/produkt\/hydroizolacja-dwuskladnikowa-atlas-woder-duo-ab-32kg\/","title":{"rendered":"Hydroizolacja dwusk\u0142adnikowa ATLAS WODER DUO A+B &#8211; 32kg"},"content":{"rendered":"<h3>OPIS:<\/h3>\n<p>Hydroizolacja dwusk\u0142adnikowa ATLAS WODER DUO idealny pod p\u0142ytki na tarasach, balkonach, a tak\u017ce w \u0142azienkach i kuchniach, do basen\u00f3w i zbiornik\u00f3w wody u\u017cytkowej, p.po\u017c. Tworzy hydroizolacj\u0119 przeciwwilgociow\u0105 i przeciwwodn\u0105 \u2013 izolacj\u0119 typu lekkiego, \u015bredniego lub ci\u0119\u017ckiego (w zale\u017cno\u015bci od grubo\u015bci na\u0142o\u017conej warstwy). Odporny na negatywne parcie wody.<\/p>\n<p>&nbsp;<\/p>\n<p>&#8211; maksymalna grubo\u015b\u0107 jednej warstwy: 2 mm<br \/>\n&#8211; rzeczywista przyczepno\u015b\u0107 do pod\u0142o\u017ca betonowego: \u2265 1,03 MPa<br \/>\n&#8211; czas gotowo\u015bci do pracy po wymieszaniu sk\u0142adnik\u00f3w: ok. 1 godziny<br \/>\n&#8211; klejenie ok\u0142adzin: po ok. 12 godzinach<\/p>\n<h3>W\u0141A\u015aCIWO\u015aCI<\/h3>\n<p style=\"text-align: justify;\">&#8211; ATLAS WODER DUO jest dwusk\u0142adnikow\u0105 kompozycj\u0105, uzyskiwan\u0105 przez wymieszanie w proporcji wagowej 3 : 1 sk\u0142adnika A (sucha mieszanka barwy szarej, zawieraj\u0105ca cement, wype\u0142niacze i dodatki modyfikuj\u0105ce) i sk\u0142adnika B (bia\u0142a emulsja, zawieraj\u0105ca \u017cywice syntetyczne i dodatki modyfikuj\u0105ce).<br \/>\n&#8211; Wodoszczelno\u015b\u0107 \u2013 minimum 0,7 MPa (odpowiada to parciu 70 m s\u0142upa wody) przy warstwie o grubo\u015bci 2,5 mm. Gwarantuje to ca\u0142kowite zabezpieczenie pod\u0142o\u017ca przed oddzia\u0142ywaniem wody pod ci\u015bnieniem.<br \/>\n&#8211; Odporno\u015b\u0107 ma negatywne parcie wody (gdy ci\u015bnienie dzia\u0142a od strony przeciwnej do nanoszonej pow\u0142oki) &#8211; minimum 0,5 MPa.<br \/>\n&#8211; Wysoka przyczepno\u015b\u0107 do pod\u0142o\u017ca \u2013 dla pod\u0142o\u017ca z betonu min. 1,03 MPa (normowo wymagana to 0,5 MPa); dla pod\u0142o\u017ca z ceg\u0142y ceramicznej pe\u0142nej min 0,7 MPa.<br \/>\n&#8211; Szybkie wi\u0105zanie \u2013 mo\u017cliwo\u015b\u0107 nak\u0142adania kolejnej warstwy po 3 godzinach, a wykonywanie ok\u0142adzin ceramicznych ju\u017c po 12 godzinach.<br \/>\n&#8211; Wysoka paroprzepuszczalno\u015b\u0107 \u2013 wsp\u00f3\u0142czynnik dyfuzji pary wodnej \u00b5 \u2264 1700, co pozwala na zastosowanie na wilgotnym pod\u0142o\u017cu.<br \/>\n&#8211; Odporno\u015b\u0107 chemiczna \u2013zwi\u0105zana zaprawa jest odporna na komunalne \u015bcieki, gnojowic\u0119 jak r\u00f3wnie\u017c agresywne wody gruntowe \u2013 \u015brodowisko klasy XA2.<br \/>\n&#8211; Wysoka elastyczno\u015b\u0107 \u2013 dzi\u0119ki wysokiej zawarto\u015bci polimer\u00f3w, specjalnie dobranemu stosowi nasypowemu drobnych wype\u0142niaczy oraz dodatkowemu zbrojeniu strukturalnemu przy u\u017cyciu mikrow\u0142\u00f3kien, zaprawa mostkuje rysy o szeroko\u015bci 1 mm.<br \/>\n&#8211; Du\u017ca odporno\u015b\u0107 mechaniczna \u2013 dzi\u0119ki zastosowaniu w\u0142\u00f3kien zbroj\u0105cych oraz dedykowanych \u017cywic polimerowych zaprawa posiada podwy\u017cszon\u0105 odporno\u015b\u0107 na uszkodzenia mechaniczne oraz uderzenia udarowe. Pow\u0142oka jest odporna na tymczasowe, bezpo\u015brednie obci\u0105\u017cenie lekkim ruchem pieszym.<br \/>\n&#8211; Mrozoodporno\u015b\u0107 \u2013 dzia\u0142anie mrozu nie powoduje obni\u017cenia wodoszczelno\u015bci pow\u0142oki.<br \/>\n&#8211; Ochrona powierzchni betonu zbrojonego (\u017celbet) \u2013 pow\u0142oka o grubo\u015bci 2 mm stanowi skuteczne zabezpieczenie powierzchni betonowej przed karbonatyzacj\u0105 i zwi\u0105zan\u0105 z tym korozj\u0105 stali zbrojeniowej. Warto\u015b\u0107 wsp\u00f3\u0142czynnika Sd okre\u015blanego dla dwutlenku w\u0119gla wynosi nie mniej ni\u017c 70 m.<br \/>\n&#8211; Polecany na stare, zawilgocone budynki \u2013 paroprzepuszczalno\u015b\u0107 w po\u0142\u0105czeniu z wodoszczelno\u015bci\u0105 sprawia, \u017ce zaprawa nadaje si\u0119 doskonale do izolacji przegr\u00f3d budowlanych obiekt\u00f3w zabytkowych.<br \/>\n&#8211; Odporny na promieniowane UV i starzenie.<br \/>\n&#8211; Atest Higieniczny PZH na kontakt z wod\u0105 pitn\u0105 \u2013 pozwala, w spos\u00f3b bezpieczny dla zdrowia, uszczelni\u0107 zbiornik na wod\u0119 przeznaczon\u0105 do spo\u017cycia przez ludzi.<br \/>\n&#8211; Niska emisja LZO \u2013 materia\u0142 bezpieczny dla u\u017cytkownika, nie emituje szkodliwych dla zdrowia substancji.<\/p>\n<p>&nbsp;<\/p>\n","protected":false},"excerpt":{"rendered":"<p>Hydroizolacja dwusk\u0142adnikowa ATLAS WODER DUO idealny pod p\u0142ytki na tarasach, balkonach, a tak\u017ce w \u0142azienkach i kuchniach, do basen\u00f3w i zbiornik\u00f3w wody u\u017cytkowej, p.po\u017c. Tworzy hydroizolacj\u0119 przeciwwilgociow\u0105 i przeciwwodn\u0105 \u2013 izolacj\u0119 typu lekkiego, \u015bredniego lub ci\u0119\u017ckiego (w zale\u017cno\u015bci od grubo\u015bci na\u0142o\u017conej warstwy). Odporny na negatywne parcie wody.<\/p>\n","protected":false},"featured_media":14394,"comment_status":"open","ping_status":"closed","template":"","meta":{"_acf_changed":false,"inline_featured_image":false},"product_cat":[1472],"product_tag":[265,1089],"class_list":{"0":"post-14381","1":"product","2":"type-product","3":"status-publish","4":"has-post-thumbnail","6":"product_cat-masy-uszczelniajace","7":"product_tag-atlas","8":"product_tag-hydroizolacja","10":"first","11":"outofstock","12":"shipping-taxable","13":"product-type-simple"},"acf":[],"_links":{"self":[{"href":"https:\/\/e-adams.pl\/de\/wp-json\/wp\/v2\/product\/14381","targetHints":{"allow":["GET"]}}],"collection":[{"href":"https:\/\/e-adams.pl\/de\/wp-json\/wp\/v2\/product"}],"about":[{"href":"https:\/\/e-adams.pl\/de\/wp-json\/wp\/v2\/types\/product"}],"replies":[{"embeddable":true,"href":"https:\/\/e-adams.pl\/de\/wp-json\/wp\/v2\/comments?post=14381"}],"wp:featuredmedia":[{"embeddable":true,"href":"https:\/\/e-adams.pl\/de\/wp-json\/wp\/v2\/media\/14394"}],"wp:attachment":[{"href":"https:\/\/e-adams.pl\/de\/wp-json\/wp\/v2\/media?parent=14381"}],"wp:term":[{"taxonomy":"product_cat","embeddable":true,"href":"https:\/\/e-adams.pl\/de\/wp-json\/wp\/v2\/product_cat?post=14381"},{"taxonomy":"product_tag","embeddable":true,"href":"https:\/\/e-adams.pl\/de\/wp-json\/wp\/v2\/product_tag?post=14381"}],"curies":[{"name":"wp","href":"https:\/\/api.w.org\/{rel}","templated":true}]}}