{"id":14420,"date":"2019-01-23T10:10:46","date_gmt":"2019-01-23T09:10:46","guid":{"rendered":"https:\/\/e-adams.pl\/sklep\/piana-pistoletowa-ts62-ceresit\/"},"modified":"2023-08-18T09:15:05","modified_gmt":"2023-08-18T07:15:05","slug":"piana-pistoletowa-ceresit-ts62-750ml","status":"publish","type":"product","link":"https:\/\/e-adams.pl\/de\/produkt\/piana-pistoletowa-ceresit-ts62-750ml\/","title":{"rendered":"Piana pistoletowa CERESIT TS62 &#8211; 750ml"},"content":{"rendered":"<h3>Piana pistoletowa CERESIT TS62 &#8211; 750ml<\/h3>\n<p><strong>Jednosk\u0142adnikowa, niskopr\u0119\u017cna pianka poliuretanowa o du\u017cej stabilno\u015bci formy do szybkiego montowania o\u015bcie\u017cnic oraz do wype\u0142niania ubytk\u00f3w, uzupe\u0142niania izolacji termicznej i akustycznej<\/strong><\/p>\n<p><img loading=\"lazy\" decoding=\"async\" class=\"aligncenter size-full wp-image-14439\" src=\"https:\/\/e-adams.pl\/wp-content\/uploads\/2019\/01\/piana-pistoletowa-ceresit-ts62.jpg\" alt=\"piana pistoletowa \u017bary, ceresit ts62, Pianka poliuretanowa \u017bary, izolacja piank\u0105 \u017bary\" width=\"400\" height=\"400\" title=\"\"><\/p>\n<p style=\"text-align: justify;\">Piana Ceresit TS 62 s\u0142u\u017cy do osadzania i uszczelniania o\u015bcie\u017cnic drzwiowych, okiennych, skrzynek roletowych, szafek instalacyjnych, parapet\u00f3w itp. Mo\u017cna jej u\u017cywa\u0107 tak\u017ce do wykonywania izolacji termicznej i akustycznej, do wype\u0142niania przepust\u00f3w, po\u0142\u0105cze\u0144 element\u00f3w oraz do uzupe\u0142niania ubytk\u00f3w w miejscach rozku\u0107 po osadzeniu rur, przewod\u00f3w itp. TS 62 nadaje si\u0119 do wype\u0142niania szczelin pomi\u0119dzy p\u0142ytami izolacji termicznej przy ocieplaniu budynk\u00f3w metod\u0105 lekk\u0105-mokr\u0105. Pianka ma znakomit\u0105 przyczepno\u015b\u0107 do beton\u00f3w, mur\u00f3w, tynk\u00f3w, metali, drewna, styropianu, papieru, pow\u0142ok malarskich i tworzyw sztucznych (z wyj\u0105tkiem polietylenu, teflonu, silikonu).<\/p>\n<h3>W\u0141A\u015aCIWO\u015aCI<\/h3>\n<p>&#8211; stabilna wymiarowo<br \/>\n&#8211; niskopr\u0119\u017cna<br \/>\n&#8211; dok\u0142adne dozowanie<br \/>\n&#8211; bardzo dobra izolacyjno\u015b\u0107<br \/>\n&#8211; do wn\u0119trz i na zewn\u0105trz<br \/>\n&#8211; nieszkodliwa dla ozonosfery<\/p>\n","protected":false},"excerpt":{"rendered":"<h3 style=\"color: #0099cc;\">Sprawd\u017a cen\u0119 i aktualny stan w sklepie<br \/>\n<strong>Kontakt:<\/strong> <a href=\"mailto:info@e-adams.pl\"><u><b>info@e-adams.pl<\/b><\/u><\/a><\/h3>\n","protected":false},"featured_media":14439,"comment_status":"open","ping_status":"closed","template":"","meta":{"_acf_changed":false,"inline_featured_image":false},"product_cat":[286],"product_tag":[158,950,1090],"class_list":{"0":"post-14420","1":"product","2":"type-product","3":"status-publish","4":"has-post-thumbnail","6":"product_cat-piany-i-pianokleje","7":"product_tag-ceresit","8":"product_tag-materialy-budowlane","9":"product_tag-pianka-pistoletowa","11":"first","12":"onbackorder","13":"shipping-taxable","14":"product-type-simple"},"acf":[],"_links":{"self":[{"href":"https:\/\/e-adams.pl\/de\/wp-json\/wp\/v2\/product\/14420","targetHints":{"allow":["GET"]}}],"collection":[{"href":"https:\/\/e-adams.pl\/de\/wp-json\/wp\/v2\/product"}],"about":[{"href":"https:\/\/e-adams.pl\/de\/wp-json\/wp\/v2\/types\/product"}],"replies":[{"embeddable":true,"href":"https:\/\/e-adams.pl\/de\/wp-json\/wp\/v2\/comments?post=14420"}],"wp:featuredmedia":[{"embeddable":true,"href":"https:\/\/e-adams.pl\/de\/wp-json\/wp\/v2\/media\/14439"}],"wp:attachment":[{"href":"https:\/\/e-adams.pl\/de\/wp-json\/wp\/v2\/media?parent=14420"}],"wp:term":[{"taxonomy":"product_cat","embeddable":true,"href":"https:\/\/e-adams.pl\/de\/wp-json\/wp\/v2\/product_cat?post=14420"},{"taxonomy":"product_tag","embeddable":true,"href":"https:\/\/e-adams.pl\/de\/wp-json\/wp\/v2\/product_tag?post=14420"}],"curies":[{"name":"wp","href":"https:\/\/api.w.org\/{rel}","templated":true}]}}