{"id":14421,"date":"2019-01-23T10:10:52","date_gmt":"2019-01-23T09:10:52","guid":{"rendered":"https:\/\/e-adams.pl\/sklep\/klej-do-styropianu-ct84-express-850-ml-ceresit\/"},"modified":"2023-08-30T08:06:03","modified_gmt":"2023-08-30T06:06:03","slug":"klej-do-styropianu-ceresit-ct84-express-850ml","status":"publish","type":"product","link":"https:\/\/e-adams.pl\/de\/produkt\/klej-do-styropianu-ceresit-ct84-express-850ml\/","title":{"rendered":"Klej do styropianu CERESIT CT84 EXPRESS &#8211; 850ml"},"content":{"rendered":"<h3>Klej do styropianu CERESIT CT84 EXPRESS &#8211; 850 ml<\/h3>\n<p><strong>Jednosk\u0142adnikowy, niskopr\u0119\u017cny klej poliuretanowy do mocowania p\u0142yt styropianowych przy ocieplaniu budynk\u00f3w w systemach ETICS oraz do mocowania r\u00f3\u017cnego rodzaju p\u0142yt izolacyjnych<\/strong><\/p>\n<p><img loading=\"lazy\" decoding=\"async\" class=\"aligncenter size-full wp-image-14445\" src=\"https:\/\/e-adams.pl\/wp-content\/uploads\/2019\/01\/klej-do-styropianu-ceresit-ct84-express-850-ml.jpg\" alt=\"klej do styropianu \u017bary, ceresit ct84 express 850ml, Klej poliuretanowy do styropianu \u017bary, klej do p\u0142yt izolacyjnych \u017bary, ocieplanie budynku klej\" width=\"400\" height=\"400\" title=\"\"><\/p>\n<p style=\"text-align: justify;\">Klej poliuretanowy Ceresit CT 84 s\u0142u\u017cy do mocowania p\u0142yt styropianowych w z\u0142o\u017conych systemach Ceresit Ceretherm ocieplania \u015bcian zewn\u0119trznych budynk\u00f3w (ETICS). Stosowany jest do mocowania p\u0142yt styropianowych przy ocieplaniu budynk\u00f3w nowo wznoszonych, jak i poddawanych termorenowacji. Po ok. 2 godz. od zastosowania zamocowane p\u0142yty styropianowe mo\u017cna szlifowa\u0107, ko\u0142kowa\u0107, a nast\u0119pnie wykona\u0107 warstw\u0119 zbrojon\u0105 siatk\u0105 przy u\u017cyciu zaprawy Ceresit CT 85, CT 87 lub ZU. Klej poliuretanowy Ceresit CT 84 s\u0142u\u017cy r\u00f3wnie\u017c do mocowania takich materia\u0142\u00f3w jak: styropian EPS i XPS do pod\u0142o\u017cy takich jak: drewno, p\u0142yta OSB, szk\u0142o, bitumy, ceg\u0142a ceramiczna, beton, blacha powlekana i ocynkowana, beton kom\u00f3rkowy suchy i po dzia\u0142aniu wody, p\u0142yta gipsowo-kartonowa oraz do warstwowego sklejania p\u0142yt styropianowych w warunkach normalnych i obni\u017conych temperatur, tak\u017ce w systemach ocieple\u0144. S\u0142u\u017cy tak\u017ce do sklejania p\u0142yt styropianowych, klejenia parapet\u00f3w zewn\u0119trznych (po uprzednim odt\u0142uszczeniu powierzchni), uzupe\u0142nienia szczelin mi\u0119dzy p\u0142ytami styropianowymi, podbudowy (uzupe\u0142nienie kleju) w przypadku klawiszowania p\u0142yt w istniej\u0105cym ociepleniu oraz przyklejania p\u0142yt styropianowych w przypadku renowacji istniej\u0105cego systemu ocieple\u0144 \u201eocieplenie na ocieplenie\u201d.<\/p>\n<h3>W\u0141A\u015aCIWO\u015aCI<\/h3>\n<p>-wydajno\u015b\u0107: 10 m2 \u2013 100% wi\u0119ksza od tradycyjnych klej\u00f3w cementowych<br \/>\n-15% wy\u017csza si\u0142a klejenia od tradycyjnych klej\u00f3w cementowych<br \/>\n-niskopr\u0119\u017cna<br \/>\n-ko\u0142kowanie ju\u017c po 2 h \u2013 znacz\u0105ce przyspieszenie prac ociepleniowych, a przy zastosowaniu CT 84 i ca\u0142ego systemu Ceresit Ceretherm Express prace ociepleniowe do 5 dni kr\u00f3tsze<br \/>\n-praca od 0\u00b0C i przy wysokiej wilgotno\u015bci<br \/>\n\u2013 szczeg\u00f3lnie polecany w okresach ni\u017cszej temperatury, gdy wysychanie klej\u00f3w cementowych jest znacz\u0105co spowolnione<br \/>\n-idealny do stosowania w przypadku \u201eocieplenia na ocieplenie\u201d \u2013 przyklejenie 1 m2 styropianu klejem CT 84 wa\u017cy 100g zamiast 5 kg w przypadku kleju cementowego<br \/>\n-zwi\u0119kszone w\u0142a\u015bciwo\u015bci termoizolacyjne \u2013 CT 84 w odr\u00f3\u017cnieniu od tradycyjnych klej\u00f3w cementowych ma w\u0142a\u015bciwo\u015bci termoizolacyjne zbli\u017cone do materia\u0142\u00f3w izolacyjnych takich jak styropian czy we\u0142na<br \/>\n-Wysoka jednorodno\u015b\u0107 kleju dzi\u0119ki zastosowaniu metalowej kulki zabezpieczaj\u0105cej przed powstaniem zbyt du\u017cych p\u0119cherzy powietrza<\/p>\n","protected":false},"excerpt":{"rendered":"<h3 style=\"color: #0099cc;\">Sprawd\u017a cen\u0119 i aktualny stan w sklepie<br \/>\n<strong>Kontakt:<\/strong> <a href=\"mailto:info@e-adams.pl\"><u><b>info@e-adams.pl<\/b><\/u><\/a><\/h3>\n","protected":false},"featured_media":14445,"comment_status":"open","ping_status":"closed","template":"","meta":{"_acf_changed":false,"inline_featured_image":false},"product_cat":[286],"product_tag":[158,764,950],"class_list":{"0":"post-14421","1":"product","2":"type-product","3":"status-publish","4":"has-post-thumbnail","6":"product_cat-piany-i-pianokleje","7":"product_tag-ceresit","8":"product_tag-klej","9":"product_tag-materialy-budowlane","11":"first","12":"onbackorder","13":"shipping-taxable","14":"product-type-simple"},"acf":[],"_links":{"self":[{"href":"https:\/\/e-adams.pl\/de\/wp-json\/wp\/v2\/product\/14421","targetHints":{"allow":["GET"]}}],"collection":[{"href":"https:\/\/e-adams.pl\/de\/wp-json\/wp\/v2\/product"}],"about":[{"href":"https:\/\/e-adams.pl\/de\/wp-json\/wp\/v2\/types\/product"}],"replies":[{"embeddable":true,"href":"https:\/\/e-adams.pl\/de\/wp-json\/wp\/v2\/comments?post=14421"}],"wp:featuredmedia":[{"embeddable":true,"href":"https:\/\/e-adams.pl\/de\/wp-json\/wp\/v2\/media\/14445"}],"wp:attachment":[{"href":"https:\/\/e-adams.pl\/de\/wp-json\/wp\/v2\/media?parent=14421"}],"wp:term":[{"taxonomy":"product_cat","embeddable":true,"href":"https:\/\/e-adams.pl\/de\/wp-json\/wp\/v2\/product_cat?post=14421"},{"taxonomy":"product_tag","embeddable":true,"href":"https:\/\/e-adams.pl\/de\/wp-json\/wp\/v2\/product_tag?post=14421"}],"curies":[{"name":"wp","href":"https:\/\/api.w.org\/{rel}","templated":true}]}}