{"id":14422,"date":"2019-01-23T10:10:58","date_gmt":"2019-01-23T09:10:58","guid":{"rendered":"https:\/\/e-adams.pl\/sklep\/klej-uniwersalny-pu-850ml-cx10\/"},"modified":"2023-08-30T08:06:23","modified_gmt":"2023-08-30T06:06:23","slug":"klej-uniwersalny-pu-ceresit-cx10-850ml","status":"publish","type":"product","link":"https:\/\/e-adams.pl\/de\/produkt\/klej-uniwersalny-pu-ceresit-cx10-850ml\/","title":{"rendered":"Klej uniwersalny PU CERESIT CX10 &#8211; 850ml"},"content":{"rendered":"<h3>Klej uniwersalny PU CERESIT CX10 &#8211; 850ml<\/h3>\n<p><strong>Gotowy do u\u017cycia, szybkoschn\u0105cy klej poliuretanowy o doskona\u0142ej przyczepno\u015bci do typowych pod\u0142o\u017cy budowlanych<\/strong><\/p>\n<p><img loading=\"lazy\" decoding=\"async\" class=\"aligncenter size-full wp-image-14448\" src=\"https:\/\/e-adams.pl\/wp-content\/uploads\/2019\/01\/klej-uniwersalny-pu-ceresit-cx10-850ml.jpg\" alt=\"klej uniwersalny \u017bary, Klej pu ceresit cx10 850ml, klej poliuretanowy \u017bary, Budowlanka \u017bary, Gotowe kleje uniwersalne \u017bary\" width=\"400\" height=\"400\" title=\"\"><\/p>\n<p style=\"text-align: justify;\">Uniwersalny klej poliuretanowy Ceresit CX 10 z powodzeniem umo\u017cliwia mocowanie i klejenie takich materia\u0142\u00f3w jak bloczki z betonu kom\u00f3rkowego, drewno, p\u0142yty OSB, p\u0142yty g-k, elementy styropianowe, pow\u0142oki bitumiczne, szk\u0142o, blacha ocynkowana, blacha powlekana pow\u0142ok\u0105 poliestrow\u0105 i inne. CX 10 z powodzeniem zast\u0119puje tradycyjne cementowe zaprawy murarskie przy wykonywaniu \u015bcianek dzia\u0142owych. Nie wymaga u\u017cycia pr\u0105du, wody oraz specjalistycznego sprz\u0119tu. Posiada przy tym znacznie lepsze w\u0142a\u015bciwo\u015bci termoizolacyjne od tradycyjnych zapraw cementowych. Klej jest gotowy do u\u017cycia bezpo\u015brednio po wstrz\u0105\u015bni\u0119ciu zawarto\u015bci puszki. Ceresit CX 10 zapewnia precyzyjne i mocne po\u0142\u0105czenie ju\u017c po 2 godzinach. Gwarantuje prowadzenie prac przy temperaturze od +5\u00b0C oraz przy wysokiej wilgotno\u015bci powietrza. Ceresit CX 10 mo\u017ce by\u0107 stosowany wewn\u0105trz i na zewn\u0105trz pomieszcze\u0144, zar\u00f3wno na powierzchnie poziome jak i pionowe.<\/p>\n<h3>W\u0141A\u015aCIWO\u015aCI<\/h3>\n<p>&#8211; zast\u0119puje tradycyjne kleje i cementowe zaprawy murarskie<br \/>\n&#8211; gotowy do u\u017cycia<br \/>\n&#8211; nie wymaga u\u017cycia sprz\u0119tu elektrycznego, wody oraz specjalistycznych urz\u0105dze\u0144<br \/>\n&#8211; wysoce wydajny (do 12 m2)<br \/>\n&#8211; do wn\u0119trz i na zewn\u0105trz<br \/>\n&#8211; zwi\u0119kszone w\u0142a\u015bciwo\u015bci termoizolacyjne<br \/>\n&#8211; wysoka przyczepno\u015b\u0107 i si\u0142a wi\u0105zania<br \/>\n&#8211; zapewnia precyzyjne i mocne po\u0142\u0105czenie ju\u017c po 2 godzinach<br \/>\n<img decoding=\"async\" class=\"aligncenter\" src=\"https:\/\/www.alebuduj.pl\/aukcje\/ceresit\/cx10\/wlasciwosci.jpg\" alt=\"\" title=\"\"><\/p>\n","protected":false},"excerpt":{"rendered":"<h3 style=\"color: #0099cc;\">Sprawd\u017a cen\u0119 i aktualny stan w sklepie<br \/>\n<strong>Kontakt:<\/strong> <a href=\"mailto:info@e-adams.pl\"><u><b>info@e-adams.pl<\/b><\/u><\/a><\/h3>\n","protected":false},"featured_media":14448,"comment_status":"open","ping_status":"closed","template":"","meta":{"_acf_changed":false,"inline_featured_image":false},"product_cat":[286],"product_tag":[158,764,950],"class_list":{"0":"post-14422","1":"product","2":"type-product","3":"status-publish","4":"has-post-thumbnail","6":"product_cat-piany-i-pianokleje","7":"product_tag-ceresit","8":"product_tag-klej","9":"product_tag-materialy-budowlane","11":"first","12":"onbackorder","13":"shipping-taxable","14":"product-type-simple"},"acf":[],"_links":{"self":[{"href":"https:\/\/e-adams.pl\/de\/wp-json\/wp\/v2\/product\/14422","targetHints":{"allow":["GET"]}}],"collection":[{"href":"https:\/\/e-adams.pl\/de\/wp-json\/wp\/v2\/product"}],"about":[{"href":"https:\/\/e-adams.pl\/de\/wp-json\/wp\/v2\/types\/product"}],"replies":[{"embeddable":true,"href":"https:\/\/e-adams.pl\/de\/wp-json\/wp\/v2\/comments?post=14422"}],"wp:featuredmedia":[{"embeddable":true,"href":"https:\/\/e-adams.pl\/de\/wp-json\/wp\/v2\/media\/14448"}],"wp:attachment":[{"href":"https:\/\/e-adams.pl\/de\/wp-json\/wp\/v2\/media?parent=14422"}],"wp:term":[{"taxonomy":"product_cat","embeddable":true,"href":"https:\/\/e-adams.pl\/de\/wp-json\/wp\/v2\/product_cat?post=14422"},{"taxonomy":"product_tag","embeddable":true,"href":"https:\/\/e-adams.pl\/de\/wp-json\/wp\/v2\/product_tag?post=14422"}],"curies":[{"name":"wp","href":"https:\/\/api.w.org\/{rel}","templated":true}]}}