{"id":14423,"date":"2019-01-23T10:11:00","date_gmt":"2019-01-23T09:11:00","guid":{"rendered":"https:\/\/e-adams.pl\/sklep\/piana-montazowa-whiteteq-pistoletowa-750ml-ceresit\/"},"modified":"2023-08-18T08:18:23","modified_gmt":"2023-08-18T06:18:23","slug":"piana-pistoletowa-ceresit-whiteteq-750ml","status":"publish","type":"product","link":"https:\/\/e-adams.pl\/de\/produkt\/piana-pistoletowa-ceresit-whiteteq-750ml\/","title":{"rendered":"Piana pistoletowa CERESIT WHITETEQ QUATTRO &#8211; 750ml"},"content":{"rendered":"<h3>Piana pistoletowa CERESIT WHITETEQ &#8211; 750ml<\/h3>\n<p><strong>Bia\u0142a piana monta\u017cowa poliuretanowa o wyj\u0105tkowych parametrach roboczych<\/strong><\/p>\n<p><img loading=\"lazy\" decoding=\"async\" class=\"aligncenter size-full wp-image-14442\" src=\"https:\/\/e-adams.pl\/wp-content\/uploads\/2019\/01\/piana-pistoletowa-ceresit-whiteteq.jpg\" alt=\"piana pistoletowa \u017bary, Pianka monta\u017cowa \u017bary, ceresit white teq QUATTRO \u017bary\" width=\"400\" height=\"400\" title=\"\"><\/p>\n<p style=\"text-align: justify;\">Ceresit WHITETEQ QUATTRO posiada 4x wi\u0119cej kom\u00f3rek na cm3, co zapewnia bardziej zwart\u0105 struktur\u0119 oraz najlepsz\u0105 izolacj\u0119. Puste przestrzenie w strukturze zwyk\u0142ej piany PU znacznie zmniejszaj\u0105 jej w\u0142a\u015bciwo\u015bci termoizolacyjne i d\u017awi\u0119koszczelne. Dzi\u0119ki ni\u017cszej pr\u0119\u017cno\u015bci piany Ceresit WHITETEQ QUATTRO, ryzyko uszkodzenia element\u00f3w s\u0105siednich zmniejsza si\u0119 do absolutnego minimum. Wysokie ci\u015bnienie przy utwardzaniu zwyk\u0142ych pian PU jest cz\u0119sto przyczyn\u0105 deformacji ram okiennych i o\u015bcie\u017cnic drzwiowych. Ceresit WHITETEQ QUATTRO jest produktem specjalnie opracowanym w celu zabezpieczenia przed ha\u0142asem (do 63 dB). Lepsza d\u017awi\u0119koszczelno\u015b\u0107 gwarantuje komfortowe warunki, nawet w miejscach mocno obci\u0105\u017conych ha\u0142asem. Jednorodna struktura piany Ceresit WHITETEQ QUATTRO w doskona\u0142y spos\u00f3b ogranicza tak\u017ce utrat\u0119 energii cieplnej. W\u0142a\u015bciwo\u015bci izolacyjne piany WHITETEQ QUATTRO s\u0105 du\u017co lepsze w por\u00f3wnaniu ze standardowymi pianami PU.<\/p>\n<h3>W\u0141A\u015aCIWO\u015aCI<\/h3>\n<p>&#8211; 4x bardziej zwarta struktura zwi\u0119ksza w\u0142a\u015bciwo\u015bci termoizaolacyjne i d\u017awi\u0119koszczelne<br \/>\n&#8211; optymalna niskopr\u0119\u017cno\u015b\u0107 zabezpiecza przed wypaczaniem profili<br \/>\n&#8211; ultra d\u017awi\u0119koszczelno\u015b\u0107 \u2013 do 63 dB<br \/>\n&#8211; doskona\u0142a izolacyjno\u015b\u0107 termiczna<br \/>\n&#8211; wysoka elastyczno\u015b\u0107<br \/>\n&#8211; 4x wi\u0119ksza odporno\u015b\u0107 na dzia\u0142anie UV<br \/>\n&#8211; \u015bnie\u017cnobia\u0142y kolor<\/p>\n","protected":false},"excerpt":{"rendered":"<h3 style=\"color: #0099cc;\">Sprawd\u017a cen\u0119 i aktualny stan w sklepie<br \/>\n<strong>Kontakt:<\/strong> <a href=\"mailto:info@e-adams.pl\"><u><b>info@e-adams.pl<\/b><\/u><\/a><\/h3>\n","protected":false},"featured_media":14442,"comment_status":"open","ping_status":"closed","template":"","meta":{"_acf_changed":false,"inline_featured_image":false},"product_cat":[286],"product_tag":[158,950,1090],"class_list":{"0":"post-14423","1":"product","2":"type-product","3":"status-publish","4":"has-post-thumbnail","6":"product_cat-piany-i-pianokleje","7":"product_tag-ceresit","8":"product_tag-materialy-budowlane","9":"product_tag-pianka-pistoletowa","11":"first","12":"onbackorder","13":"shipping-taxable","14":"product-type-simple"},"acf":[],"_links":{"self":[{"href":"https:\/\/e-adams.pl\/de\/wp-json\/wp\/v2\/product\/14423","targetHints":{"allow":["GET"]}}],"collection":[{"href":"https:\/\/e-adams.pl\/de\/wp-json\/wp\/v2\/product"}],"about":[{"href":"https:\/\/e-adams.pl\/de\/wp-json\/wp\/v2\/types\/product"}],"replies":[{"embeddable":true,"href":"https:\/\/e-adams.pl\/de\/wp-json\/wp\/v2\/comments?post=14423"}],"wp:featuredmedia":[{"embeddable":true,"href":"https:\/\/e-adams.pl\/de\/wp-json\/wp\/v2\/media\/14442"}],"wp:attachment":[{"href":"https:\/\/e-adams.pl\/de\/wp-json\/wp\/v2\/media?parent=14423"}],"wp:term":[{"taxonomy":"product_cat","embeddable":true,"href":"https:\/\/e-adams.pl\/de\/wp-json\/wp\/v2\/product_cat?post=14423"},{"taxonomy":"product_tag","embeddable":true,"href":"https:\/\/e-adams.pl\/de\/wp-json\/wp\/v2\/product_tag?post=14423"}],"curies":[{"name":"wp","href":"https:\/\/api.w.org\/{rel}","templated":true}]}}