{"id":14425,"date":"2019-01-23T10:11:07","date_gmt":"2019-01-23T09:11:07","guid":{"rendered":"https:\/\/e-adams.pl\/sklep\/pianka-gunfoam-2002-750-ml-niskoprezna-pistolet\/"},"modified":"2024-07-15T11:31:11","modified_gmt":"2024-07-15T09:31:11","slug":"piana-pistoletowa-niskorozprezna-den-braven-gunfoam-2002-750ml","status":"publish","type":"product","link":"https:\/\/e-adams.pl\/de\/produkt\/piana-pistoletowa-niskorozprezna-den-braven-gunfoam-2002-750ml\/","title":{"rendered":"Piana pistoletowa niskorozpr\u0119\u017cna DEN BRAVEN GUNFOAM 2002 &#8211; 750ml"},"content":{"rendered":"<h1>Piana pistoletowa niskorozpr\u0119\u017cna DEN BRAVEN GUNFOAM 2002 &#8211; 750ml<\/h1>\n<p>Jednosk\u0142adnikowa, poliuretanowa piana pistoletowa, o obni\u017conym przyro\u015bcie.<\/p>\n<p style=\"text-align: justify;\">Stosowanie: Monta\u017c o\u015bcie\u017cnic okiennych, drzwiowych, bram gara\u017cowych i rolet (do drzwi przeciwpo\u017carowych stosowa\u0107 pian\u0119 ogniochronn\u0105 Den Braven Gun Foam Fire). Wype\u0142nianie z\u0142\u0105czy i szczelin w po\u0142\u0105czeniach mi\u0119dzy elementami przegr\u00f3d budowlanych. Wype\u0142nianie prze\u015bwit\u00f3w i bruzd dla rur i przewod\u00f3w instalacyjnych w \u015bcianach, stropach i dachach. Wype\u0142nianie szczelin wok\u00f3\u0142 komin\u00f3w i okien dachowych. Wype\u0142nianie szczelin mi\u0119dzy p\u0142ytami styropianowymi w systemach docieple\u0144 \u015bcian zewn\u0119trznych. Izolacja cieplna dach\u00f3w i stropodach\u00f3w. Wyg\u0142uszanie, \u0142\u0105czenie i uszczelnianie prefabrykowanych element\u00f3w drewnianych w konstrukcjach szkieletowych. Mocowanie p\u0142yt i paneli dekoracyjnych lub izolacyjnych. Osadzanie prog\u00f3w, schod\u00f3w, parapet\u00f3w.<\/p>\n<h3>W\u0142a\u015bciwo\u015bci i zastosowania:<\/h3>\n<ul>\n<li> Kontrolowany przyrost <\/li>\n<li>  Wysoka precyzja nak\u0142adania<\/li>\n<li>  Kr\u00f3tki czas obr\u00f3bki <\/li>\n<li>  Wysoka wydajno\u015b\u0107 <\/li>\n<li>  Wysoka g\u0119sto\u015b\u0107 (nie \u015bcieka) <\/li>\n<li>  Niska wodoch\u0142onno\u015b\u0107<\/li>\n<li>  Jednolita i regularna struktura <\/li>\n<li>  Wysoka stabilno\u015b\u0107 wymiarowa <\/li>\n<li>  Bardzo dobra izolacja termiczna, akustyczna i przeciwwilgociowa <\/li>\n<li>  Po utwardzeniu chemicznie neutralna, odporna na szeroki zakres temperatur i rozw\u00f3j grzyb\u00f3w oraz ple\u015bni <\/li>\n<li>  Dobrze przyczepna do betonu, tynku, ceramiki budowlanej, drewna, stali, metali i materia\u0142\u00f3w podobnego typu <\/li>\n<li>  Zapewnia stabilno\u015b\u0107 i elastyczno\u015b\u0107 montowanych element\u00f3w <\/li>\n<li>  Nie zawiera (H)CFC, PCB i formaldehydu <\/li>\n<li>  Krajowa Ocena Techniczna ITB-KOT-2017\/0338 <\/li>\n<\/ul>\n","protected":false},"excerpt":{"rendered":"<p>Den Braven Gun Foam 2002 to jednosk\u0142adnikowa, poliuretanowa piana pistoletowa, o obni\u017conym przyro\u015bcie. DEN BRAVEN GUNFOAM 2002 &#8211; 750ml<\/p>\n","protected":false},"featured_media":14451,"comment_status":"open","ping_status":"closed","template":"","meta":{"_acf_changed":false,"inline_featured_image":false},"product_cat":[286],"product_tag":[955,950,1090],"class_list":{"0":"post-14425","1":"product","2":"type-product","3":"status-publish","4":"has-post-thumbnail","6":"product_cat-piany-i-pianokleje","7":"product_tag-den-braven","8":"product_tag-materialy-budowlane","9":"product_tag-pianka-pistoletowa","11":"first","12":"instock","13":"shipping-taxable","14":"purchasable","15":"product-type-simple"},"acf":[],"_links":{"self":[{"href":"https:\/\/e-adams.pl\/de\/wp-json\/wp\/v2\/product\/14425","targetHints":{"allow":["GET"]}}],"collection":[{"href":"https:\/\/e-adams.pl\/de\/wp-json\/wp\/v2\/product"}],"about":[{"href":"https:\/\/e-adams.pl\/de\/wp-json\/wp\/v2\/types\/product"}],"replies":[{"embeddable":true,"href":"https:\/\/e-adams.pl\/de\/wp-json\/wp\/v2\/comments?post=14425"}],"wp:featuredmedia":[{"embeddable":true,"href":"https:\/\/e-adams.pl\/de\/wp-json\/wp\/v2\/media\/14451"}],"wp:attachment":[{"href":"https:\/\/e-adams.pl\/de\/wp-json\/wp\/v2\/media?parent=14425"}],"wp:term":[{"taxonomy":"product_cat","embeddable":true,"href":"https:\/\/e-adams.pl\/de\/wp-json\/wp\/v2\/product_cat?post=14425"},{"taxonomy":"product_tag","embeddable":true,"href":"https:\/\/e-adams.pl\/de\/wp-json\/wp\/v2\/product_tag?post=14425"}],"curies":[{"name":"wp","href":"https:\/\/api.w.org\/{rel}","templated":true}]}}