{"id":14427,"date":"2019-01-23T10:11:11","date_gmt":"2019-01-23T09:11:11","guid":{"rendered":"https:\/\/e-adams.pl\/sklep\/pianka-gunfoam-fire-ognioodporna-750-ml-pistolet-9802\/"},"modified":"2024-07-15T11:31:14","modified_gmt":"2024-07-15T09:31:14","slug":"piana-ogniochronna-pistoletowa-den-braven-gunfoam-fire-750ml","status":"publish","type":"product","link":"https:\/\/e-adams.pl\/de\/produkt\/piana-ogniochronna-pistoletowa-den-braven-gunfoam-fire-750ml\/","title":{"rendered":"Piana ogniochronna pistoletowa DEN BRAVEN GUNFOAM FIRE &#8211; 750ml"},"content":{"rendered":"<h1>Piana pistoletowa DEN BRAVEN GUNFOAM:<\/h1>\n<p>DEN BRAVEN GUNFOAM FIRE &#8211; 750ml to jednosk\u0142adnikowa, poliuretanowa piana pistoletowa, do monta\u017cu, uszczelnie\u0144 i wype\u0142nie\u0144 w systemach biernej ochrony przeciwpo\u017carowej (klasa reakcji na ogie\u0144 B1 wg DIN 4102-1 \/ B-s1,d0 wg PN-EN 13501-1)<\/p>\n<h3>W\u0142a\u015bciwo\u015bci produktu:<\/h3>\n<ul>\n<li> Trudno zapalna <\/li>\n<li> W razie po\u017caru hamuje przep\u0142yw dymu i gaz\u00f3w <\/li>\n<li> Odznacza si\u0119 poprawn\u0105 wydajno\u015bci\u0105 i czasem obr\u00f3bki <\/li>\n<li> Wyr\u00f3\u017cnia si\u0119 wysok\u0105 g\u0119sto\u015bci\u0105, nisk\u0105 wodoch\u0142onno\u015bci\u0105, zwart\u0105, jednolit\u0105 i drobnokom\u00f3rkow\u0105 struktur\u0105 wewn\u0119trzn\u0105 <\/li>\n<li> Wysoka stabilno\u015b\u0107 wymiarowa <\/li>\n<li> Przyczepna do powierzchni pionowych i poziomych (nie \u015bcieka) <\/li>\n<li> Stanowi dobr\u0105 izolacj\u0119 akustyczn\u0105, przeciwwilgociow\u0105 i termiczn\u0105 <\/li>\n<li> Zapewnia elastyczno\u015b\u0107 montowanych element\u00f3w <\/li>\n<li> Aprobata ITB 7849\/2016; Krajowy certyfikat sta\u0142o\u015bci w\u0142a\u015bciwo\u015bci u\u017cytkowych Nr-020-UWB-2355\/W; KDWU 26\/00 z 6.05.2017 <\/li>\n<\/ul>\n<h3>Zastosowanie produktu:<\/h3>\n<p>Wype\u0142nianie szczelin pomi\u0119dzy o\u015bcie\u017cami a o\u015bcie\u017cnicami drzwi i okien drewnianych o klasie odporno\u015bci ogniowej EI2 30 i\/lub EI1 30 wg normy PN-EN 13501-2:2016 (lub ni\u017cszej klasy). Ogniochronne uszczelnianie pionowych, prostych z\u0142\u0105czy liniowych, o r\u00f3wnoleg\u0142ych powierzchniach, usytuowanych pomi\u0119dzy dwoma s\u0105siaduj\u0105cymi elementami w pionowych przegrodach budowlanych, wg normy PN-EN 1366-4+A1:2011. Do stosowania wewn\u0105trz budynk\u00f3w, do wype\u0142niania z\u0142\u0105czy liniowych pomi\u0119dzy elementami wykonanymi z betonu, \u017celbetu lub murowanymi z bloczk\u00f3w z betonu kom\u00f3rkowego, ceg\u0142y silikatowej lub ceramicznej (pe\u0142nej, krat\u00f3wki, dziurawki) na spoinach pe\u0142nych, o g\u0119sto\u015bci co najmniej 600 kg\/m3 i grubo\u015bci 15 cm lub 25 cm (zgodnie z dokumentacj\u0105). Uszczelnione z\u0142\u0105cza liniowe zgodnie z dokumentacj\u0105 za pomoc\u0105 piany Den Braven PUR FOAM FIRE (DBS-9802 PUR) lub Den Braven GUN FOAM FIRE (DBS-9802 NBS), w kombinacji z kitem silikonowym Den Braven SILIKON FIRE (Pyropol), sznurem dylatacyjnym Den Braven PE Round Profile o \u015brednicy \u03c6 15 mm lub \u03c6 40 mm, niepaln\u0105 we\u0142n\u0105 mineraln\u0105, skaln\u0105 o g\u0119sto\u015bci nie mniejszej ni\u017c 160 kg\/m3 zosta\u0142y sklasyfikowane wg PN-EN 13501-2:2016 w klasach odporno\u015bci ogniowej od EI 120 do EI 240 (w zale\u017cno\u015bci od rozwi\u0105zania). Ponadto, w przypadkach, gdy nie jest wymagana odporno\u015b\u0107 ogniowa, pian\u0119 mo\u017cna stosowa\u0107 do uszczelniania przestrzeni pomi\u0119dzy o\u015bcie\u017cnicami i o\u015bcie\u017cami okien i drzwi (drewnianych, stalowych lub z PVC), przy czym nie zast\u0119puj\u0105 one mechanicznego mocowania do przegrody budynku. <\/p>\n<h3>Dane techniczne:<\/h3>\n<p>Baza: Polyurethane<br \/>\nCa\u0142kowita wydajno\u015b\u0107 piany: EN 17333-1 750 ml = 40-45 liter<br \/>\nCzas obr\u00f3bki: EN 17333-3 20-40 minutes<br \/>\nCzas utwardzania: 80-100 minutes<br \/>\nG\u0119sto\u015b\u0107: 15-20 kg\/m3<br \/>\nKlasa reakcji na ogie\u0144: B1<br \/>\nOdporno\u015b\u0107 na dotyk: EN 17333-3 11-12 minutes<br \/>\nOdporno\u015b\u0107 termiczna: -40\u00b0C to +90\u00b0C<br \/>\nPrzewodno\u015b\u0107 termiczna: 30-35 mW\/m.K<br \/>\nTemperatura aplikacji: +5\u00b0C to +35\u00b0C<br \/>\nZamkni\u0119te kom\u00f3rki: \u00b1 70%<\/p>\n<h3>Spos\u00f3b u\u017cycia:<\/h3>\n<p>Temperatura butli w czasie pracy od + 5\u00b0C do + 30\u00b0C (optymalnie od + 15\u00b0C do + 25\u00b0C). Bezpo\u015brednio przed u\u017cyciem butl\u0119 energicznie wstrz\u0105sn\u0105\u0107 kilkana\u015bcie razy, by wymiesza\u0107 zawarto\u015b\u0107. Je\u017celi przerwa w aplikacji trwa\u0142a ponad 3 minuty, przed dalszym u\u017cyciem ponownie wstrz\u0105sn\u0105\u0107. Przed nakr\u0119ceniem butli na<br \/>\npistolet, w celu \u0142atwiejszego demonta\u017cu, nasmarowa\u0107 gwint w gnie\u017adzie pistoletu wazelin\u0105 lub spryska\u0107 za pomoc\u0105 \u015brodka Den Braven Smar teflonowy PTFE lub Den Braven Spray do uszczelek i zawias\u00f3w. Nakr\u0119ci\u0107 butl\u0119 na pistolet. Nacisn\u0105\u0107 kilka razy cyngiel, a\u017c wyr\u00f3wna si\u0119 ci\u015bnienie i strumie\u0144 piany. Ramy okienne, drzwiowe, cienkie profile zabezpieczy\u0107 przed deformacj\u0105 przy pomocy rozp\u00f3rek, a parapety doci\u0105\u017cy\u0107 na czas aplikacji i schni\u0119cia piany. Dla optymalnej struktury piany, skr\u00f3cenia czasu schni\u0119cia oraz zwi\u0119kszenia przyczepno\u015bci, szczeliny przeznaczone do wype\u0142nienia pian\u0105 zrosi\u0107 wod\u0105 za pomoc\u0105 rozpylacza (nie dotyczy pracy, gdy temperatura < 0\u00b0C). W czasie pracy pistolet z butl\u0105 trzyma\u0107 w pozycji pionowej. Szczeliny wype\u0142nia\u0107 w ok. 60-70% (70-80% w przypadku wi\u0119kszych szczelin). Po zako\u0144czeniu pracy pistolet wyczy\u015bci\u0107 za pomoc\u0105 czy\u015bcika do piany Den Braven Universal PU-Cleaner. Po utwardzeniu odci\u0105\u0107 nadmiar piany. Po ca\u0142kowitym wyschni\u0119ciu powierzchni\u0119 piany zabezpieczy\u0107 przed UV za pomoc\u0105 maskownic, kit\u00f3w uszczelniaj\u0105cych, tynku, g\u0142adzi, zapraw itp. Maksymalna szeroko\u015b\u0107 szczeliny 40 mm (przy monta\u017cu drzwi zaleca si\u0119, aby szczelina mi\u0119dzy murem a o\u015bcie\u017cnic\u0105 wynosi\u0142a maksymalnie 20 mm).\n\n\n\n<h3>Okres trwa\u0142o\u015bci:<\/h3>\n<p>Przechowywa\u0107 w oryginalnym opakowaniu, w suchym i ch\u0142odnym miejscu w temperaturze +5\u00b0C do +25\u00b0C. Okres trwa\u0142o\u015bci: 18 miesi\u0119cy od daty produkcji<\/p>\n","protected":false},"excerpt":{"rendered":"<p>Piana ogniochronna w formie pistoletu. DEN BRAVEN GUNFOAM FIRE &#8211; 750ml<\/p>\n","protected":false},"featured_media":14459,"comment_status":"open","ping_status":"closed","template":"","meta":{"_acf_changed":false,"inline_featured_image":false},"product_cat":[286],"product_tag":[955,950,1090],"class_list":{"0":"post-14427","1":"product","2":"type-product","3":"status-publish","4":"has-post-thumbnail","6":"product_cat-piany-i-pianokleje","7":"product_tag-den-braven","8":"product_tag-materialy-budowlane","9":"product_tag-pianka-pistoletowa","11":"first","12":"instock","13":"shipping-taxable","14":"purchasable","15":"product-type-simple"},"acf":[],"_links":{"self":[{"href":"https:\/\/e-adams.pl\/de\/wp-json\/wp\/v2\/product\/14427","targetHints":{"allow":["GET"]}}],"collection":[{"href":"https:\/\/e-adams.pl\/de\/wp-json\/wp\/v2\/product"}],"about":[{"href":"https:\/\/e-adams.pl\/de\/wp-json\/wp\/v2\/types\/product"}],"replies":[{"embeddable":true,"href":"https:\/\/e-adams.pl\/de\/wp-json\/wp\/v2\/comments?post=14427"}],"wp:featuredmedia":[{"embeddable":true,"href":"https:\/\/e-adams.pl\/de\/wp-json\/wp\/v2\/media\/14459"}],"wp:attachment":[{"href":"https:\/\/e-adams.pl\/de\/wp-json\/wp\/v2\/media?parent=14427"}],"wp:term":[{"taxonomy":"product_cat","embeddable":true,"href":"https:\/\/e-adams.pl\/de\/wp-json\/wp\/v2\/product_cat?post=14427"},{"taxonomy":"product_tag","embeddable":true,"href":"https:\/\/e-adams.pl\/de\/wp-json\/wp\/v2\/product_tag?post=14427"}],"curies":[{"name":"wp","href":"https:\/\/api.w.org\/{rel}","templated":true}]}}