{"id":14431,"date":"2019-01-23T10:11:23","date_gmt":"2019-01-23T09:11:23","guid":{"rendered":"https:\/\/e-adams.pl\/sklep\/pianka-pistoletowa-4004-750ml-do-schodow-i-parapet\/"},"modified":"2024-07-15T11:31:09","modified_gmt":"2024-07-15T09:31:09","slug":"piana-pistoletowa-na-schody-i-parapety-den-braven-gunfoam-4004-750ml","status":"publish","type":"product","link":"https:\/\/e-adams.pl\/de\/produkt\/piana-pistoletowa-na-schody-i-parapety-den-braven-gunfoam-4004-750ml\/","title":{"rendered":"Piana pistoletowa na schody i parapety DEN BRAVEN GUNFOAM 4004 &#8211; 750ml"},"content":{"rendered":"<h3>Piana pistoletowa na schody i parapety DEN BRAVEN GUNFOAM 4004 &#8211; 750ml<\/h3>\n<p><strong>Jednosk\u0142adnikowa, poliuretanowa piana pistoletowa, o podwy\u017cszonej odporno\u015bci mechanicznej, do zastosowa\u0144 konstrukcyjnych w budownictwie<\/strong><\/p>\n<p><img loading=\"lazy\" decoding=\"async\" class=\"aligncenter size-full wp-image-14465\" src=\"https:\/\/e-adams.pl\/wp-content\/uploads\/2019\/01\/piana-pistoletowa-na-schody-i-parapety-den-braven-gunfoam-4004-750ml.jpg\" alt=\"piana pistoletowa na schody \u017bary, pianka pistoletowa na parapety \u017bary, den braven gunfoam 4004 750ml, DenBraven GUN FOAM SCHODY I PARAPETY \u017bary, poliuretanowa piana pistoletowa \u017bary\" width=\"400\" height=\"400\" title=\"\"><\/p>\n<p style=\"text-align: justify;\">Stosowanie: Przy stosowaniu si\u0119 do zalece\u0144 producenta piana umo\u017cliwia bezpieczny (wolny od wypacze\u0144 i deformacji) monta\u017c ram, stopnic schod\u00f3w, parapet\u00f3w, prog\u00f3w i tym podobnych element\u00f3w, zw\u0142aszcza cienko\u015bciennych, bez monta\u017cu mechanicznego. Mocowanie element\u00f3w z drewna, metali, stali, aluminium, ceramiki budowlanej, gipsu. Wype\u0142nianie prze\u015bwit\u00f3w i bruzd dla rur i przewod\u00f3w instalacyjnych w \u015bcianach, stropach i stropodachach. Izolacja sieci wodnej, c.o., wentylacyjnej, klimatyzacyjnej. Wype\u0142nianie szczelin wok\u00f3\u0142 komin\u00f3w i okien dachowych. Wype\u0142nianie szczelin mi\u0119dzy p\u0142ytami styropianowymi w systemach docieple\u0144 \u015bcian zewn\u0119trznych.<\/p>\n<h3>W\u0141A\u015aCIWO\u015aCI<\/h3>\n<p>&#8211; Wyr\u00f3\u017cnia si\u0119 wysok\u0105 stabilno\u015bci\u0105 wymiarow\u0105 \u2013 ma\u0142e ryzyko wypacze\u0144 (bezpieczny i trwa\u0142y monta\u017c)<br \/>\n&#8211; Kr\u00f3tki czas obr\u00f3bki<br \/>\n&#8211; Bardzo dobre w\u0142a\u015bciwo\u015bci robocze \u2013 wygodna aplikacja i precyzyjne dozowanie<br \/>\n&#8211; Wysoka g\u0119sto\u015b\u0107 (nie \u015bcieka)<br \/>\n&#8211; Niska wodoch\u0142onno\u015b\u0107<br \/>\n&#8211; Jednolita i regularna struktura<br \/>\n&#8211; Bardzo dobra izolacja termiczna, akustyczna i przeciwwilgociowa<br \/>\n&#8211; Po utwardzeniu chemicznie neutralna, odporna na szeroki zakres temperatur i rozw\u00f3j grzyb\u00f3w oraz ple\u015bni<br \/>\n&#8211; Dobrze przyczepna do betonu, tynku, ceramiki budowlanej, drewna, stali, metali i materia\u0142\u00f3w podobnego typu<br \/>\n&#8211; Zapewnia stabilno\u015b\u0107 i elastyczno\u015b\u0107 montowanych element\u00f3w<br \/>\n&#8211; Nie zawiera (H)CFC, PCB i formaldehydu<br \/>\n&#8211; Efektywna w u\u017cyciu<br \/>\n&#8211; Krajowa Ocena Techniczna: ITB-KOT-2017\/0338<\/p>\n","protected":false},"excerpt":{"rendered":"<h3 style=\"color: #0099cc;\">Sprawd\u017a cen\u0119 i aktualny stan w sklepie<br \/>\n<strong>Kontakt:<\/strong> <a href=\"mailto:info@e-adams.pl\"><u><b>info@e-adams.pl<\/b><\/u><\/a><\/h3>\n","protected":false},"featured_media":14465,"comment_status":"open","ping_status":"closed","template":"","meta":{"_acf_changed":false,"inline_featured_image":false},"product_cat":[286],"product_tag":[955,950,1090],"class_list":{"0":"post-14431","1":"product","2":"type-product","3":"status-publish","4":"has-post-thumbnail","6":"product_cat-piany-i-pianokleje","7":"product_tag-den-braven","8":"product_tag-materialy-budowlane","9":"product_tag-pianka-pistoletowa","11":"first","12":"instock","13":"shipping-taxable","14":"purchasable","15":"product-type-simple"},"acf":[],"_links":{"self":[{"href":"https:\/\/e-adams.pl\/de\/wp-json\/wp\/v2\/product\/14431","targetHints":{"allow":["GET"]}}],"collection":[{"href":"https:\/\/e-adams.pl\/de\/wp-json\/wp\/v2\/product"}],"about":[{"href":"https:\/\/e-adams.pl\/de\/wp-json\/wp\/v2\/types\/product"}],"replies":[{"embeddable":true,"href":"https:\/\/e-adams.pl\/de\/wp-json\/wp\/v2\/comments?post=14431"}],"wp:featuredmedia":[{"embeddable":true,"href":"https:\/\/e-adams.pl\/de\/wp-json\/wp\/v2\/media\/14465"}],"wp:attachment":[{"href":"https:\/\/e-adams.pl\/de\/wp-json\/wp\/v2\/media?parent=14431"}],"wp:term":[{"taxonomy":"product_cat","embeddable":true,"href":"https:\/\/e-adams.pl\/de\/wp-json\/wp\/v2\/product_cat?post=14431"},{"taxonomy":"product_tag","embeddable":true,"href":"https:\/\/e-adams.pl\/de\/wp-json\/wp\/v2\/product_tag?post=14431"}],"curies":[{"name":"wp","href":"https:\/\/api.w.org\/{rel}","templated":true}]}}