{"id":14432,"date":"2019-01-23T10:11:28","date_gmt":"2019-01-23T09:11:28","guid":{"rendered":"https:\/\/e-adams.pl\/sklep\/piana-niskoprezna-pistoletowa-pcv-zima-750ml-jafra\/"},"modified":"2022-09-05T14:10:13","modified_gmt":"2022-09-05T12:10:13","slug":"piana-pistoletowa-niskoprezna-zimowa-den-braven-winter-750ml","status":"publish","type":"product","link":"https:\/\/e-adams.pl\/de\/produkt\/piana-pistoletowa-niskoprezna-zimowa-den-braven-winter-750ml\/","title":{"rendered":"Piana pistoletowa niskopr\u0119\u017cna zimowa DEN BRAVEN WINTER &#8211; 750ml"},"content":{"rendered":"<h3>Piana pistoletowa niskopr\u0119\u017cna zimowa DEN BRAVEN WINTER &#8211; 750ml<\/h3>\n<p><strong>Jednosk\u0142adnikowa, poliuretanowa piana pistoletowa, o obni\u017conym przyro\u015bcie, do zastosowa\u0144 w sezonie zimowym<\/strong><\/p>\n<p><img loading=\"lazy\" decoding=\"async\" class=\"aligncenter size-full wp-image-14471\" src=\"https:\/\/e-adams.pl\/wp-content\/uploads\/2019\/01\/piana-pistoletowa-niskoprezna-zimowa-den-braven-winter.jpg\" alt=\"piana pistoletowa niskopr\u0119\u017cna zimowa \u017bary, den braven winter \u017bary, pianka montazowa zimowa \u017bary\" width=\"400\" height=\"400\" title=\"\"><\/p>\n<p style=\"text-align: justify;\">Stosowanie: Monta\u017c o\u015bcie\u017cnic okiennych, drzwiowych, bram gara\u017cowych i rolet (do drzwi przeciwpo\u017carowych stosowa\u0107 pian\u0119 ogniochronn\u0105 Den Braven Gun Foam Fire). Wype\u0142nianie z\u0142\u0105czy i szczelin w po\u0142\u0105czeniach mi\u0119dzy elementami przegr\u00f3d budowlanych. Wype\u0142nianie prze\u015bwit\u00f3w i bruzd dla rur i przewod\u00f3w instalacyjnych w \u015bcianach, stropach i dachach. Wype\u0142nianie szczelin wok\u00f3\u0142 komin\u00f3w i okien dachowych. Wype\u0142nianie szczelin mi\u0119dzy p\u0142ytami styropianowymi w systemach docieple\u0144 \u015bcian zewn\u0119trznych. Izolacja cieplna dach\u00f3w i stropodach\u00f3w. Wyg\u0142uszanie, \u0142\u0105czenie i uszczelnianie prefabrykowanych element\u00f3w drewnianych w konstrukcjach szkieletowych. Mocowanie p\u0142yt i paneli dekoracyjnych lub izolacyjnych. Osadzanie prog\u00f3w, schod\u00f3w, parapet\u00f3w.<\/p>\n<h3>W\u0141A\u015aCIWO\u015aCI<\/h3>\n<p>&#8211; Do aplikacji przy temperaturze otoczenia od &#8211; 10\u00b0C do + 30\u00b0C<br \/>\n&#8211; Kontrolowany przyrost<br \/>\n&#8211; Wysoka precyzja nak\u0142adania<br \/>\n&#8211; Kr\u00f3tki czas obr\u00f3bki<br \/>\n&#8211; Wysoka wydajno\u015b\u0107<br \/>\n&#8211; Wysoka g\u0119sto\u015b\u0107 (nie \u015bcieka)<br \/>\n&#8211; Niska wodoch\u0142onno\u015b\u0107<br \/>\n&#8211; Jednolita i regularna struktura<br \/>\n&#8211; Wysoka stabilno\u015b\u0107 wymiarowa<br \/>\n&#8211; Bardzo dobra izolacja termiczna, akustyczna i przeciwwilgociowa<br \/>\n&#8211; Po utwardzeniu chemicznie neutralna, odporna na szeroki zakres temperatur i rozw\u00f3j grzyb\u00f3w oraz ple\u015bni<br \/>\n&#8211; Dobrze przyczepna do betonu, tynku, ceramiki budowlanej, drewna, stali, metali i materia\u0142\u00f3w podobnego typu<br \/>\n&#8211; Zapewnia stabilno\u015b\u0107 i elastyczno\u015b\u0107 montowanych element\u00f3w<br \/>\n&#8211; Nie zawiera (H)CFC, PCB i formaldehydu<br \/>\n&#8211; Efektywna w u\u017cyciu<br \/>\n&#8211; Krajowa Ocena Techniczna: ITB-KOT-2017\/0338<\/p>\n","protected":false},"excerpt":{"rendered":"<h3 style=\"color: #0099cc;\">Sprawd\u017a cen\u0119 i aktualny stan w sklepie<br \/>\n<strong>Kontakt:<\/strong> <a href=\"mailto:info@e-adams.pl\"><u><b>info@e-adams.pl<\/b><\/u><\/a><\/h3>\n","protected":false},"featured_media":14471,"comment_status":"open","ping_status":"closed","template":"","meta":{"_acf_changed":false,"inline_featured_image":false},"product_cat":[286],"product_tag":[955,950,1090],"class_list":{"0":"post-14432","1":"product","2":"type-product","3":"status-publish","4":"has-post-thumbnail","6":"product_cat-piany-i-pianokleje","7":"product_tag-den-braven","8":"product_tag-materialy-budowlane","9":"product_tag-pianka-pistoletowa","11":"first","12":"onbackorder","13":"shipping-taxable","14":"product-type-simple"},"acf":[],"_links":{"self":[{"href":"https:\/\/e-adams.pl\/de\/wp-json\/wp\/v2\/product\/14432","targetHints":{"allow":["GET"]}}],"collection":[{"href":"https:\/\/e-adams.pl\/de\/wp-json\/wp\/v2\/product"}],"about":[{"href":"https:\/\/e-adams.pl\/de\/wp-json\/wp\/v2\/types\/product"}],"replies":[{"embeddable":true,"href":"https:\/\/e-adams.pl\/de\/wp-json\/wp\/v2\/comments?post=14432"}],"wp:featuredmedia":[{"embeddable":true,"href":"https:\/\/e-adams.pl\/de\/wp-json\/wp\/v2\/media\/14471"}],"wp:attachment":[{"href":"https:\/\/e-adams.pl\/de\/wp-json\/wp\/v2\/media?parent=14432"}],"wp:term":[{"taxonomy":"product_cat","embeddable":true,"href":"https:\/\/e-adams.pl\/de\/wp-json\/wp\/v2\/product_cat?post=14432"},{"taxonomy":"product_tag","embeddable":true,"href":"https:\/\/e-adams.pl\/de\/wp-json\/wp\/v2\/product_tag?post=14432"}],"curies":[{"name":"wp","href":"https:\/\/api.w.org\/{rel}","templated":true}]}}