{"id":14434,"date":"2019-01-23T10:11:31","date_gmt":"2019-01-23T09:11:31","guid":{"rendered":"https:\/\/e-adams.pl\/sklep\/piana-niskoprezna-pistoletowa-pcv-750ml-jafra\/"},"modified":"2023-08-18T10:39:08","modified_gmt":"2023-08-18T08:39:08","slug":"piana-pistoletowa-niskoprezna-jafra-pcv-750ml","status":"publish","type":"product","link":"https:\/\/e-adams.pl\/de\/produkt\/piana-pistoletowa-niskoprezna-jafra-pcv-750ml\/","title":{"rendered":"Piana pistoletowa niskopr\u0119\u017cna JAFRA PCV &#8211; 750ml"},"content":{"rendered":"<h3>Piana pistoletowa niskopr\u0119\u017cna JAFRA PCV &#8211; 750ml<\/h3>\n<p><strong>Jednokomponentowa piana poliuretanowa do aplikacji pistoletowej \u2013 do monta\u017cu, uszczelniania i wyg\u0142uszania<\/strong><\/p>\n<p><img loading=\"lazy\" decoding=\"async\" class=\"aligncenter size-full wp-image-14467\" src=\"https:\/\/e-adams.pl\/wp-content\/uploads\/2019\/01\/piana-pistoletowa-niskoprezna-jafra-pcv-750ml.jpg\" alt=\"piana pistoletowa niskopr\u0119\u017cna \u017bary, Jafra Pianka pcv 750ml, piana poliuretanowa \u017bary, Budowlanka Lubuskie\" width=\"400\" height=\"400\" title=\"\"><\/p>\n<p style=\"text-align: justify;\">Piana monta\u017cowa do osadzania okien i drzwi, do izolacji cieplnej instalacji wodnych, kanalizacyjnych i c.o. Doskona\u0142a do uszczelniania i monta\u017cu parapet\u00f3w. Nadaje si\u0119 do izolacji cieplnej dach\u00f3w i stropodach\u00f3w. Piana monta\u017cowa wype\u0142nia szczeliny w izolacji termicznej przy ocieplaniu budynk\u00f3w. Piana poliuretanowa utwardza si\u0119 pod wp\u0142ywem wilgoci zawartej w powietrzu.<\/p>\n<h3>W\u0141A\u015aCIWO\u015aCI<\/h3>\n<p>&#8211; Wydajno\u015b\u0107 do 45 litr\u00f3w<br \/>\n&#8211; Superizolacyjna<br \/>\n&#8211; Bardzo wydajna<br \/>\n&#8211; Regularna struktura<br \/>\n&#8211; Odporna na ple\u015b\u0144 i grzyby<\/p>\n","protected":false},"excerpt":{"rendered":"<p>Piana PVC przeznaczona do monta\u017cu, uszczelniania i wyg\u0142uszania<\/p>\n","protected":false},"featured_media":14467,"comment_status":"open","ping_status":"closed","template":"","meta":{"_acf_changed":false,"inline_featured_image":false},"product_cat":[286],"product_tag":[1012,950,1090],"class_list":{"0":"post-14434","1":"product","2":"type-product","3":"status-publish","4":"has-post-thumbnail","6":"product_cat-piany-i-pianokleje","7":"product_tag-jafra","8":"product_tag-materialy-budowlane","9":"product_tag-pianka-pistoletowa","11":"first","12":"onbackorder","13":"shipping-taxable","14":"product-type-simple"},"acf":[],"_links":{"self":[{"href":"https:\/\/e-adams.pl\/de\/wp-json\/wp\/v2\/product\/14434","targetHints":{"allow":["GET"]}}],"collection":[{"href":"https:\/\/e-adams.pl\/de\/wp-json\/wp\/v2\/product"}],"about":[{"href":"https:\/\/e-adams.pl\/de\/wp-json\/wp\/v2\/types\/product"}],"replies":[{"embeddable":true,"href":"https:\/\/e-adams.pl\/de\/wp-json\/wp\/v2\/comments?post=14434"}],"wp:featuredmedia":[{"embeddable":true,"href":"https:\/\/e-adams.pl\/de\/wp-json\/wp\/v2\/media\/14467"}],"wp:attachment":[{"href":"https:\/\/e-adams.pl\/de\/wp-json\/wp\/v2\/media?parent=14434"}],"wp:term":[{"taxonomy":"product_cat","embeddable":true,"href":"https:\/\/e-adams.pl\/de\/wp-json\/wp\/v2\/product_cat?post=14434"},{"taxonomy":"product_tag","embeddable":true,"href":"https:\/\/e-adams.pl\/de\/wp-json\/wp\/v2\/product_tag?post=14434"}],"curies":[{"name":"wp","href":"https:\/\/api.w.org\/{rel}","templated":true}]}}