{"id":14435,"date":"2019-01-23T10:11:32","date_gmt":"2019-01-23T09:11:32","guid":{"rendered":"https:\/\/e-adams.pl\/sklep\/piana-niskoprezna-wezykowa-pcv-750ml-jafra\/"},"modified":"2022-09-05T14:10:47","modified_gmt":"2022-09-05T12:10:47","slug":"piana-wezykowa-niskoprezna-jafra-pcv-750ml","status":"publish","type":"product","link":"https:\/\/e-adams.pl\/de\/produkt\/piana-wezykowa-niskoprezna-jafra-pcv-750ml\/","title":{"rendered":"Piana w\u0119\u017cykowa niskopr\u0119\u017cna JAFRA PCV &#8211; 750ml"},"content":{"rendered":"<h3>Piana w\u0119\u017cykowa niskopr\u0119\u017cna JAFRA PCV &#8211; 750ml<\/h3>\n<p><strong>Jednokomponentowa poliuretanowa piana monta\u017cowa z aplikatorem w\u0119\u017cykowym do profesjonalnego monta\u017cu, uszczelniania i wyg\u0142uszania<\/strong><\/p>\n<p><img loading=\"lazy\" decoding=\"async\" class=\"aligncenter size-full wp-image-14474\" src=\"https:\/\/e-adams.pl\/wp-content\/uploads\/2019\/01\/piana-wezykowa-niskoprezna-jafra-pcv-750ml.jpg\" alt=\"piana w\u0119\u017cykowa niskopr\u0119\u017cna \u017bary, jafra pcv 750ml, poliuretanowa piana monta\u017cowa \u017bary, aplikacja w\u0119\u017cykowa \u017bary\" width=\"400\" height=\"400\" title=\"\"><\/p>\n<p style=\"text-align: justify;\">Piana poliuretanowa do osadzania drzwi i okien. Do uszczelniania i monta\u017cu parapet\u00f3w. Do izolacji cieplnej dach\u00f3w i stropodach\u00f3w. Wype\u0142nia szczeliny w izolacji termicznej przy ocieplaniu budynk\u00f3w. Piana do izolacji sieci wodnych, kanalizacyjnych i c.o. Piana utwardza si\u0119 pod wp\u0142ywem wilgoci zawartej w powietrzu.<\/p>\n<h3>W\u0141A\u015aCIWO\u015aCI<\/h3>\n<p>&#8211; Wydajno\u015b\u0107 do 45 litr\u00f3w<br \/>\n&#8211; Superizolacyjna<br \/>\n&#8211; Bardzo wydajna<br \/>\n&#8211; Regularna struktura<br \/>\n&#8211; Odporna na ple\u015b\u0144 i grzyby<\/p>\n","protected":false},"excerpt":{"rendered":"<h3 style=\"color: #0099cc;\">Sprawd\u017a cen\u0119 i aktualny stan w sklepie<br \/>\n<strong>Kontakt:<\/strong> <a href=\"mailto:info@e-adams.pl\"><u><b>info@e-adams.pl<\/b><\/u><\/a><\/h3>\n","protected":false},"featured_media":14474,"comment_status":"open","ping_status":"closed","template":"","meta":{"_acf_changed":false,"inline_featured_image":false},"product_cat":[286],"product_tag":[1012,950,1091],"class_list":{"0":"post-14435","1":"product","2":"type-product","3":"status-publish","4":"has-post-thumbnail","6":"product_cat-piany-i-pianokleje","7":"product_tag-jafra","8":"product_tag-materialy-budowlane","9":"product_tag-pianka-wezykowa","11":"first","12":"onbackorder","13":"shipping-taxable","14":"product-type-simple"},"acf":[],"_links":{"self":[{"href":"https:\/\/e-adams.pl\/de\/wp-json\/wp\/v2\/product\/14435","targetHints":{"allow":["GET"]}}],"collection":[{"href":"https:\/\/e-adams.pl\/de\/wp-json\/wp\/v2\/product"}],"about":[{"href":"https:\/\/e-adams.pl\/de\/wp-json\/wp\/v2\/types\/product"}],"replies":[{"embeddable":true,"href":"https:\/\/e-adams.pl\/de\/wp-json\/wp\/v2\/comments?post=14435"}],"wp:featuredmedia":[{"embeddable":true,"href":"https:\/\/e-adams.pl\/de\/wp-json\/wp\/v2\/media\/14474"}],"wp:attachment":[{"href":"https:\/\/e-adams.pl\/de\/wp-json\/wp\/v2\/media?parent=14435"}],"wp:term":[{"taxonomy":"product_cat","embeddable":true,"href":"https:\/\/e-adams.pl\/de\/wp-json\/wp\/v2\/product_cat?post=14435"},{"taxonomy":"product_tag","embeddable":true,"href":"https:\/\/e-adams.pl\/de\/wp-json\/wp\/v2\/product_tag?post=14435"}],"curies":[{"name":"wp","href":"https:\/\/api.w.org\/{rel}","templated":true}]}}