{"id":14480,"date":"2019-01-23T14:18:58","date_gmt":"2019-01-23T13:18:58","guid":{"rendered":"https:\/\/e-adams.pl\/sklep\/silikon-akryl-do-tynkow-strukturalnych-310ml\/"},"modified":"2024-07-15T11:31:12","modified_gmt":"2024-07-15T09:31:12","slug":"akryl-do-tynkow-strukturalnych-den-braven-310ml","status":"publish","type":"product","link":"https:\/\/e-adams.pl\/de\/produkt\/akryl-do-tynkow-strukturalnych-den-braven-310ml\/","title":{"rendered":"Akryl do tynk\u00f3w strukturalnych DEN BRAVEN &#8211; 310ml"},"content":{"rendered":"<h3>Akryl do tynk\u00f3w strukturalnych DEN BRAVEN &#8211; 310ml<\/h3>\n<p><strong>Wysoce plastyczno-elastyczny kit uszczelniaj\u0105cy na bazie wodnej dyspersji akrylowej z drobinami \u017cwiru, do wype\u0142niania rys, spoin i p\u0119kni\u0119\u0107 w tynkach strukturalnych, mozaikowych lub zacieranych na ostro, wewn\u0105trz i na zewn\u0105trz pomieszcze\u0144<\/strong><br \/>\n<img loading=\"lazy\" decoding=\"async\" class=\"aligncenter size-full wp-image-14511\" src=\"https:\/\/e-adams.pl\/wp-content\/uploads\/2019\/01\/akryl-do-tynkow-strukturalnych-den-braven-310ml.jpg\" alt=\"akryl do tynk\u00f3w strukturalnych \u017bary, den braven do tynk\u00f3w 310ml \u017bary, plastyczno-elastyczny kit uszczelniaj\u0105cy \u017bary\" width=\"400\" height=\"400\" title=\"\"><\/p>\n<p style=\"text-align: justify;\">Stosowanie: Wype\u0142nianie p\u0119kni\u0119\u0107, rys, szczelin, po\u0142\u0105cze\u0144 w \u015bcianach, sufitach i fasadach (tynki strukturalne, mozaikowe, kamyczkowe, beton kom\u00f3rkowy, silikaty, gipsy, piaskowiec, g\u0142adzie, szpachle, drewno, sztukateria gipsowa). Uszczelnianie naro\u017cy i po\u0142\u0105cze\u0144 w zabudowie z p\u0142yt g-k, listew wyko\u0144czeniowych, sufit\u00f3w podwieszanych, szaf wn\u0119kowych, konstrukcji schod\u00f3w, kaseton\u00f3w, rozet. Uszczelnienia fasadowe (parapety, docieplenia, coko\u0142y, ramy okien i drzwi, gzymsy i zdobienia podobnego typu).<\/p>\n<h3>W\u0141A\u015aCIWO\u015aCI<\/h3>\n<p>&#8211; Dzi\u0119ki unikatowej formule z drobinami \u017cwiru, po wyschni\u0119ciu akryl tworzy powierzchni\u0119 o jednolitej fakturze z tynkiem (niewidoczna spoina)<br \/>\n&#8211; Zapewnia estetyczne wyko\u0144czenie<br \/>\n&#8211; Bardzo dobrze przyczepny do tynk\u00f3w, zapraw i powierzchni ziarnistych lub porowatych<br \/>\n&#8211; Tworzy mocne i wysoce plastyczno-elastyczne wi\u0105zanie<br \/>\n&#8211; Do zastosowa\u0144 wewn\u0119trznych i zewn\u0119trznych (z wy\u0142\u0105czeniem miejsc nara\u017conych na ci\u0105g\u0142e oddzia\u0142ywanie wilgoci bez mo\u017cliwo\u015bci poprawnego wysychania)<br \/>\n&#8211; Po ca\u0142kowitym wyschni\u0119ciu malowalny za pomoc\u0105 farb wodnych i syntetycznych<br \/>\n&#8211; Odporny na sp\u0119kania i rysy skurczowe<br \/>\n&#8211; Doskona\u0142a przyczepno\u015b\u0107, tak\u017ce do wilgotnych pod\u0142o\u017cy<br \/>\n&#8211; Bez rozpuszczalnik\u00f3w (znikoma wo\u0144)<br \/>\n&#8211; Wyj\u0105tkowo \u0142atwy w profilowaniu (mo\u017cliwo\u015b\u0107 wyko\u0144czenia na sucho za pomoc\u0105 p\u0119dzla)<br \/>\n&#8211; Neutralny chemicznie (nie powoduje korozji metali)<\/p>\n","protected":false},"excerpt":{"rendered":"<h3 style=\"color: #0099cc;\">Sprawd\u017a cen\u0119 i aktualny stan w sklepie<br \/>\n<strong>Kontakt:<\/strong> <a href=\"mailto:info@e-adams.pl\"><u><b>info@e-adams.pl<\/b><\/u><\/a><\/h3>\n","protected":false},"featured_media":14511,"comment_status":"open","ping_status":"closed","template":"","meta":{"_acf_changed":false,"inline_featured_image":false},"product_cat":[1541],"product_tag":[1092,955,950],"class_list":{"0":"post-14480","1":"product","2":"type-product","3":"status-publish","4":"has-post-thumbnail","6":"product_cat-akryle-i-spoiny","7":"product_tag-akryl","8":"product_tag-den-braven","9":"product_tag-materialy-budowlane","11":"first","12":"instock","13":"shipping-taxable","14":"purchasable","15":"product-type-simple"},"acf":[],"_links":{"self":[{"href":"https:\/\/e-adams.pl\/de\/wp-json\/wp\/v2\/product\/14480","targetHints":{"allow":["GET"]}}],"collection":[{"href":"https:\/\/e-adams.pl\/de\/wp-json\/wp\/v2\/product"}],"about":[{"href":"https:\/\/e-adams.pl\/de\/wp-json\/wp\/v2\/types\/product"}],"replies":[{"embeddable":true,"href":"https:\/\/e-adams.pl\/de\/wp-json\/wp\/v2\/comments?post=14480"}],"wp:featuredmedia":[{"embeddable":true,"href":"https:\/\/e-adams.pl\/de\/wp-json\/wp\/v2\/media\/14511"}],"wp:attachment":[{"href":"https:\/\/e-adams.pl\/de\/wp-json\/wp\/v2\/media?parent=14480"}],"wp:term":[{"taxonomy":"product_cat","embeddable":true,"href":"https:\/\/e-adams.pl\/de\/wp-json\/wp\/v2\/product_cat?post=14480"},{"taxonomy":"product_tag","embeddable":true,"href":"https:\/\/e-adams.pl\/de\/wp-json\/wp\/v2\/product_tag?post=14480"}],"curies":[{"name":"wp","href":"https:\/\/api.w.org\/{rel}","templated":true}]}}