{"id":14481,"date":"2019-01-23T14:19:00","date_gmt":"2019-01-23T13:19:00","guid":{"rendered":"https:\/\/e-adams.pl\/sklep\/akryl-extra-zewnetrzny-bialy-310ml\/"},"modified":"2023-08-29T17:09:33","modified_gmt":"2023-08-29T15:09:33","slug":"akryl-zewnetrzny-den-braven-extra-310ml","status":"publish","type":"product","link":"https:\/\/e-adams.pl\/de\/produkt\/akryl-zewnetrzny-den-braven-extra-310ml\/","title":{"rendered":"Akryl zewn\u0119trzny DEN BRAVEN EXTRA &#8211; 310ml"},"content":{"rendered":"<h3>Akryl zewn\u0119trzny DEN BRAVEN EXTRA &#8211; 310ml<\/h3>\n<p><strong>Wysoce plastyczno-elastyczny kit uszczelniaj\u0105cy na bazie wodnej dyspersji akrylowej, do wype\u0142niania zewn\u0119trznych i wewn\u0119trznych rys, szczelin i p\u0119kni\u0119\u0107, o wyj\u0105tkowej odporno\u015bci na dzia\u0142anie warunk\u00f3w opad\u00f3w atmosferycznych<\/strong><\/p>\n<p><img loading=\"lazy\" decoding=\"async\" class=\"aligncenter size-full wp-image-14514\" src=\"https:\/\/e-adams.pl\/wp-content\/uploads\/2019\/01\/akryl-zewnetrzny-den-braven-extra-310ml.jpg\" alt=\"akryl zewn\u0119trzny \u017bary, den braven akryl extra 310ml, plastyczno-elastyczny kit uszczelniaj\u0105cy \u017bary\" width=\"400\" height=\"400\" title=\"\"><\/p>\n<p style=\"text-align: justify;\">Stosowanie: Wype\u0142nianie zewn\u0119trznych i wewn\u0119trznych p\u0119kni\u0119\u0107, rys, szczelin, naro\u017cnik\u00f3w. Uszczelnienia fasadowe przy ramach okiennych, parapetach, roletach zewn\u0119trznych, gzymsach i dekoracjach podobnego typu. Wype\u0142nianie szczelin wok\u00f3\u0142 sufit\u00f3w podwieszanych, po\u0142\u0105cze\u0144 p\u0142yt g-k, po\u0142\u0105cze\u0144 konstrukcji schod\u00f3w ze \u015bcian\u0105 i z\u0142\u0105czy podobnego typu, szczeg\u00f3lnie podatnych na odkszta\u0142cenia. Uszczelnianie styk\u00f3w styropianu ze stolark\u0105 i obr\u00f3bkami blacharskimi w systemach docieple\u0144.<\/p>\n<h3>W\u0141A\u015aCIWO\u015aCI<\/h3>\n<p>&#8211; Odporny na opady atmosferyczne i wilgo\u0107 (ju\u017c po kilku godzinach od na\u0142o\u017cenia)<br \/>\n&#8211; Tworzy mocne, trwa\u0142e i wysoce plastyczno-elastyczne wi\u0105zanie<br \/>\n&#8211; Do zastosowa\u0144 zewn\u0119trznych i wewn\u0119trznych (z wy\u0142\u0105czeniem miejsc nara\u017conych na trwa\u0142y kontakt z wod\u0105, gdzie mog\u0105 tworzy\u0107 si\u0119 zastoiny, a fuga mo\u017ce by\u0107 zanurzona d\u0142ugotrwale w wodzie)<br \/>\n&#8211; Po ca\u0142kowitym wyschni\u0119ciu malowalny za pomoc\u0105 farb wodnych i syntetycznych, wewn\u0119trznych i fasadowych<br \/>\n&#8211; Bardzo dobrze przyczepny do betonu, tynk\u00f3w, drewna i ceramiki budowlanej<br \/>\n&#8211; Odporny na sp\u0119kania i rysy skurczowe<br \/>\n&#8211; Doskona\u0142a przyczepno\u015b\u0107, tak\u017ce do wilgotnych pod\u0142o\u017cy<br \/>\n&#8211; Bez rozpuszczalnik\u00f3w (znikoma wo\u0144)<br \/>\n&#8211; Przyjazny dla zdrowia (klasa EMICODE EC1 Plus \u2013 bezpieczny dla alergik\u00f3w czy os\u00f3b uczulonych na chemi\u0119 budowlan\u0105)<br \/>\n&#8211; Wyj\u0105tkowo \u0142atwy w profilowaniu (bardzo dobre w\u0142asno\u015bci robocze)<br \/>\n&#8211; Neutralny chemicznie (nie powoduje korozji metali)<\/p>\n","protected":false},"excerpt":{"rendered":"<h3 style=\"color: #0099cc;\">Sprawd\u017a cen\u0119 i aktualny stan w sklepie<br \/>\n<strong>Kontakt:<\/strong> <a href=\"mailto:info@e-adams.pl\"><u><b>info@e-adams.pl<\/b><\/u><\/a><\/h3>\n","protected":false},"featured_media":14514,"comment_status":"open","ping_status":"closed","template":"","meta":{"_acf_changed":false,"inline_featured_image":false},"product_cat":[1541],"product_tag":[1092,955,950],"class_list":{"0":"post-14481","1":"product","2":"type-product","3":"status-publish","4":"has-post-thumbnail","6":"product_cat-akryle-i-spoiny","7":"product_tag-akryl","8":"product_tag-den-braven","9":"product_tag-materialy-budowlane","11":"first","12":"onbackorder","13":"shipping-taxable","14":"product-type-simple"},"acf":[],"_links":{"self":[{"href":"https:\/\/e-adams.pl\/de\/wp-json\/wp\/v2\/product\/14481","targetHints":{"allow":["GET"]}}],"collection":[{"href":"https:\/\/e-adams.pl\/de\/wp-json\/wp\/v2\/product"}],"about":[{"href":"https:\/\/e-adams.pl\/de\/wp-json\/wp\/v2\/types\/product"}],"replies":[{"embeddable":true,"href":"https:\/\/e-adams.pl\/de\/wp-json\/wp\/v2\/comments?post=14481"}],"wp:featuredmedia":[{"embeddable":true,"href":"https:\/\/e-adams.pl\/de\/wp-json\/wp\/v2\/media\/14514"}],"wp:attachment":[{"href":"https:\/\/e-adams.pl\/de\/wp-json\/wp\/v2\/media?parent=14481"}],"wp:term":[{"taxonomy":"product_cat","embeddable":true,"href":"https:\/\/e-adams.pl\/de\/wp-json\/wp\/v2\/product_cat?post=14481"},{"taxonomy":"product_tag","embeddable":true,"href":"https:\/\/e-adams.pl\/de\/wp-json\/wp\/v2\/product_tag?post=14481"}],"curies":[{"name":"wp","href":"https:\/\/api.w.org\/{rel}","templated":true}]}}