{"id":14482,"date":"2019-01-23T14:19:04","date_gmt":"2019-01-23T13:19:04","guid":{"rendered":"https:\/\/e-adams.pl\/sklep\/akryl-szpachlowy-fast-310ml-den-braven\/"},"modified":"2024-07-15T11:31:11","modified_gmt":"2024-07-15T09:31:11","slug":"akryl-lekki-szpachlowy-den-braven-fast-310ml","status":"publish","type":"product","link":"https:\/\/e-adams.pl\/de\/produkt\/akryl-lekki-szpachlowy-den-braven-fast-310ml\/","title":{"rendered":"Akryl lekki szpachlowy DEN BRAVEN FAST &#8211; 310ml"},"content":{"rendered":"<h3>Akryl lekki szpachlowy DEN BRAVEN FAST &#8211; 310ml<\/h3>\n<p><strong>Ultra lekki, idealnie bia\u0142y, szybko malowalny, gotowy do u\u017cycia akryl do szpachlowania w systemach suchej zabudowy wn\u0119trz, zaprawek, wype\u0142niania ubytk\u00f3w, naprawy rys, p\u0119kni\u0119\u0107, uszczelniania po\u0142\u0105cze\u0144 i szczelin w tynkach, p\u0142ytach g-k i bloczkach.<\/strong><\/p>\n<p><img loading=\"lazy\" decoding=\"async\" class=\"aligncenter size-full wp-image-14517\" src=\"https:\/\/e-adams.pl\/wp-content\/uploads\/2019\/01\/akryl-lekki-szpachlowy-den-braven-fast-310ml.jpg\" alt=\"akryl lekki szpachlowy \u017bary, den braven akryl fast 310ml, akryl do szpachlowania \u017bary\" width=\"400\" height=\"400\" title=\"\"><\/p>\n<p style=\"text-align: justify;\">Stosowanie: Naprawa wewn\u0119trznych p\u0119kni\u0119\u0107, szczelin, rys i ubytk\u00f3w w \u015bcianach, sufitach, zw\u0142aszcza przy pracach malarskich, gipsach i g\u0142adziach. Maskowanie \u0142b\u00f3w wkr\u0119t\u00f3w przy monta\u017cu p\u0142yt g-k, boazerii, paneli \u015bciennych. Spoinowanie po\u0142\u0105cze\u0144 w zabudowie z p\u0142yt g-k, spoin naro\u017cnych. Zabudowa wn\u0119k, poddaszy, monta\u017c szaf, stolarki.<\/p>\n<h3>W\u0141A\u015aCIWO\u015aCI<\/h3>\n<p>&#8211; Gotowy do malowania po 20 minutach od aplikacji<br \/>\n&#8211; Po\u0142\u0105czenie tradycyjnego uszczelniacza akrylowego z gotow\u0105 do u\u017cycia mas\u0105 szpachlow\u0105 &#8211; 2 w 1<br \/>\n&#8211; Skuteczne malowanie farbami wodnymi lub syntetycznymi, bez sp\u0119ka\u0144 i odbarwie\u0144<br \/>\n&#8211; Jako szpachla nadaje si\u0119 do aplikacji jednowarstwowej, na dowoln\u0105 grubo\u015b\u0107 i przekr\u00f3j, bez ryzyka tworzenia rys skurczowych<br \/>\n&#8211; Mo\u017ce by\u0107 nak\u0142adany na du\u017co wi\u0119ksz\u0105 grubo\u015b\u0107 ni\u017c tradycyjne szpachle, charakteryzuj\u0105ce si\u0119 skurczem, kt\u00f3re trzeba nak\u0142ada\u0107 warstwami (oszcz\u0119dno\u015b\u0107 czasu i pieni\u0119dzy)<br \/>\n&#8211; Ultra lekki &#8211; bardzo \u0142atwy w nak\u0142adaniu (zw\u0142aszcza przy szpachlowaniu sufitu \u2013 jest o blisko po\u0142ow\u0119 l\u017cejszy od wody)<br \/>\n&#8211; Szlifowalny po wyschni\u0119ciu (nie zamula papieru \u015bciernego)<br \/>\n&#8211; Praktycznie bez skurczu (znikomy ubytek masy) &#8211; zapewnia estetyczn\u0105 i woln\u0105 od sp\u0119ka\u0144 fug\u0119 oraz r\u00f3wn\u0105 powierzchni\u0119<br \/>\n&#8211; Po wyschni\u0119ciu pozostaje nieznacznie elastyczny &#8211; idealny do statycznych po\u0142\u0105cze\u0144 lub miejsc o ma\u0142ej odkszta\u0142calno\u015bci<br \/>\n&#8211; Bardzo dobrze przyczepny do p\u0142yt gipsowo-kartonowych, tynk\u00f3w gipsowych, bloczk\u00f3w gipsowych i materia\u0142\u00f3w podobnego typu<br \/>\n&#8211; Bez rozpuszczalnik\u00f3w (znikoma wo\u0144)<br \/>\n&#8211; Super bia\u0142y<br \/>\n&#8211; Do zastosowa\u0144 wewn\u0119trznych<br \/>\n&#8211; Neutralny chemicznie (nie powoduje korozji metali)<br \/>\n&#8211; Konsystencja delikatnej pasty<br \/>\n&#8211; Nie \u015bcieka<\/p>\n","protected":false},"excerpt":{"rendered":"<h3 style=\"color: #0099cc;\">Sprawd\u017a cen\u0119 i aktualny stan w sklepie<br \/>\n<strong>Kontakt:<\/strong> <a href=\"mailto:info@e-adams.pl\"><u><b>info@e-adams.pl<\/b><\/u><\/a><\/h3>\n","protected":false},"featured_media":14517,"comment_status":"open","ping_status":"closed","template":"","meta":{"_acf_changed":false,"inline_featured_image":false},"product_cat":[1541],"product_tag":[1092,955,950],"class_list":{"0":"post-14482","1":"product","2":"type-product","3":"status-publish","4":"has-post-thumbnail","6":"product_cat-akryle-i-spoiny","7":"product_tag-akryl","8":"product_tag-den-braven","9":"product_tag-materialy-budowlane","11":"first","12":"instock","13":"shipping-taxable","14":"purchasable","15":"product-type-simple"},"acf":[],"_links":{"self":[{"href":"https:\/\/e-adams.pl\/de\/wp-json\/wp\/v2\/product\/14482","targetHints":{"allow":["GET"]}}],"collection":[{"href":"https:\/\/e-adams.pl\/de\/wp-json\/wp\/v2\/product"}],"about":[{"href":"https:\/\/e-adams.pl\/de\/wp-json\/wp\/v2\/types\/product"}],"replies":[{"embeddable":true,"href":"https:\/\/e-adams.pl\/de\/wp-json\/wp\/v2\/comments?post=14482"}],"wp:featuredmedia":[{"embeddable":true,"href":"https:\/\/e-adams.pl\/de\/wp-json\/wp\/v2\/media\/14517"}],"wp:attachment":[{"href":"https:\/\/e-adams.pl\/de\/wp-json\/wp\/v2\/media?parent=14482"}],"wp:term":[{"taxonomy":"product_cat","embeddable":true,"href":"https:\/\/e-adams.pl\/de\/wp-json\/wp\/v2\/product_cat?post=14482"},{"taxonomy":"product_tag","embeddable":true,"href":"https:\/\/e-adams.pl\/de\/wp-json\/wp\/v2\/product_tag?post=14482"}],"curies":[{"name":"wp","href":"https:\/\/api.w.org\/{rel}","templated":true}]}}