{"id":14483,"date":"2019-01-23T14:19:09","date_gmt":"2019-01-23T13:19:09","guid":{"rendered":"https:\/\/e-adams.pl\/sklep\/akryl-w-bialy-310ml-silikon\/"},"modified":"2024-07-15T11:31:11","modified_gmt":"2024-07-15T09:31:11","slug":"akryl-den-braven-akryl-w-310ml","status":"publish","type":"product","link":"https:\/\/e-adams.pl\/de\/produkt\/akryl-den-braven-akryl-w-310ml\/","title":{"rendered":"Akryl DEN BRAVEN AKRYL-W &#8211; 310ml"},"content":{"rendered":"<h3>Akryl DEN BRAVEN AKRYL-W &#8211; 310ml<\/h3>\n<p><strong>Wysoce plastyczno-elastyczny kit uszczelniaj\u0105cy na bazie wodnej dyspersji akrylowej, do wype\u0142niania rys, spoin i p\u0119kni\u0119\u0107 w \u015bcianach i sufitach<\/strong><\/p>\n<p><img loading=\"lazy\" decoding=\"async\" class=\"aligncenter size-full wp-image-14519\" src=\"https:\/\/e-adams.pl\/wp-content\/uploads\/2019\/01\/akryl-den-braven-akryl-w.jpg\" alt=\"akryle \u017bary, den braven akryl w, 310ml, silikon, plastyczno-elastyczny kit uszczelniaj\u0105cy \u017bary, Materia\u0142y budowlane Lipinki \u0141u\u017cyckie, Lubsko, Nowogr\u00f3d Bobrz., Szprotawa, Nowa S\u00f3l, Sieniawa \u017barska, Zielona G\u00f3ra, \u017baga\u0144, \u0141\u0119knica, Przew\u00f3z\" width=\"400\" height=\"400\" title=\"\"><\/p>\n<p style=\"text-align: justify;\">Stosowanie: Wype\u0142nianie p\u0119kni\u0119\u0107, rys, szczelin, po\u0142\u0105cze\u0144 w \u015bcianach i sufitach (beton, tynki, gipsy, g\u0142adzie, szpachle, drewno). Uszczelnianie naro\u017cy i po\u0142\u0105cze\u0144 w zabudowie z p\u0142yt g-k, listew wyko\u0144czeniowych, sufit\u00f3w podwieszanych, parapet\u00f3w, szaf wn\u0119kowych, konstrukcji schod\u00f3w, ram okien i drzwi, coko\u0142\u00f3w, gzyms\u00f3w, kaseton\u00f3w, rozet.<\/p>\n<h3>W\u0141A\u015aCIWO\u015aCI<\/h3>\n<p>&#8211; Tworzy mocne i wysoce plastyczno-elastyczne wi\u0105zanie<br \/>\n&#8211; Do zastosowa\u0144 wewn\u0119trznych i zewn\u0119trznych (z wy\u0142\u0105czeniem miejsc nara\u017conych na ci\u0105g\u0142e oddzia\u0142ywanie wilgoci bez mo\u017cliwo\u015bci poprawnego wysychania)<br \/>\n&#8211; Po ca\u0142kowitym wyschni\u0119ciu malowalny za pomoc\u0105 farb wodnych i syntetycznych<br \/>\n&#8211; Odporny na sp\u0119kania i rysy skurczowe<br \/>\n&#8211; Doskona\u0142a przyczepno\u015b\u0107, tak\u017ce do wilgotnych pod\u0142o\u017cy<br \/>\n&#8211; Bez rozpuszczalnik\u00f3w (znikoma wo\u0144)<br \/>\n&#8211; Przyjazny dla zdrowia (klasa EMICODE EC1 Plus \u2013 bezpieczny dla alergik\u00f3w czy os\u00f3b uczulonych na chemi\u0119 budowlan\u0105)<br \/>\n&#8211; Wyj\u0105tkowo \u0142atwy w profilowaniu (bardzo dobre w\u0142asno\u015bci robocze)<br \/>\n&#8211; Neutralny chemicznie (nie powoduje korozji metali)<br \/>\n&#8211; Kolory: Bia\u0142y, Br\u0105zowy, Czarny, Szary<\/p>\n","protected":false},"excerpt":{"rendered":"<h3 style=\"color: #0099cc;\">Sprawd\u017a cen\u0119 i aktualny stan w sklepie<br \/>\n<strong>Kontakt:<\/strong> <a href=\"mailto:info@e-adams.pl\"><u><b>info@e-adams.pl<\/b><\/u><\/a><\/h3>\n","protected":false},"featured_media":14519,"comment_status":"open","ping_status":"closed","template":"","meta":{"_acf_changed":false,"inline_featured_image":false},"product_cat":[1541],"product_tag":[1092,955,950],"class_list":{"0":"post-14483","1":"product","2":"type-product","3":"status-publish","4":"has-post-thumbnail","6":"product_cat-akryle-i-spoiny","7":"product_tag-akryl","8":"product_tag-den-braven","9":"product_tag-materialy-budowlane","11":"first","12":"instock","13":"shipping-taxable","14":"purchasable","15":"product-type-simple"},"acf":[],"_links":{"self":[{"href":"https:\/\/e-adams.pl\/de\/wp-json\/wp\/v2\/product\/14483","targetHints":{"allow":["GET"]}}],"collection":[{"href":"https:\/\/e-adams.pl\/de\/wp-json\/wp\/v2\/product"}],"about":[{"href":"https:\/\/e-adams.pl\/de\/wp-json\/wp\/v2\/types\/product"}],"replies":[{"embeddable":true,"href":"https:\/\/e-adams.pl\/de\/wp-json\/wp\/v2\/comments?post=14483"}],"wp:featuredmedia":[{"embeddable":true,"href":"https:\/\/e-adams.pl\/de\/wp-json\/wp\/v2\/media\/14519"}],"wp:attachment":[{"href":"https:\/\/e-adams.pl\/de\/wp-json\/wp\/v2\/media?parent=14483"}],"wp:term":[{"taxonomy":"product_cat","embeddable":true,"href":"https:\/\/e-adams.pl\/de\/wp-json\/wp\/v2\/product_cat?post=14483"},{"taxonomy":"product_tag","embeddable":true,"href":"https:\/\/e-adams.pl\/de\/wp-json\/wp\/v2\/product_tag?post=14483"}],"curies":[{"name":"wp","href":"https:\/\/api.w.org\/{rel}","templated":true}]}}