{"id":14484,"date":"2019-01-23T14:19:11","date_gmt":"2019-01-23T13:19:11","guid":{"rendered":"https:\/\/e-adams.pl\/sklep\/gasket-sealant-czerwony-300c-310ml\/"},"modified":"2024-02-15T11:48:56","modified_gmt":"2024-02-15T10:48:56","slug":"silikon-wysokotemperaturowy-den-braven-gasket-300c-310ml","status":"publish","type":"product","link":"https:\/\/e-adams.pl\/de\/produkt\/silikon-wysokotemperaturowy-den-braven-gasket-300c-310ml\/","title":{"rendered":"Silikon wysokotemperaturowy DEN BRAVEN GASKET 300\u00b0C &#8211; 310ml"},"content":{"rendered":"<h1>Kit uszczelniaj\u0105cy DEN BRAVEN GASKET 300\u00b0C &#8211; 310ml:<\/h1>\n<p>Jednosk\u0142adnikowy, trwale elastyczny silikonowy kit uszczelniaj\u0105cy z octowym systemem utwardzania, przeznaczony do uszczelniania po\u0142\u0105cze\u0144 wystawionych na dzia\u0142anie temperatury do + 300\u00b0C<\/p>\n<div class=\"opis\">\n<h3>W\u0142a\u015bciwo\u015bci produktu:<\/h3>\n<ul>\n<li> Odporny na temperatur\u0119 od \u2013 40\u00b0C do + 300\u00b0<\/li>\n<li> Chemoodporna \u201ep\u0142ynna\u201d uszczelka, zast\u0119puj\u0105ca tradycyjne uszczelki (gumowe, klinkierowe, korkowe, papierowe, filcowe, azbestowe itd.)<\/li>\n<li> Odporny na promieniowanie UV, wod\u0119, s\u00f3l oraz oddzia\u0142ywanie wielu czynnik\u00f3w chemicznych, takich jak: benzyna, kwasy, t\u0142uszcze, oleje, paliwa, ciecze hydrauliczne, smary, spaliny, p\u0142yny mrozoodporne, p\u0142yny ch\u0142odz\u0105ce<\/li>\n<li> \u0141atwy w zastosowaniu bez wzgl\u0119du na kszta\u0142t powierzchni<\/li>\n<li> Przyczepny do powierzchni g\u0142adkich i porowatych, np. ceramika, stal emaliowana, metale i ich stopy<\/li>\n<li> Trwale elastyczny w pe\u0142nym zakresie temperaturowym<\/li>\n<li> Nie zawiera rozpuszczalnik\u00f3w<\/li>\n<li> Znikomy skurcz<\/li>\n<li> Nie p\u0119ka i nie sp\u0142ywa<\/li>\n<li>Kolory: Czerwony<\/li>\n<\/ul>\n<h3>Zastosowanie produktu:<\/h3>\n<p> \t  Uszczelnianie po\u0142\u0105cze\u0144 w budownictwie, transporcie i przemy\u015ble, wystawionych na dzia\u0142anie temperatury do + 300\u00b0C. Technika grzewcza (np. kot\u0142y, podgrzewacze, piece, kuchenki, zasobniki, wymienniki, przewody spalinowe, filtry, termostaty). Motoryzacja (np. pompy wodne, pokrywy zawor\u00f3w, miski olejowe, pokrywy \u0142a\u0144cuch\u00f3w rozrz\u0105du, pokrywy most\u00f3w nap\u0119dowych, skrzynia bieg\u00f3w, os\u0142ony termostat\u00f3w). Uszczelnianie element\u00f3w kolektor\u00f3w s\u0142onecznych.<\/p>\n<\/div>\n<h3>Dane techniczne:<\/h3>\n<p>100% Modu\u0142: DIN 53504 S2 0,50 N\/mm\u00b2<br \/>\nBaza: Acetoxy<br \/>\nCzas utwardzania: @ +23\u00b0C\/50% RH 2mm\/24 hours<br \/>\nG\u0119sto\u015b\u0107: ISO 1183-1 1,08 g\/ml<br \/>\nOdporno\u015b\u0107 na mr\u00f3z w transporcie: Up to -15\u00b0C<br \/>\nOdporno\u015b\u0107 termiczna: -40\u00b0C to +260\u00b0C<br \/>\nShore-A twardo\u015b\u0107: DIN 53505 29<br \/>\nTemperatura aplikacji: +5\u00b0C to +40\u00b0C<br \/>\nTempo wyciskania @ \u00d83 mm\/6,3 bar 250 g\/min<br \/>\nTworzenie si\u0119 nask\u00f3rka: DBTM 16 15-20 minutes @ +23\u00b0C\/50% RH<br \/>\nWyd\u0142u\u017cenie przy zerwaniu: DIN 53504 S2 400%<br \/>\nWytrzyma\u0142o\u015b\u0107 na rozci\u0105ganie: DIN 53504 S2 2,10 N\/mm\u00b2<br \/>\n\u015aciekanie: ISO 7390 < 2 mm\n\n\n\n<h3>Spos\u00f3b u\u017cycia:<\/h3>\n<p>Minimalna grubo\u015b\u0107 spoiny 2mm. Zdj\u0105\u0107 aplikator, obci\u0105\u0107 ko\u0144c\u00f3wk\u0119 kartusza powy\u017cej gwintu, nakr\u0119ci\u0107 aplikator na kartusz i obci\u0105\u0107 jego ko\u0144c\u00f3wk\u0119 pod k\u0105tem na szeroko\u015b\u0107 spoiny. W celu unikni\u0119cia zabrudze\u0144 okolic wype\u0142nianej szczeliny, zabezpieczy\u0107 j\u0105 po bokach za pomoc\u0105 malarskiej ta\u015bmy maskuj\u0105cej. Ta\u015bm\u0119 usun\u0105\u0107 natychmiast po zako\u0144czeniu obr\u00f3bki fugi. Fugi wyg\u0142adzi\u0107 szpachelk\u0105, szpatu\u0142k\u0105 lub palcem, maczaj\u0105c w wodzie z niewielk\u0105 domieszk\u0105 myd\u0142a, w ci\u0105gu 15 minut od na\u0142o\u017cenia silikonu. Fuga powinna mie\u0107 kszta\u0142t pozwalaj\u0105cy na swobodne \u015bciekanie wody.<\/p>\n<h3>Okres trwa\u0142o\u015bci:<\/h3>\n<p>Przechowywa\u0107 w oryginalnym opakowaniu, w suchym i ch\u0142odnym miejscu w temperaturze +5\u00b0C do +25\u00b0C. Okres trwa\u0142o\u015bci: 18 miesi\u0119cy od daty produkcji.<\/p>\n","protected":false},"excerpt":{"rendered":"<p>elastyczny silikonowy kit uszczelniaj\u0105cy z octowym systemem utwardzania, przeznaczony do uszczelniania po\u0142\u0105cze\u0144 wystawionych na dzia\u0142anie temperatury do + 300\u00b0C. DEN BRAVEN GASKET 300\u00b0C &#8211; 310ml<\/p>\n","protected":false},"featured_media":14523,"comment_status":"open","ping_status":"closed","template":"","meta":{"_acf_changed":false,"inline_featured_image":false},"product_cat":[285],"product_tag":[955,1093,950],"class_list":{"0":"post-14484","1":"product","2":"type-product","3":"status-publish","4":"has-post-thumbnail","6":"product_cat-silikony-i-uszczelniacze","7":"product_tag-den-braven","8":"product_tag-kit","9":"product_tag-materialy-budowlane","11":"first","12":"instock","13":"shipping-taxable","14":"purchasable","15":"product-type-simple"},"acf":[],"_links":{"self":[{"href":"https:\/\/e-adams.pl\/de\/wp-json\/wp\/v2\/product\/14484","targetHints":{"allow":["GET"]}}],"collection":[{"href":"https:\/\/e-adams.pl\/de\/wp-json\/wp\/v2\/product"}],"about":[{"href":"https:\/\/e-adams.pl\/de\/wp-json\/wp\/v2\/types\/product"}],"replies":[{"embeddable":true,"href":"https:\/\/e-adams.pl\/de\/wp-json\/wp\/v2\/comments?post=14484"}],"wp:featuredmedia":[{"embeddable":true,"href":"https:\/\/e-adams.pl\/de\/wp-json\/wp\/v2\/media\/14523"}],"wp:attachment":[{"href":"https:\/\/e-adams.pl\/de\/wp-json\/wp\/v2\/media?parent=14484"}],"wp:term":[{"taxonomy":"product_cat","embeddable":true,"href":"https:\/\/e-adams.pl\/de\/wp-json\/wp\/v2\/product_cat?post=14484"},{"taxonomy":"product_tag","embeddable":true,"href":"https:\/\/e-adams.pl\/de\/wp-json\/wp\/v2\/product_tag?post=14484"}],"curies":[{"name":"wp","href":"https:\/\/api.w.org\/{rel}","templated":true}]}}