{"id":14485,"date":"2019-01-23T14:19:17","date_gmt":"2019-01-23T13:19:17","guid":{"rendered":"https:\/\/e-adams.pl\/sklep\/klej-debowy-mocny-klej-do-drewna-300ml\/"},"modified":"2023-08-29T17:17:43","modified_gmt":"2023-08-29T15:17:43","slug":"klej-do-drewna-den-braven-debowy-mocny-300ml","status":"publish","type":"product","link":"https:\/\/e-adams.pl\/de\/produkt\/klej-do-drewna-den-braven-debowy-mocny-300ml\/","title":{"rendered":"Klej do drewna DEN BRAVEN D\u0118BOWY MOCNY &#8211; 300ml"},"content":{"rendered":"<h3>Klej do drewna DEN BRAVEN D\u0118BOWY MOCNY &#8211; 300ml<\/h3>\n<p><img loading=\"lazy\" decoding=\"async\" class=\"aligncenter size-full wp-image-14529\" src=\"https:\/\/e-adams.pl\/wp-content\/uploads\/2019\/01\/klej-do-drewna-den-braven-debowy-mocny-300ml.jpg\" alt=\"klej do drewna \u017bary, den braven d\u0119bowy mocny 300ml, klej monta\u017cowy do drewna \u017bary, kleje do drewna \u017bary\" width=\"400\" height=\"400\" title=\"\"><\/p>\n<p style=\"text-align: justify;\">Jednosk\u0142adnikowy poliuretanowy klej monta\u017cowy do drewna, o klasie trwa\u0142o\u015bci D4 do zastosowa\u0144 zewn\u0119trznych i wewn\u0119trznych w domu, budownictwie i przemy\u015ble. Klei drewno, sklejki, p\u0142yty wi\u00f3rowe, korek, MDF, HDF \u2013 stolarka meblowa, architektura ogrodowa, zabudowa wn\u0119k, listwy wyko\u0144czeniowe, listwy maskuj\u0105ce, profile, uchwyty, parapety.<\/p>\n","protected":false},"excerpt":{"rendered":"<h3 style=\"color: #0099cc;\">Sprawd\u017a cen\u0119 i aktualny stan w sklepie<br \/>\n<strong>Kontakt:<\/strong> <a href=\"mailto:info@e-adams.pl\"><u><b>info@e-adams.pl<\/b><\/u><\/a><\/h3>\n","protected":false},"featured_media":14529,"comment_status":"open","ping_status":"closed","template":"","meta":{"_acf_changed":false,"inline_featured_image":false},"product_cat":[1475],"product_tag":[955,764,950],"class_list":{"0":"post-14485","1":"product","2":"type-product","3":"status-publish","4":"has-post-thumbnail","6":"product_cat-kleje-montazowe","7":"product_tag-den-braven","8":"product_tag-klej","9":"product_tag-materialy-budowlane","11":"first","12":"onbackorder","13":"shipping-taxable","14":"product-type-simple"},"acf":[],"_links":{"self":[{"href":"https:\/\/e-adams.pl\/de\/wp-json\/wp\/v2\/product\/14485","targetHints":{"allow":["GET"]}}],"collection":[{"href":"https:\/\/e-adams.pl\/de\/wp-json\/wp\/v2\/product"}],"about":[{"href":"https:\/\/e-adams.pl\/de\/wp-json\/wp\/v2\/types\/product"}],"replies":[{"embeddable":true,"href":"https:\/\/e-adams.pl\/de\/wp-json\/wp\/v2\/comments?post=14485"}],"wp:featuredmedia":[{"embeddable":true,"href":"https:\/\/e-adams.pl\/de\/wp-json\/wp\/v2\/media\/14529"}],"wp:attachment":[{"href":"https:\/\/e-adams.pl\/de\/wp-json\/wp\/v2\/media?parent=14485"}],"wp:term":[{"taxonomy":"product_cat","embeddable":true,"href":"https:\/\/e-adams.pl\/de\/wp-json\/wp\/v2\/product_cat?post=14485"},{"taxonomy":"product_tag","embeddable":true,"href":"https:\/\/e-adams.pl\/de\/wp-json\/wp\/v2\/product_tag?post=14485"}],"curies":[{"name":"wp","href":"https:\/\/api.w.org\/{rel}","templated":true}]}}