{"id":14486,"date":"2019-01-23T14:19:19","date_gmt":"2019-01-23T13:19:19","guid":{"rendered":"https:\/\/e-adams.pl\/sklep\/klej-mamut-bialy-silny-290ml\/"},"modified":"2024-07-15T11:31:14","modified_gmt":"2024-07-15T09:31:14","slug":"klej-montazowy-den-braven-mamut-glue-290ml","status":"publish","type":"product","link":"https:\/\/e-adams.pl\/de\/produkt\/klej-montazowy-den-braven-mamut-glue-290ml\/","title":{"rendered":"Klej monta\u017cowy DEN BRAVEN MAMUT GLUE &#8211; 290ml"},"content":{"rendered":"<h1>Przemys\u0142owy klej DEN BRAVEN MAMUT GLUEL<\/h1>\n<p>Jednosk\u0142adnikowy, trwale elastyczny, super lepki i g\u0119sty klej na bazie hybrydowej (technologia HD POLYMER), do mocowania ci\u0119\u017ckich lub mocno obci\u0105\u017conych materia\u0142\u00f3w, w domu, budownictwie i przemy\u015ble<\/p>\n<p style=\"text-align: justify;\">Elastyczne i wyj\u0105tkowo trwa\u0142e klejenie ci\u0119\u017ckich lub mocno obci\u0105\u017conych element\u00f3w (bez podpierania), w tym: ok\u0142adzin, blat\u00f3w, p\u00f3\u0142ek, ram, front\u00f3w, parapet\u00f3w, gzyms\u00f3w, prog\u00f3w, materia\u0142\u00f3w izolacyjnych, luster, maskownic, obud\u00f3w, tablic, ekran\u00f3w, paneli, w kombinacji z pod\u0142o\u017cami suchymi oraz lekko wilgotnymi. Przyklejanie materia\u0142\u00f3w dekarskich (np. blacha, dach\u00f3wki ceramiczne, cementowe).<\/p>\n<h3>W\u0141a\u015bciwo\u015bci i zastosowania produktu:<\/h3>\n<ul>\n<li> Klei z \u201esi\u0142\u0105 mamuta\u201d &#8211; do 22 kg\/cm\u00b2 maksymalna wytrzyma\u0142o\u015b\u0107 na zerwanie<\/li>\n<li> Klejenie bez podpierania (natychmiastowa przyczepno\u015b\u0107)<\/li>\n<li> Zast\u0119puje \u015bruby, ko\u0142ki i gwo\u017adzie (wysoce uniwersalny)<\/li>\n<li>Bardzo kr\u00f3tki czas schni\u0119cia (bez wody i rozpuszczalnik\u00f3w)<\/li>\n<li> Po utwardzeniu trwale elastyczny i odporny na dzia\u0142anie czynnik\u00f3w atmosferycznych (w tym: na temperatur\u0119 od &#8211; 40\u00b0C do + 90\u00b0C oraz wod\u0119)<\/li>\n<li> Do pod\u0142o\u017cy g\u0142adkich i porowatych, wewn\u0105trz i na zewn\u0105trz<\/li>\n<li> Bardzo dobrze przyczepny do wi\u0119kszo\u015bci pod\u0142o\u017cy budowlanych, w tym do: betonu, tynku, gipsu, kamienia, ceramiki budowlanej, szk\u0142a, stali, metali, lakierowanego drewna, PCW<\/li>\n<li> Odporny na sp\u0142ywanie (do zastosowa\u0144 poziomych i pionowych), powstawanie p\u0119cherzy, rys skurczowych i p\u0119kni\u0119\u0107<\/li>\n<li> Wysoka odporno\u015b\u0107 fizyczna i mechaniczna (bardzo dobrze znosi drgania i wibracje)<\/li>\n<li>Bezpieczny w u\u017cyciu &#8211; nie zawiera izocyjanian\u00f3w, silikonu, rozpuszczalnik\u00f3w, polichlorku winylu i plastyfikator\u00f3w<\/li>\n<li> Prawie bezwonny i neutralny chemicznie (mo\u017ce by\u0107 stosowany do luster, marmuru, piaskowca oraz granitu &#8211; nie uszkadza warstwy srebrzankowej luster i nie odbarwia kamienia naturalnego)<\/li>\n<li>Kolor: Bia\u0142y<\/li>\n<\/ul>\n","protected":false},"excerpt":{"rendered":"<p>Elastyczny klej monta\u017cowy do spajania mocno obci\u0105\u017conych element\u00f3w. DEN BRAVEN MAMUT GLUE<\/p>\n","protected":false},"featured_media":14526,"comment_status":"open","ping_status":"closed","template":"","meta":{"_acf_changed":false,"inline_featured_image":false},"product_cat":[1475],"product_tag":[955,764,950],"class_list":{"0":"post-14486","1":"product","2":"type-product","3":"status-publish","4":"has-post-thumbnail","6":"product_cat-kleje-montazowe","7":"product_tag-den-braven","8":"product_tag-klej","9":"product_tag-materialy-budowlane","11":"first","12":"instock","13":"shipping-taxable","14":"purchasable","15":"product-type-simple"},"acf":[],"_links":{"self":[{"href":"https:\/\/e-adams.pl\/de\/wp-json\/wp\/v2\/product\/14486","targetHints":{"allow":["GET"]}}],"collection":[{"href":"https:\/\/e-adams.pl\/de\/wp-json\/wp\/v2\/product"}],"about":[{"href":"https:\/\/e-adams.pl\/de\/wp-json\/wp\/v2\/types\/product"}],"replies":[{"embeddable":true,"href":"https:\/\/e-adams.pl\/de\/wp-json\/wp\/v2\/comments?post=14486"}],"wp:featuredmedia":[{"embeddable":true,"href":"https:\/\/e-adams.pl\/de\/wp-json\/wp\/v2\/media\/14526"}],"wp:attachment":[{"href":"https:\/\/e-adams.pl\/de\/wp-json\/wp\/v2\/media?parent=14486"}],"wp:term":[{"taxonomy":"product_cat","embeddable":true,"href":"https:\/\/e-adams.pl\/de\/wp-json\/wp\/v2\/product_cat?post=14486"},{"taxonomy":"product_tag","embeddable":true,"href":"https:\/\/e-adams.pl\/de\/wp-json\/wp\/v2\/product_tag?post=14486"}],"curies":[{"name":"wp","href":"https:\/\/api.w.org\/{rel}","templated":true}]}}