{"id":14487,"date":"2019-01-23T14:19:22","date_gmt":"2019-01-23T13:19:22","guid":{"rendered":"https:\/\/e-adams.pl\/sklep\/kotwa-chemiczna-dwuskladnikowa-300ml\/"},"modified":"2023-08-29T17:13:46","modified_gmt":"2023-08-29T15:13:46","slug":"kotwa-chemiczna-dwuskladnikowa-den-braven-300ml","status":"publish","type":"product","link":"https:\/\/e-adams.pl\/de\/produkt\/kotwa-chemiczna-dwuskladnikowa-den-braven-300ml\/","title":{"rendered":"Kotwa chemiczna dwusk\u0142adnikowa DEN BRAVEN &#8211; 300ml"},"content":{"rendered":"<h3>Kotwa chemiczna dwusk\u0142adnikowa DEN BRAVEN &#8211; 300ml<\/h3>\n<p><strong>Dwusk\u0142adnikowa, chemoutwardzalna, szybko twardniej\u0105ca ciek\u0142a kotwa na bazie \u017cywicy poliestrowej bez styrenu, do trwa\u0142ego mocowana element\u00f3w w materia\u0142ach budowlanych<\/strong><br \/>\n<img loading=\"lazy\" decoding=\"async\" class=\"aligncenter size-full wp-image-14532\" src=\"https:\/\/e-adams.pl\/wp-content\/uploads\/2019\/01\/kotwa-chemiczna-dwuskladnikowa-den-braven.jpg\" alt=\"kotwa chemiczna dwusk\u0142adnikowa \u017bary, den braven ciek\u0142a Kotwa \u017bary,\" width=\"400\" height=\"400\" title=\"\"><\/p>\n<p style=\"text-align: justify;\">Stosowanie: Wykonywanie zamocowa\u0144 element\u00f3w konstrukcji budowlanych w betonie niezarysowanym, klasy nie ni\u017cszej ni\u017c C20\/25 wg PN-EN 206-1:2003 oraz w murze z cegie\u0142 ceramicznych pe\u0142nych (klasy nie ni\u017cszej ni\u017c 15), w murze z cegie\u0142 dziurawek (klasy nie ni\u017cszej ni\u017c 7,5), w murze z cegie\u0142 silikatowych (klasy nie ni\u017cszej ni\u017c 15) wg PN-EN 771-1 i PN-EN 771-2:2006. Kotwienie gwintowanych pr\u0119t\u00f3w stalowych M8-M24 (tablice, p\u0142yty pami\u0105tkowe, \u0142awki, donice, kwietniki i \u015bmietniki na trotuarach, blokady parkingowe, drabiny, wsporniki, por\u0119cze, balustrady, filary, p\u0142oty, zawiasy bram, furtek ulicznych, markizy, kinkiety, latarnie, s\u0142upy, centrale klimatyzacyjne, okiennice, kraty, o\u015bcie\u017cnice, anteny satelitarne, tablice do gry w koszyk\u00f3wk\u0119, ekrany LCD, muszle toaletowe, umywalki, postumenty i p\u00f3\u0142postumenty umywalkowe, wentylatory podsufitowe, hu\u015btawki, wieszaki, p\u00f3\u0142ki).<\/p>\n<h3>W\u0141A\u015aCIWO\u015aCI<\/h3>\n<p>&#8211; Nie zawiera styrenu (nie wydziela ostrej woni)<br \/>\n&#8211; Do u\u017cycia wewn\u0105trz i na zewn\u0105trz pomieszcze\u0144<br \/>\n&#8211; Wysoki komfort i bezpiecze\u0144stwo pracy (nie jest klasyfikowana jako wyr\u00f3b niebezpieczny)<br \/>\n&#8211; Niepalna<br \/>\n&#8211; Ekspresowy monta\u017c (chemoutwardzalna)<br \/>\n&#8211; Kotwienie w betonie oraz w murze z cegie\u0142 ceramicznych pe\u0142nych, cegie\u0142 dziurawek, cegie\u0142 silikatowych<br \/>\n&#8211; Kotwienie w silikatach, ceg\u0142ach pe\u0142nych i dr\u0105\u017conych odbywa si\u0119 z u\u017cyciem polipropylenowych tulei perforowanych<br \/>\n&#8211; Nie wymaga stosowania specjalistycznych narz\u0119dzi &#8211; aplikacja odbywa si\u0119 z wykorzystaniem standardowego pistoletu<br \/>\n&#8211; Mo\u017cliwo\u015b\u0107 mocowania blisko kraw\u0119dzi pod\u0142o\u017ca bez ryzyka wyszczerbienia czy p\u0119kni\u0119\u0107 (brak napr\u0119\u017ce\u0144 wewn\u0119trznych w stosunku do tradycyjnych ko\u0142k\u00f3w rozporowych czy kotew mechanicznych)<br \/>\n&#8211; Aprobata ETA 12\/0394; Certyfikat Zgodno\u015bci 1488-CPD-0327\/W; DWU 12\/0394-R-KEM-II z 11.02.2015; Aprobata ETA 12\/0528; Certyfikat Zgodno\u015bci 1488-CPR-0369\/W; DWU 12\/0528-R-KEM-II z 25.10.2016<\/p>\n","protected":false},"excerpt":{"rendered":"<h3 style=\"color: #0099cc;\">Sprawd\u017a cen\u0119 i aktualny stan w sklepie<br \/>\n<strong>Kontakt:<\/strong> <a href=\"mailto:info@e-adams.pl\"><u><b>info@e-adams.pl<\/b><\/u><\/a><\/h3>\n","protected":false},"featured_media":14532,"comment_status":"open","ping_status":"closed","template":"","meta":{"_acf_changed":false,"inline_featured_image":false},"product_cat":[1592],"product_tag":[955,1094,950],"class_list":{"0":"post-14487","1":"product","2":"type-product","3":"status-publish","4":"has-post-thumbnail","6":"product_cat-kotwy-i-zywice","7":"product_tag-den-braven","8":"product_tag-kotwa","9":"product_tag-materialy-budowlane","11":"first","12":"onbackorder","13":"shipping-taxable","14":"product-type-simple"},"acf":[],"_links":{"self":[{"href":"https:\/\/e-adams.pl\/de\/wp-json\/wp\/v2\/product\/14487","targetHints":{"allow":["GET"]}}],"collection":[{"href":"https:\/\/e-adams.pl\/de\/wp-json\/wp\/v2\/product"}],"about":[{"href":"https:\/\/e-adams.pl\/de\/wp-json\/wp\/v2\/types\/product"}],"replies":[{"embeddable":true,"href":"https:\/\/e-adams.pl\/de\/wp-json\/wp\/v2\/comments?post=14487"}],"wp:featuredmedia":[{"embeddable":true,"href":"https:\/\/e-adams.pl\/de\/wp-json\/wp\/v2\/media\/14532"}],"wp:attachment":[{"href":"https:\/\/e-adams.pl\/de\/wp-json\/wp\/v2\/media?parent=14487"}],"wp:term":[{"taxonomy":"product_cat","embeddable":true,"href":"https:\/\/e-adams.pl\/de\/wp-json\/wp\/v2\/product_cat?post=14487"},{"taxonomy":"product_tag","embeddable":true,"href":"https:\/\/e-adams.pl\/de\/wp-json\/wp\/v2\/product_tag?post=14487"}],"curies":[{"name":"wp","href":"https:\/\/api.w.org\/{rel}","templated":true}]}}