{"id":14493,"date":"2019-01-23T14:19:37","date_gmt":"2019-01-23T13:19:37","guid":{"rendered":"https:\/\/e-adams.pl\/sklep\/silikon-sanitarny-bialy-300ml-den-braven\/"},"modified":"2023-08-18T09:10:05","modified_gmt":"2023-08-18T07:10:05","slug":"silikon-sanitarny-den-braven-300ml","status":"publish","type":"product","link":"https:\/\/e-adams.pl\/de\/produkt\/silikon-sanitarny-den-braven-300ml\/","title":{"rendered":"Silikon sanitarny DEN BRAVEN &#8211; 300ml"},"content":{"rendered":"<h3>Silikon sanitarny DEN BRAVEN &#8211; 300ml<\/h3>\n<p><strong>Jednosk\u0142adnikowy, trwale elastyczny silikonowy kit uszczelniaj\u0105cy z octowym systemem utwardzania, przeznaczony do uszczelnie\u0144 szklarskich<\/strong><br \/>\n<img loading=\"lazy\" decoding=\"async\" src=\"https:\/\/e-adams.pl\/wp-content\/uploads\/2019\/01\/silikon-sanitarny-den-braven.jpg\" alt=\"silikon sanitarny den braven \u017bary, kit uszczelniaj\u0105cy \u017bary, elastyczny silikon \u017bary, Silikon do drewna lakierowanego \u017bary\" width=\"400\" height=\"400\" class=\"aligncenter size-full wp-image-14561\" title=\"\"><\/p>\n<p style=\"text-align: justify;\">Stosowanie: Szklenie okien drewnianych, gablot, lad, terrari\u00f3w, kaseton\u00f3w reklamowych, mebli i witryn szklanych. Elastyczne uszczelnianie po\u0142\u0105cze\u0144 pomi\u0119dzy materia\u0142ami budowlanymi a elementami wyko\u0144czeniowymi w kombinacji ze szk\u0142em, lakierowanym drewnem, stal\u0105 emaliowan\u0105, ceramik\u0105, glazur\u0105, terakot\u0105, gresem szkliwionym.<\/p>\n<h3>W\u0141A\u015aCIWO\u015aCI<\/h3>\n<p>&#8211; Idealnie przyczepny do szk\u0142a i lakierowanego drewna<br \/>\n&#8211; Tworzy trwale elastyczn\u0105, g\u0142adk\u0105 i po\u0142yskliw\u0105 fug\u0119, odporn\u0105 na odbarwienia<br \/>\n&#8211; Do zastosowa\u0144 wewn\u0119trznych i zewn\u0119trznych<br \/>\n&#8211; Wytrzyma\u0142y w zmiennych warunkach klimatycznych<br \/>\n&#8211; Nie \u017c\u00f3\u0142knie<br \/>\n&#8211; Kolory: Bezbarwny, Bia\u0142y, Br\u0105zowy<\/p>\n","protected":false},"excerpt":{"rendered":"<h3 style=\"color: #0099cc;\">Sprawd\u017a cen\u0119 i aktualny stan w sklepie<br \/>\n<strong>Kontakt:<\/strong> <a href=\"mailto:info@e-adams.pl\"><u><b>info@e-adams.pl<\/b><\/u><\/a><\/h3>\n","protected":false},"featured_media":14561,"comment_status":"open","ping_status":"closed","template":"","meta":{"_acf_changed":false,"inline_featured_image":false},"product_cat":[285],"product_tag":[955,950,338],"class_list":{"0":"post-14493","1":"product","2":"type-product","3":"status-publish","4":"has-post-thumbnail","6":"product_cat-silikony-i-uszczelniacze","7":"product_tag-den-braven","8":"product_tag-materialy-budowlane","9":"product_tag-silikon","11":"first","12":"onbackorder","13":"shipping-taxable","14":"product-type-simple"},"acf":[],"_links":{"self":[{"href":"https:\/\/e-adams.pl\/de\/wp-json\/wp\/v2\/product\/14493","targetHints":{"allow":["GET"]}}],"collection":[{"href":"https:\/\/e-adams.pl\/de\/wp-json\/wp\/v2\/product"}],"about":[{"href":"https:\/\/e-adams.pl\/de\/wp-json\/wp\/v2\/types\/product"}],"replies":[{"embeddable":true,"href":"https:\/\/e-adams.pl\/de\/wp-json\/wp\/v2\/comments?post=14493"}],"wp:featuredmedia":[{"embeddable":true,"href":"https:\/\/e-adams.pl\/de\/wp-json\/wp\/v2\/media\/14561"}],"wp:attachment":[{"href":"https:\/\/e-adams.pl\/de\/wp-json\/wp\/v2\/media?parent=14493"}],"wp:term":[{"taxonomy":"product_cat","embeddable":true,"href":"https:\/\/e-adams.pl\/de\/wp-json\/wp\/v2\/product_cat?post=14493"},{"taxonomy":"product_tag","embeddable":true,"href":"https:\/\/e-adams.pl\/de\/wp-json\/wp\/v2\/product_tag?post=14493"}],"curies":[{"name":"wp","href":"https:\/\/api.w.org\/{rel}","templated":true}]}}