{"id":14495,"date":"2019-01-23T14:19:41","date_gmt":"2019-01-23T13:19:41","guid":{"rendered":"https:\/\/e-adams.pl\/sklep\/silikon-uniwersalny-1001-bezbarwny-310ml\/"},"modified":"2023-08-18T09:09:40","modified_gmt":"2023-08-18T07:09:40","slug":"silikon-uniwersalny-den-braven-1001u-310ml","status":"publish","type":"product","link":"https:\/\/e-adams.pl\/de\/produkt\/silikon-uniwersalny-den-braven-1001u-310ml\/","title":{"rendered":"Silikon uniwersalny DEN BRAVEN 1001U &#8211; 310ml"},"content":{"rendered":"<h3>Silikon uniwersalny DEN BRAVEN 1001U &#8211; 310ml<\/h3>\n<p><strong>Uniwersalny, jednosk\u0142adnikowy, trwale elastyczny silikonowy kit uszczelniaj\u0105cy z octowym systemem utwardzania, przeznaczony do uszczelnie\u0144 budowlanych<\/strong><br \/>\n<img loading=\"lazy\" decoding=\"async\" src=\"https:\/\/e-adams.pl\/wp-content\/uploads\/2019\/01\/silikon-uniwersalny-den-braven-1001u.jpg\" alt=\"silikon uniwersalny \u017bary, den braven silikon 1001u, kit uszczelniaj\u0105cy \u017bary, Silikon Bezbarwny \u017bary, Silikon Be\u017cowy \u017bary, Silikon Bia\u0142y \u017bary, Br\u0105zowy \u017bary, Silikon Szary \u017bary, Silikon Czarny \u017bary\" width=\"400\" height=\"400\" class=\"aligncenter size-full wp-image-14555\" title=\"\"><\/p>\n<p style=\"text-align: justify;\">Stosowanie: Elastyczne uszczelnienia w zastosowaniach budowlanych, remontowych i wyko\u0144czeniowych. Uszczelnianie po\u0142\u0105cze\u0144 materia\u0142\u00f3w budowlanych, element\u00f3w wyko\u0144czeniowych, po\u0142\u0105cze\u0144 ram okiennych, drzwiowych, parapet\u00f3w, coko\u0142\u00f3w, prog\u00f3w, listew, boazerii. Szklenie okien w ramach drewnianych, witryn sklepowych, szyb wystawowych, lad, gablot, znak\u00f3w, tablic, kaseton\u00f3w reklamowych.<\/p>\n<h3>W\u0141A\u015aCIWO\u015aCI<\/h3>\n<p>&#8211; Tworzy trwale elastyczn\u0105, g\u0142adk\u0105, po\u0142yskliw\u0105, wodoodporn\u0105, szczeln\u0105 i odporn\u0105 na odbarwienia fug\u0119<br \/>\n&#8211; Bardzo dobrze przyczepny do szk\u0142a, ceramiki, porcelany, lakierowanego drewna, powierzchni szkliwionych, glazurowanych i emaliowanych<br \/>\n&#8211; Do zastosowa\u0144 zewn\u0119trznych i wewn\u0119trznych<br \/>\n&#8211; Wysoce odporny na UV, opady, wilgo\u0107 i szeroki zakres temperatur<br \/>\n&#8211; \u0141atwy w nak\u0142adaniu i formowaniu<br \/>\n&#8211; Kolory: Bezbarwny, Be\u017cowy, Bia\u0142y, Br\u0105zowy, Szary, Czarny<\/p>\n","protected":false},"excerpt":{"rendered":"<h3 style=\"color: #0099cc;\">Sprawd\u017a cen\u0119 i aktualny stan w sklepie<br \/>\n<strong>Kontakt:<\/strong> <a href=\"mailto:info@e-adams.pl\"><u><b>info@e-adams.pl<\/b><\/u><\/a><\/h3>\n","protected":false},"featured_media":14555,"comment_status":"open","ping_status":"closed","template":"","meta":{"_acf_changed":false,"inline_featured_image":false},"product_cat":[285],"product_tag":[955,950,338],"class_list":{"0":"post-14495","1":"product","2":"type-product","3":"status-publish","4":"has-post-thumbnail","6":"product_cat-silikony-i-uszczelniacze","7":"product_tag-den-braven","8":"product_tag-materialy-budowlane","9":"product_tag-silikon","11":"first","12":"onbackorder","13":"shipping-taxable","14":"product-type-simple"},"acf":[],"_links":{"self":[{"href":"https:\/\/e-adams.pl\/de\/wp-json\/wp\/v2\/product\/14495","targetHints":{"allow":["GET"]}}],"collection":[{"href":"https:\/\/e-adams.pl\/de\/wp-json\/wp\/v2\/product"}],"about":[{"href":"https:\/\/e-adams.pl\/de\/wp-json\/wp\/v2\/types\/product"}],"replies":[{"embeddable":true,"href":"https:\/\/e-adams.pl\/de\/wp-json\/wp\/v2\/comments?post=14495"}],"wp:featuredmedia":[{"embeddable":true,"href":"https:\/\/e-adams.pl\/de\/wp-json\/wp\/v2\/media\/14555"}],"wp:attachment":[{"href":"https:\/\/e-adams.pl\/de\/wp-json\/wp\/v2\/media?parent=14495"}],"wp:term":[{"taxonomy":"product_cat","embeddable":true,"href":"https:\/\/e-adams.pl\/de\/wp-json\/wp\/v2\/product_cat?post=14495"},{"taxonomy":"product_tag","embeddable":true,"href":"https:\/\/e-adams.pl\/de\/wp-json\/wp\/v2\/product_tag?post=14495"}],"curies":[{"name":"wp","href":"https:\/\/api.w.org\/{rel}","templated":true}]}}