{"id":14496,"date":"2019-01-23T14:19:48","date_gmt":"2019-01-23T13:19:48","guid":{"rendered":"https:\/\/e-adams.pl\/sklep\/tixoplast-czarny-310ml\/"},"modified":"2024-07-15T11:31:13","modified_gmt":"2024-07-15T09:31:13","slug":"uszczelniacz-klej-dekarski-den-braven-tixoplast-310ml","status":"publish","type":"product","link":"https:\/\/e-adams.pl\/de\/produkt\/uszczelniacz-klej-dekarski-den-braven-tixoplast-310ml\/","title":{"rendered":"Uszczelniacz-klej dekarski DEN BRAVEN TIXOPLAST &#8211; 310ml"},"content":{"rendered":"<h3>Uszczelniacz-klej dekarski DEN BRAVEN TIXOPLAST &#8211; 310ml<\/h3>\n<p><strong>Plastyczno-elastyczny, bitumiczny uszczelniacz-klej dekarski na bazie bitum\u00f3w i \u017cywic, do naprawy i izolacji pokry\u0107 dachowych z papy i blachy<\/strong><br \/>\n<img loading=\"lazy\" decoding=\"async\" src=\"https:\/\/e-adams.pl\/wp-content\/uploads\/2019\/01\/uszczelniacz-klej-dekarski-den-braven-tixoplast.jpg\" alt=\"uszczelniacz klej dekarski \u017bary, den braven tixoplast, bitumiczny uszczelniacz dekarski \u017bary\" width=\"400\" height=\"400\" class=\"aligncenter size-full wp-image-14567\" title=\"\"><\/p>\n<p style=\"text-align: justify;\">Wodoszczelne uszczelnianie i miejscowe przyklejanie papy, gont\u00f3w bitumicznych, bitumicznych p\u0142yt falistych. Uszczelnianie przeciek\u00f3w, p\u0119kni\u0119\u0107, szw\u00f3w, po\u0142\u0105cze\u0144 opierze\u0144 blacharskich i z\u0142\u0105czy w kombinacji z materia\u0142ami bitumicznymi, metalami, drewnem, kamieniem i betonem. Wype\u0142nianie i uszczelnianie szczelin wok\u00f3\u0142 przepust\u00f3w dachowych, tj. przewod\u00f3w wentylacyjnych, spalinowych, a tak\u017ce rynien, rur spustowych, kopu\u0142, \u015bwietlik\u00f3w, komin\u00f3w, maszt\u00f3w antenowych. Awaryjne naprawy dekarskie, np. usuwanie p\u0119cherzy w pokryciach z papy, uszczelnianie po\u0142\u0105cze\u0144 zak\u0142adkowych papy (tak\u017ce w mokrych warunkach).<\/p>\n<h3>W\u0141A\u015aCIWO\u015aCI<\/h3>\n<p>&#8211; Utwardza si\u0119 pod wp\u0142ywem odparowania rozpuszczalnika, tworz\u0105c trwale plastyczno-elastyczne wi\u0105zanie<br \/>\n&#8211; Nie wymaga mieszania, podgrzewania<br \/>\n&#8211; Tworzy trwa\u0142\u0105, wytrzyma\u0142\u0105 i wodoszczeln\u0105 spoin\u0119<br \/>\n&#8211; Bardzo dobrze przyczepny do wielu pod\u0142o\u017cy, w tym: pod\u0142o\u017cy bitumicznych i mineralnych (suchych i mokrych), zapraw, betonu, kamienia, metali<br \/>\n&#8211; Mo\u017ce by\u0107 uk\u0142adany bezpo\u015brednio na pap\u0119 i pokrycia bitumiczne<br \/>\n&#8211; Odporny na dzia\u0142anie czynnik\u00f3w atmosferycznych<br \/>\n&#8211; Odporny na sp\u0142ywanie, \u0142uszczenie, powstawanie rys skurczowych<br \/>\n&#8211; Nieszkodliwy w u\u017cyciu \u2013 nie zawiera azbestu<br \/>\n&#8211; Nie powoduje korozji ocynkowanych blach i \u0142\u0105cznik\u00f3w<\/p>\n","protected":false},"excerpt":{"rendered":"<h3 style=\"color: #0099cc;\">Sprawd\u017a cen\u0119 i aktualny stan w sklepie<br \/>\n<strong>Kontakt:<\/strong> <a href=\"mailto:info@e-adams.pl\"><u><b>info@e-adams.pl<\/b><\/u><\/a><\/h3>\n","protected":false},"featured_media":14567,"comment_status":"open","ping_status":"closed","template":"","meta":{"_acf_changed":false,"inline_featured_image":false},"product_cat":[285],"product_tag":[955,764,950,1097],"class_list":{"0":"post-14496","1":"product","2":"type-product","3":"status-publish","4":"has-post-thumbnail","6":"product_cat-silikony-i-uszczelniacze","7":"product_tag-den-braven","8":"product_tag-klej","9":"product_tag-materialy-budowlane","10":"product_tag-uszczelniacz","12":"first","13":"instock","14":"shipping-taxable","15":"purchasable","16":"product-type-simple"},"acf":[],"_links":{"self":[{"href":"https:\/\/e-adams.pl\/de\/wp-json\/wp\/v2\/product\/14496","targetHints":{"allow":["GET"]}}],"collection":[{"href":"https:\/\/e-adams.pl\/de\/wp-json\/wp\/v2\/product"}],"about":[{"href":"https:\/\/e-adams.pl\/de\/wp-json\/wp\/v2\/types\/product"}],"replies":[{"embeddable":true,"href":"https:\/\/e-adams.pl\/de\/wp-json\/wp\/v2\/comments?post=14496"}],"wp:featuredmedia":[{"embeddable":true,"href":"https:\/\/e-adams.pl\/de\/wp-json\/wp\/v2\/media\/14567"}],"wp:attachment":[{"href":"https:\/\/e-adams.pl\/de\/wp-json\/wp\/v2\/media?parent=14496"}],"wp:term":[{"taxonomy":"product_cat","embeddable":true,"href":"https:\/\/e-adams.pl\/de\/wp-json\/wp\/v2\/product_cat?post=14496"},{"taxonomy":"product_tag","embeddable":true,"href":"https:\/\/e-adams.pl\/de\/wp-json\/wp\/v2\/product_tag?post=14496"}],"curies":[{"name":"wp","href":"https:\/\/api.w.org\/{rel}","templated":true}]}}