{"id":14498,"date":"2019-01-23T14:19:52","date_gmt":"2019-01-23T13:19:52","guid":{"rendered":"https:\/\/e-adams.pl\/sklep\/silikon-x-polymer-bialy-290ml\/"},"modified":"2023-08-18T09:07:00","modified_gmt":"2023-08-18T07:07:00","slug":"uszczelniacz-klej-do-wszystkiego-den-braven-x-polymer-290ml","status":"publish","type":"product","link":"https:\/\/e-adams.pl\/de\/produkt\/uszczelniacz-klej-do-wszystkiego-den-braven-x-polymer-290ml\/","title":{"rendered":"Uszczelniacz-klej do wszystkiego DEN BRAVEN X-POLYMER &#8211; 290ml"},"content":{"rendered":"<h3>Uszczelniacz-klej do wszystkiego DEN BRAVEN X-POLYMER &#8211; 290ml<\/h3>\n<p><strong>Jednosk\u0142adnikowy, trwale elastyczny kit na bazie HD Polimeru, do zastosowa\u0144 og\u00f3lnobudowlanych wewn\u0105trz i na zewn\u0105trz pomieszcze\u0144<\/strong><br \/>\n<img loading=\"lazy\" decoding=\"async\" src=\"https:\/\/e-adams.pl\/wp-content\/uploads\/2019\/01\/uszczelniacz-klej-do-wszystkiego-den-braven-x-polymer.jpg\" alt=\"uszczelniacz \u017bary, klej do wszystkiego \u017bary, den braven x-polymer, Klej polimerowy \u017bary, Uszczelniacz polimerowy \u017bary\" width=\"400\" height=\"400\" class=\"aligncenter size-full wp-image-14564\" title=\"\"><\/p>\n<p style=\"text-align: justify;\">Stosowanie: USZCZELNIENIA og\u00f3lnobudowlane oraz dylatacje. KLEJENIE materia\u0142\u00f3w budowlanych oraz element\u00f3w wyko\u0144czeniowych, wewn\u0105trz i na zewn\u0105trz, tak\u017ce w pomieszczeniach sanitarnych i przy po\u015brednim kontakcie z \u017cywno\u015bci\u0105. W szczeg\u00f3lno\u015bci wype\u0142nianie p\u0119kni\u0119\u0107, rys i szczelin w betonie, ceramice budowlanej, tynkach, gipsach, drewnie, kamieniu. Uszczelnienia sanitarne (umywalki, wanny, kabiny prysznicowe, blaty kuchenne itp.). Naro\u017cnikowe uszczelnienia po\u0142\u0105cze\u0144 p\u0142ytek ceramicznych. Przyklejanie niewielkich materia\u0142\u00f3w izolacyjnych, parapet\u00f3w, dekoracji \u015bciennych, prog\u00f3w, kaseton\u00f3w, rozet, listew wyko\u0144czeniowych, p\u0142ytek, paneli, uchwyt\u00f3w, p\u00f3\u0142ek, ram. Klejenie oraz uszczelnianie gablot, kaseton\u00f3w reklamowych, witryn, mebli. Dylatacje posadzkowe i fasadowe. Urz\u0105dzenia ch\u0142odnicze, kontenery, autoch\u0142odnie, p\u0142yty warstwowe konstrukcyjne, zak\u0142ady przemys\u0142u spo\u017cywczego.<\/p>\n<h3>W\u0141A\u015aCIWO\u015aCI<\/h3>\n<p>&#8211; 100% gwarancja szczelno\u015bci<br \/>\n&#8211; Nieagresywny i bezwonny<br \/>\n&#8211; Ekstremalna elastyczno\u015b\u0107 w szerokim zakresie temperatur od &#8211; 40\u00b0C do + 90\u00b0C<br \/>\n&#8211; Odporno\u015b\u0107 na UV (uwaga: kolor bia\u0142y mo\u017ce ulega\u0107 odbarwieniu)<br \/>\n&#8211; Maksymalna przyczepno\u015b\u0107 bez podk\u0142adu do wi\u0119kszo\u015bci pod\u0142o\u017cy budowlanych, g\u0142adkich i porowatych, suchych i wilgotnych, ch\u0142onnych i niech\u0142onnych, w pionie i poziomie<br \/>\n&#8211; Wodoodporny (tak\u017ce do uszczelnie\u0144 sanitarnych)<br \/>\n&#8211; Po wyschni\u0119ciu skutecznie malowalny bez rys i odbarwie\u0144<br \/>\n&#8211; Tworzy r\u00f3wn\u0105, niezapadaj\u0105c\u0105 si\u0119 fug\u0119, bez ryzyka tworzenia si\u0119 p\u0119cherzy w kontakcie z wilgotnym pod\u0142o\u017cem lub powietrzem<br \/>\n&#8211; Znikomy skurcz &#8211; nie tworzy szkodliwych napr\u0119\u017ce\u0144<br \/>\n&#8211; Wysoka odporno\u015b\u0107 fizyczna (odporny na dzia\u0142anie czynnik\u00f3w atmosferycznych, grzyby i ple\u015bnie)<br \/>\n&#8211; Wysoka odporno\u015b\u0107 mechaniczna (odporny na drgania, wibracje, prac\u0119 materia\u0142\u00f3w budowlanych)<br \/>\n&#8211; Bezpieczny dla u\u017cytkownika &#8211; bez izocyjanian\u00f3w, silikonu, rozpuszczalnik\u00f3w<br \/>\n&#8211; Niekorozyjny w stosunku do metali<br \/>\n&#8211; Kolory: Bia\u0142y, Br\u0105zowy, Czarny, Szary<\/p>\n","protected":false},"excerpt":{"rendered":"<h3 style=\"color: #0099cc;\">Sprawd\u017a cen\u0119 i aktualny stan w sklepie<br \/>\n<strong>Kontakt:<\/strong> <a href=\"mailto:info@e-adams.pl\"><u><b>info@e-adams.pl<\/b><\/u><\/a><\/h3>\n","protected":false},"featured_media":14564,"comment_status":"open","ping_status":"closed","template":"","meta":{"_acf_changed":false,"inline_featured_image":false},"product_cat":[285],"product_tag":[955,764,950,1097],"class_list":{"0":"post-14498","1":"product","2":"type-product","3":"status-publish","4":"has-post-thumbnail","6":"product_cat-silikony-i-uszczelniacze","7":"product_tag-den-braven","8":"product_tag-klej","9":"product_tag-materialy-budowlane","10":"product_tag-uszczelniacz","12":"first","13":"onbackorder","14":"shipping-taxable","15":"product-type-simple"},"acf":[],"_links":{"self":[{"href":"https:\/\/e-adams.pl\/de\/wp-json\/wp\/v2\/product\/14498","targetHints":{"allow":["GET"]}}],"collection":[{"href":"https:\/\/e-adams.pl\/de\/wp-json\/wp\/v2\/product"}],"about":[{"href":"https:\/\/e-adams.pl\/de\/wp-json\/wp\/v2\/types\/product"}],"replies":[{"embeddable":true,"href":"https:\/\/e-adams.pl\/de\/wp-json\/wp\/v2\/comments?post=14498"}],"wp:featuredmedia":[{"embeddable":true,"href":"https:\/\/e-adams.pl\/de\/wp-json\/wp\/v2\/media\/14564"}],"wp:attachment":[{"href":"https:\/\/e-adams.pl\/de\/wp-json\/wp\/v2\/media?parent=14498"}],"wp:term":[{"taxonomy":"product_cat","embeddable":true,"href":"https:\/\/e-adams.pl\/de\/wp-json\/wp\/v2\/product_cat?post=14498"},{"taxonomy":"product_tag","embeddable":true,"href":"https:\/\/e-adams.pl\/de\/wp-json\/wp\/v2\/product_tag?post=14498"}],"curies":[{"name":"wp","href":"https:\/\/api.w.org\/{rel}","templated":true}]}}