{"id":14500,"date":"2019-01-23T14:19:57","date_gmt":"2019-01-23T13:19:57","guid":{"rendered":"https:\/\/e-adams.pl\/sklep\/silikon-elast-o-rub-bialy\/"},"modified":"2024-02-15T11:48:53","modified_gmt":"2024-02-15T10:48:53","slug":"silikon-dekarski-den-braven-elast-o-rub-300ml","status":"publish","type":"product","link":"https:\/\/e-adams.pl\/de\/produkt\/silikon-dekarski-den-braven-elast-o-rub-300ml\/","title":{"rendered":"Silikon dekarski DEN BRAVEN ELAST-O-RUB &#8211; 300ml"},"content":{"rendered":"<h3>Silikon dekarski DEN BRAVEN ELAST-O-RUB &#8211; 300ml<\/h3>\n<p><strong>Ttrwale plastyczno-elastyczny, kauczukowy uszczelniacz dekarski, do uszczelniania pokry\u0107, rynien i obr\u00f3bek z blachy<\/strong><br \/>\n<img loading=\"lazy\" decoding=\"async\" src=\"https:\/\/e-adams.pl\/wp-content\/uploads\/2019\/01\/silikon-dekarski-den-braven-elast-o-rub.jpg\" alt=\"silikon dekarski \u017bary, den braven elast-o-rub, uszczelniacz dekarski \u017bary, kauczukowy uszczelniacz \u017bary\" width=\"400\" height=\"400\" class=\"aligncenter size-full wp-image-14570\" title=\"\"><\/p>\n<p style=\"text-align: justify;\">Stosowanie: Uszczelnianie po\u0142\u0105cze\u0144 element\u00f3w budowlanych wykonanych z blachy, stali, betonu, drewna i wybranych tworzyw sztucznych. Uszczelnianie po\u0142\u0105cze\u0144 pokry\u0107 blacharskich, blachodach\u00f3wki, opierze\u0144, blaszanych parapet\u00f3w, kopu\u0142, na\u015bwietli. Wype\u0142nianie p\u0119kni\u0119\u0107 w betonie, kamieniu, ceramice budowlanej. Uszczelnianie konstrukcji stalowych, po\u0142\u0105cze\u0144 blachy profilowanej (np. blachy falistej, trapezowej), ko\u0142nierzy okien dachowych, rynien, rur spustowych. Uszczelnianie blaszanych paneli elewacyjnych, balustrad.<\/p>\n<h3>W\u0141A\u015aCIWO\u015aCI<\/h3>\n<p>&#8211; Utwardza si\u0119 pod wp\u0142ywem odparowania rozpuszczalnika<br \/>\n&#8211; Trwale plastyczno-elastyczny<br \/>\n&#8211; Wysoce odporny na dzia\u0142anie grzyb\u00f3w ple\u015bniowych i warunk\u00f3w atmosferycznych<br \/>\n&#8211; Ponadto odporny na powstawanie rys skurczowych, p\u0119kni\u0119\u0107 i sp\u0142ywanie<br \/>\n&#8211; Przyczepny do wi\u0119kszo\u015bci pod\u0142o\u017cy spotykanych w budownictwie (tak\u017ce mokrych)<br \/>\n&#8211; Odporny na promieniowanie UV (nie odbarwia si\u0119)<br \/>\n&#8211; Nie powoduje korozji (tak\u017ce do metali szlachetnych, np. miedzi)<br \/>\n&#8211; Po wyschni\u0119ciu malowalny farbami i lakierami<br \/>\n&#8211; Nie zawiera silikonu<br \/>\n&#8211; Nie odbarwia pod\u0142o\u017cy<br \/>\n&#8211; Kolory: Bezbarwny, Bia\u0142y, Br\u0105zowy, Ceglasty, Szary, Czarny<\/p>\n","protected":false},"excerpt":{"rendered":"<h3 style=\"color: #0099cc;\">Sprawd\u017a cen\u0119 i aktualny stan w sklepie<br \/>\n<strong>Kontakt:<\/strong> <a href=\"mailto:info@e-adams.pl\"><u><b>info@e-adams.pl<\/b><\/u><\/a><\/h3>\n","protected":false},"featured_media":14570,"comment_status":"open","ping_status":"closed","template":"","meta":{"_acf_changed":false,"inline_featured_image":false},"product_cat":[285],"product_tag":[955,950,338],"class_list":{"0":"post-14500","1":"product","2":"type-product","3":"status-publish","4":"has-post-thumbnail","6":"product_cat-silikony-i-uszczelniacze","7":"product_tag-den-braven","8":"product_tag-materialy-budowlane","9":"product_tag-silikon","11":"first","12":"instock","13":"shipping-taxable","14":"purchasable","15":"product-type-simple"},"acf":[],"_links":{"self":[{"href":"https:\/\/e-adams.pl\/de\/wp-json\/wp\/v2\/product\/14500","targetHints":{"allow":["GET"]}}],"collection":[{"href":"https:\/\/e-adams.pl\/de\/wp-json\/wp\/v2\/product"}],"about":[{"href":"https:\/\/e-adams.pl\/de\/wp-json\/wp\/v2\/types\/product"}],"replies":[{"embeddable":true,"href":"https:\/\/e-adams.pl\/de\/wp-json\/wp\/v2\/comments?post=14500"}],"wp:featuredmedia":[{"embeddable":true,"href":"https:\/\/e-adams.pl\/de\/wp-json\/wp\/v2\/media\/14570"}],"wp:attachment":[{"href":"https:\/\/e-adams.pl\/de\/wp-json\/wp\/v2\/media?parent=14500"}],"wp:term":[{"taxonomy":"product_cat","embeddable":true,"href":"https:\/\/e-adams.pl\/de\/wp-json\/wp\/v2\/product_cat?post=14500"},{"taxonomy":"product_tag","embeddable":true,"href":"https:\/\/e-adams.pl\/de\/wp-json\/wp\/v2\/product_tag?post=14500"}],"curies":[{"name":"wp","href":"https:\/\/api.w.org\/{rel}","templated":true}]}}