{"id":14501,"date":"2019-01-23T14:19:59","date_gmt":"2019-01-23T13:19:59","guid":{"rendered":"https:\/\/e-adams.pl\/sklep\/uszczelniacz-wysokotemperaturowy-1200c\/"},"modified":"2024-05-10T11:02:12","modified_gmt":"2024-05-10T09:02:12","slug":"uszczelniacz-den-braven-1200c-300ml","status":"publish","type":"product","link":"https:\/\/e-adams.pl\/de\/produkt\/uszczelniacz-den-braven-1200c-300ml\/","title":{"rendered":"Uszczelniacz wysokotemperaturowy DEN BRAVEN 1200\u00b0C &#8211; 300ml"},"content":{"rendered":"<h2>Uszczelniacz wysokotemperaturowy DEN BRAVEN 1200\u00b0C &#8211; 300ml<\/h2>\n<p>Silikon wysokotemperaturowy wyr\u00f3\u017cnia si\u0119 odporno\u015bci\u0105 na bardzo wysokie temperatury, nawet do+ 1200\u00b0C nadaje si\u0119 jako wype\u0142nienie do wszelkich miejsc nara\u017conych na bezpo\u015bredni kontakt z ogniem, takich piece domowe, restauracyjne, a tak\u017ce podgrzewacze, paleniska, kominki domowe itp.<\/p>\n<h2>Cechy szczeg\u00f3lne uszczelniacza<\/h2>\n<p>&#8211; Utwardza si\u0119 pod wp\u0142ywem odparowania wody<br \/>\n&#8211; Po wyschni\u0119ciu twardy, sztywny, nieodkszta\u0142calny<br \/>\n&#8211; \u017baroodporny<br \/>\n&#8211; Dobrze przyczepny do ognioodpornej ceramiki budowlanej, szamotu, betonu, kamienia, \u017celiwa i tym podobnych porowatych pod\u0142o\u017cy<br \/>\n&#8211; Do zastosowa\u0144 wewn\u0119trznych<br \/>\n&#8211; Na zewn\u0105trz do miejsc pod zadaszeniem (bez dzia\u0142ania wody i opad\u00f3w)<br \/>\n&#8211; Nie zawiera azbestu<br \/>\n&#8211; Nie kruszy si\u0119 i nie p\u0119ka w statycznych po\u0142\u0105czeniach<br \/>\n&#8211; Odporny na SO2, SO3 i NO2 (dotyczy st\u0119\u017ce\u0144 typowych dla podgrzewaczy, komink\u00f3w i piec\u00f3w do u\u017cytku domowego)<br \/>\n&#8211; \u0141atwy w zastosowaniu bez wzgl\u0119du na kszta\u0142t powierzchni<\/p>\n<h2>Gdzie najlepiej stosowa\u0107 uszczelniacz 1200\u00b0C firmy Den Braven<\/h2>\n<p>\u017baroodporno\u015b\u0107 kitu do powierzchni mocno nagrzewaj\u0105cych si\u0119 Den Braven sprawia, \u017ce to jest idealny do miejsc nara\u017conych na bezpo\u015bredni kontakt z ogniem, takich jak kominki domowe, piece restauracyjne, paleniska, grille, kot\u0142y itp. Dzi\u0119ki swoim w\u0142a\u015bciwo\u015bciom, produkt szczeg\u00f3lnie polecany jest tak\u017ce do uszczelniania po\u0142\u0105cze\u0144 element\u00f3w wyko\u0144czeniowych wykonanych z kamienia, betonu i \u017celiwa, np. wk\u0142ad\u00f3w kominkowych, a tak\u017ce bloczk\u00f3w ognioodpornych oraz element\u00f3w przewod\u00f3w spalinowych, ceramicznych wk\u0142ad\u00f3w kominowych. Uszczelniacz \u017caroodporny Den Braven 1200\u00b0 nie nadaje si\u0119 do po\u0142\u0105cze\u0144 nara\u017conych na ci\u0105g\u0142e zanurzenie w<br \/>\nwodzie<\/p>\n<h2>W\u0142a\u015bciwo\u015bci Fire Sealant<\/h2>\n<p>\u2022 <strong>Baza<\/strong> Sodium Silicate<br \/>\n\u2022 <strong>Czas utwardzania<\/strong> 1-4 dni<br \/>\n\u2022 <strong>G\u0119sto\u015b\u0107<\/strong> 2,0 g\/ml<br \/>\n\u2022 <strong>Odporno\u015b\u0107 na mr\u00f3z w transporcie<\/strong> do -15\u00b0C<br \/>\n\u2022 <strong>Odporno\u015b\u0107 termiczna<\/strong> +1200\u00b0C<br \/>\n\u2022 <strong>Temperatura aplikacji<\/strong> +5\u00b0C to +40\u00b0C<br \/>\n\u2022 <strong>Opakowanie<\/strong> kartusz 300ml<\/p>\n<div class=\"notranslate\" style=\"all: initial;\"><\/div>\n","protected":false},"excerpt":{"rendered":"<p>Jednosk\u0142adnikowy kit uszczelniaj\u0105cy DEN BRAVEN 1200\u00b0C na bazie krzemianu sodu, do uszczelniania miejsc nara\u017conych na bezpo\u015bredni kontakt z ogniem i temperatur\u0119 do + 1200\u00b0C<\/p>\n","protected":false},"featured_media":14573,"comment_status":"open","ping_status":"closed","template":"","meta":{"_acf_changed":false,"inline_featured_image":false},"product_cat":[285],"product_tag":[955,950,338,1550,1097,1549,1551],"class_list":{"0":"post-14501","1":"product","2":"type-product","3":"status-publish","4":"has-post-thumbnail","6":"product_cat-silikony-i-uszczelniacze","7":"product_tag-den-braven","8":"product_tag-materialy-budowlane","9":"product_tag-silikon","10":"product_tag-silikon-wysokotemperaturowy","11":"product_tag-uszczelniacz","12":"product_tag-uszczelniacz-wysokotemperaturowy","13":"product_tag-uszczelniacz-zaroodporny","14":"product_shipping_class-standard-do-150cm-i-do-30kg-standard","16":"first","17":"instock","18":"shipping-taxable","19":"purchasable","20":"product-type-simple"},"acf":[],"_links":{"self":[{"href":"https:\/\/e-adams.pl\/de\/wp-json\/wp\/v2\/product\/14501","targetHints":{"allow":["GET"]}}],"collection":[{"href":"https:\/\/e-adams.pl\/de\/wp-json\/wp\/v2\/product"}],"about":[{"href":"https:\/\/e-adams.pl\/de\/wp-json\/wp\/v2\/types\/product"}],"replies":[{"embeddable":true,"href":"https:\/\/e-adams.pl\/de\/wp-json\/wp\/v2\/comments?post=14501"}],"wp:featuredmedia":[{"embeddable":true,"href":"https:\/\/e-adams.pl\/de\/wp-json\/wp\/v2\/media\/14573"}],"wp:attachment":[{"href":"https:\/\/e-adams.pl\/de\/wp-json\/wp\/v2\/media?parent=14501"}],"wp:term":[{"taxonomy":"product_cat","embeddable":true,"href":"https:\/\/e-adams.pl\/de\/wp-json\/wp\/v2\/product_cat?post=14501"},{"taxonomy":"product_tag","embeddable":true,"href":"https:\/\/e-adams.pl\/de\/wp-json\/wp\/v2\/product_tag?post=14501"}],"curies":[{"name":"wp","href":"https:\/\/api.w.org\/{rel}","templated":true}]}}