{"id":14502,"date":"2019-01-23T14:20:03","date_gmt":"2019-01-23T13:20:03","guid":{"rendered":"https:\/\/e-adams.pl\/sklep\/akryl-do-farb-lateksowych-300ml\/"},"modified":"2024-07-15T11:31:09","modified_gmt":"2024-07-15T09:31:09","slug":"akryl-do-farb-lateksowych-den-braven-300ml","status":"publish","type":"product","link":"https:\/\/e-adams.pl\/de\/produkt\/akryl-do-farb-lateksowych-den-braven-300ml\/","title":{"rendered":"Akryl do farb lateksowych DEN BRAVEN &#8211; 300ml"},"content":{"rendered":"<h3>Akryl do farb lateksowych DEN BRAVEN &#8211; 300ml<\/h3>\n<p><strong>Modyfikowany, plastyczno-elastyczny kit uszczelniaj\u0105cy na bazie wodnej dyspersji akrylowej, o wyj\u0105tkowym komforcie malowania, bez rys, sp\u0119ka\u0144 i odbarwie\u0144 farby<\/strong><br \/>\n<img loading=\"lazy\" decoding=\"async\" class=\"aligncenter size-full wp-image-14579\" src=\"https:\/\/e-adams.pl\/wp-content\/uploads\/2019\/01\/akryl-do-farb-lateksowych-den-braven.jpg\" alt=\"akryl do farb lateksowych den braven \u017bary, kit uszczelniaj\u0105cy do farb \u017bary, Materia\u0142y budowlane \u017bary, Lipinki \u0141u\u017cyckie, Lubsko, Nowogr\u00f3d Bobrz., Szprotawa, Nowa S\u00f3l, Sieniawa \u017barska, Zielona G\u00f3ra, \u017baga\u0144, \u0141\u0119knica, Przew\u00f3z\" width=\"400\" height=\"400\" title=\"\"><\/p>\n<p style=\"text-align: justify;\">Stosowanie: Wype\u0142nianie p\u0119kni\u0119\u0107, rys, szczelin, po\u0142\u0105cze\u0144 w \u015bcianach i sufitach (beton, tynki, gipsy, g\u0142adzie, szpachle, drewno). Uszczelnianie naro\u017cy i po\u0142\u0105cze\u0144 w zabudowie z p\u0142yt g-k, listew wyko\u0144czeniowych, sufit\u00f3w podwieszanych, parapet\u00f3w, szaf wn\u0119kowych, konstrukcji schod\u00f3w, ram okien i drzwi, coko\u0142\u00f3w, gzyms\u00f3w, kaseton\u00f3w, rozet.<\/p>\n<h3>W\u0141A\u015aCIWO\u015aCI<\/h3>\n<p>&#8211; Redukuje do minimum ryzyko sp\u0119ka\u0144 i rys w pow\u0142oce farby przy malowaniu fug akrylowych (bardzo wysoka kompatybilno\u015b\u0107 akrylu z farbami, w tym z farbami wewn\u0119trznymi, matowymi, tzw. jednokrotnego krycia, g\u0119stymi, tzw. nie kapi\u0105cymi, o du\u017cym udziale wype\u0142niaczy i ma\u0142ym udziale spoiwa)<br \/>\n&#8211; Do zastosowa\u0144 wewn\u0119trznych i zewn\u0119trznych (z wy\u0142\u0105czeniem miejsc nara\u017conych na ci\u0105g\u0142e dzia\u0142anie wody lub wilgoci, bez mo\u017cliwo\u015bci skutecznego wysychania)<br \/>\n&#8211; Trwale plastyczno-elastyczny<br \/>\n&#8211; Odporny na sp\u0119kania i rysy skurczowe<br \/>\n&#8211; Nigdy nie twardnieje<br \/>\n&#8211; Doskona\u0142a przyczepno\u015b\u0107 do tynk\u00f3w, gips\u00f3w i drewna (tak\u017ce do wilgotnych powierzchni)<br \/>\n&#8211; Bez rozpuszczalnik\u00f3w (znikoma wo\u0144)<br \/>\n&#8211; \u0141atwy w profilowaniu<br \/>\n&#8211; Neutralny chemicznie (nie powoduje korozji metali)<br \/>\n&#8211; Przyjazny dla zdrowia (klasa EMICODE EC1 Plus \u2013 bezpieczny dla alergik\u00f3w czy os\u00f3b uczulonych na chemi\u0119 budowlan\u0105)<\/p>\n","protected":false},"excerpt":{"rendered":"<h3 style=\"color: #0099cc;\">Sprawd\u017a cen\u0119 i aktualny stan w sklepie<br \/>\n<strong>Kontakt:<\/strong> <a href=\"mailto:info@e-adams.pl\"><u><b>info@e-adams.pl<\/b><\/u><\/a><\/h3>\n","protected":false},"featured_media":14579,"comment_status":"open","ping_status":"closed","template":"","meta":{"_acf_changed":false,"inline_featured_image":false},"product_cat":[1541],"product_tag":[1092,955,950],"class_list":{"0":"post-14502","1":"product","2":"type-product","3":"status-publish","4":"has-post-thumbnail","6":"product_cat-akryle-i-spoiny","7":"product_tag-akryl","8":"product_tag-den-braven","9":"product_tag-materialy-budowlane","11":"first","12":"instock","13":"shipping-taxable","14":"purchasable","15":"product-type-simple"},"acf":[],"_links":{"self":[{"href":"https:\/\/e-adams.pl\/de\/wp-json\/wp\/v2\/product\/14502","targetHints":{"allow":["GET"]}}],"collection":[{"href":"https:\/\/e-adams.pl\/de\/wp-json\/wp\/v2\/product"}],"about":[{"href":"https:\/\/e-adams.pl\/de\/wp-json\/wp\/v2\/types\/product"}],"replies":[{"embeddable":true,"href":"https:\/\/e-adams.pl\/de\/wp-json\/wp\/v2\/comments?post=14502"}],"wp:featuredmedia":[{"embeddable":true,"href":"https:\/\/e-adams.pl\/de\/wp-json\/wp\/v2\/media\/14579"}],"wp:attachment":[{"href":"https:\/\/e-adams.pl\/de\/wp-json\/wp\/v2\/media?parent=14502"}],"wp:term":[{"taxonomy":"product_cat","embeddable":true,"href":"https:\/\/e-adams.pl\/de\/wp-json\/wp\/v2\/product_cat?post=14502"},{"taxonomy":"product_tag","embeddable":true,"href":"https:\/\/e-adams.pl\/de\/wp-json\/wp\/v2\/product_tag?post=14502"}],"curies":[{"name":"wp","href":"https:\/\/api.w.org\/{rel}","templated":true}]}}