{"id":14505,"date":"2019-01-23T14:20:17","date_gmt":"2019-01-23T13:20:17","guid":{"rendered":"https:\/\/e-adams.pl\/sklep\/akryl-g-k-bialy-300ml\/"},"modified":"2024-07-15T11:31:12","modified_gmt":"2024-07-15T09:31:12","slug":"akryl-do-plyt-g-k-den-braven-300ml","status":"publish","type":"product","link":"https:\/\/e-adams.pl\/de\/produkt\/akryl-do-plyt-g-k-den-braven-300ml\/","title":{"rendered":"Akryl do p\u0142yt G-K DEN BRAVEN &#8211; 300ml"},"content":{"rendered":"<h3>Akryl do p\u0142yt G-K DEN BRAVEN &#8211; 300ml<\/h3>\n<p><strong>Wysoce plastyczno-elastyczny kit uszczelniaj\u0105cy na bazie wodnej dyspersji akrylowej, do wype\u0142niania po\u0142\u0105cze\u0144, naro\u017cy, p\u0119kni\u0119\u0107 i rys w p\u0142ytach gipsowo-kartonowych, bloczkach oraz tynkach gipsowych<\/strong><br \/>\n<img loading=\"lazy\" decoding=\"async\" class=\"aligncenter size-full wp-image-14582\" src=\"https:\/\/e-adams.pl\/wp-content\/uploads\/2019\/01\/akryl-do-plyt-g-k-den-braven.jpg\" alt=\"akryl do p\u0142yt g-k \u017bary, den braven Acryl-GK, \u017bary kit uszczelniaj\u0105cy, P\u0142yty gipsowo-kartonowe uszczelniacz \u017bary, akryl do spoinowania p\u0142yt \u017bary\" width=\"400\" height=\"400\" title=\"\"><\/p>\n<p style=\"text-align: justify;\">Stosowanie: Uszczelnianie naro\u017cy, po\u0142\u0105cze\u0144, spoin, p\u0119kni\u0119\u0107, rys w systemach suchej zabudowy wn\u0119trz, bloczkach i tynkach gipsowych. Uszczelnianie po\u0142\u0105cze\u0144 pomi\u0119dzy p\u0142ytami g-k, listwami przypod\u0142ogowymi czy podsufitowymi a posadzk\u0105 lub sufitem podwieszanym. Zabudowa wn\u0119k, poddaszy, monta\u017c szaf, stolarki.<\/p>\n<h3>W\u0141A\u015aCIWO\u015aCI<\/h3>\n<p>&#8211; Bardzo dobrze przyczepny do p\u0142yt gipsowo-kartonowych, tynk\u00f3w, bloczk\u00f3w, g\u0142adzi, szpachli gipsowych<br \/>\n&#8211; Tworzy mocne i wysoce plastyczno-elastyczne wi\u0105zanie<br \/>\n&#8211; Po ca\u0142kowitym wyschni\u0119ciu malowalny za pomoc\u0105 farb wodnych i syntetycznych<br \/>\n&#8211; Odporny na sp\u0119kania i rysy skurczowe<br \/>\n&#8211; Doskona\u0142a przyczepno\u015b\u0107, tak\u017ce do wilgotnych pod\u0142o\u017cy<br \/>\n&#8211; Bez rozpuszczalnik\u00f3w (znikoma wo\u0144)<br \/>\n&#8211; Wyj\u0105tkowo \u0142atwy w profilowaniu (bardzo dobre w\u0142asno\u015bci robocze)<br \/>\n&#8211; Super bia\u0142y<br \/>\n&#8211; Wysoka odporno\u015b\u0107 na uszkodzenia mechaniczne<br \/>\n&#8211; Neutralny chemicznie (nie powoduje korozji metali)<\/p>\n","protected":false},"excerpt":{"rendered":"<h3 style=\"color: #0099cc;\">Sprawd\u017a cen\u0119 i aktualny stan w sklepie<br \/>\n<strong>Kontakt:<\/strong> <a href=\"mailto:info@e-adams.pl\"><u><b>info@e-adams.pl<\/b><\/u><\/a><\/h3>\n","protected":false},"featured_media":14582,"comment_status":"open","ping_status":"closed","template":"","meta":{"_acf_changed":false,"inline_featured_image":false},"product_cat":[1541],"product_tag":[1092,955,950],"class_list":{"0":"post-14505","1":"product","2":"type-product","3":"status-publish","4":"has-post-thumbnail","6":"product_cat-akryle-i-spoiny","7":"product_tag-akryl","8":"product_tag-den-braven","9":"product_tag-materialy-budowlane","11":"first","12":"instock","13":"shipping-taxable","14":"purchasable","15":"product-type-simple"},"acf":[],"_links":{"self":[{"href":"https:\/\/e-adams.pl\/de\/wp-json\/wp\/v2\/product\/14505","targetHints":{"allow":["GET"]}}],"collection":[{"href":"https:\/\/e-adams.pl\/de\/wp-json\/wp\/v2\/product"}],"about":[{"href":"https:\/\/e-adams.pl\/de\/wp-json\/wp\/v2\/types\/product"}],"replies":[{"embeddable":true,"href":"https:\/\/e-adams.pl\/de\/wp-json\/wp\/v2\/comments?post=14505"}],"wp:featuredmedia":[{"embeddable":true,"href":"https:\/\/e-adams.pl\/de\/wp-json\/wp\/v2\/media\/14582"}],"wp:attachment":[{"href":"https:\/\/e-adams.pl\/de\/wp-json\/wp\/v2\/media?parent=14505"}],"wp:term":[{"taxonomy":"product_cat","embeddable":true,"href":"https:\/\/e-adams.pl\/de\/wp-json\/wp\/v2\/product_cat?post=14505"},{"taxonomy":"product_tag","embeddable":true,"href":"https:\/\/e-adams.pl\/de\/wp-json\/wp\/v2\/product_tag?post=14505"}],"curies":[{"name":"wp","href":"https:\/\/api.w.org\/{rel}","templated":true}]}}