{"id":14506,"date":"2019-01-23T14:20:19","date_gmt":"2019-01-23T13:20:19","guid":{"rendered":"https:\/\/e-adams.pl\/sklep\/akryl-natychmiast-malowalny-bialy-300ml\/"},"modified":"2024-07-15T11:31:11","modified_gmt":"2024-07-15T09:31:11","slug":"akryl-natychmiast-malowany-den-braven-wet-on-wet-300ml","status":"publish","type":"product","link":"https:\/\/e-adams.pl\/de\/produkt\/akryl-natychmiast-malowany-den-braven-wet-on-wet-300ml\/","title":{"rendered":"Akryl natychmiast malowany DEN BRAVEN WET ON WET &#8211; 300ml"},"content":{"rendered":"<h3>Akryl natychmiast malowany DEN BRAVEN WET ON WET &#8211; 300ml<\/h3>\n<p><strong>Modyfikowany, plastyczno-elastyczny kit uszczelniaj\u0105cy na bazie wodnej dyspersji akrylowej, o natychmiastowej malowalno\u015bci metod\u0105 mokro na mokro, do wype\u0142niania wewn\u0119trznych rys, spoin i p\u0119kni\u0119\u0107<\/strong><br \/>\n<img loading=\"lazy\" decoding=\"async\" class=\"aligncenter size-full wp-image-14585\" src=\"https:\/\/e-adams.pl\/wp-content\/uploads\/2019\/01\/akryl-natychmiast-malowany-den-braven-wet-on-wet.jpg\" alt=\"akryl natychmiast malowany \u017bary, den braven wet-on-wet, kit uszczelniaj\u0105cy \u017bary, kit uszczelniaj\u0105cy trwale plastyczny \u017bary\" width=\"400\" height=\"400\" title=\"\"><\/p>\n<p style=\"text-align: justify;\">Stosowanie: Wype\u0142nianie p\u0119kni\u0119\u0107, rys, szczelin, po\u0142\u0105cze\u0144 w \u015bcianach i sufitach (beton, tynki, gipsy, g\u0142adzie, szpachle), w szczeg\u00f3lno\u015bci przeznaczonych do szybkiego malowania metod\u0105 mokre na mokre. Uszczelnianie naro\u017cy i po\u0142\u0105cze\u0144 w zabudowie z p\u0142yt g-k, listew wyko\u0144czeniowych, sufit\u00f3w podwieszanych, parapet\u00f3w, szaf wn\u0119kowych, konstrukcji schod\u00f3w, ram okien i drzwi.<\/p>\n<h3>W\u0141A\u015aCIWO\u015aCI<\/h3>\n<p>&#8211; Natychmiast malowalny metod\u0105 mokro na mokro<br \/>\n&#8211; Do malowania za pomoc\u0105 farb wodnych, rozpuszczalnikowych i hybrydowych (wa\u0142kiem, p\u0119dzlem i natryskiem)<br \/>\n&#8211; Zachowuje kolor farby (odporny na odbarwienia)<br \/>\n&#8211; Minimalizuje ryzyko sp\u0119ka\u0144 i rys w pow\u0142oce farby (wysoka kompatybilno\u015b\u0107 z farbami)<br \/>\n&#8211; Wyj\u0105tkowo kr\u00f3tki czas obr\u00f3bki (do 2 minut)<br \/>\n&#8211; Do zastosowa\u0144 wewn\u0119trznych<br \/>\n&#8211; Trwale plastyczno-elastyczny<br \/>\n&#8211; Znikomy skurcz (odporny na rysy skurczowe)<br \/>\n&#8211; Nigdy nie twardnieje<br \/>\n&#8211; Doskona\u0142a przyczepno\u015b\u0107, tak\u017ce do wilgotnych pod\u0142o\u017cy<br \/>\n&#8211; Bez rozpuszczalnik\u00f3w (znikoma wo\u0144)<br \/>\n&#8211; Przyjazny dla zdrowia (klasa EMICODE EC1 Plus \u2013 bezpieczny dla alergik\u00f3w czy os\u00f3b uczulonych na chemi\u0119 budowlan\u0105)<br \/>\n&#8211; Wyj\u0105tkowo \u0142atwy w profilowaniu (bardzo dobre w\u0142asno\u015bci robocze)<br \/>\n&#8211; Neutralny chemicznie (nie powoduje korozji metali)<\/p>\n","protected":false},"excerpt":{"rendered":"<h3 style=\"color: #0099cc;\">Sprawd\u017a cen\u0119 i aktualny stan w sklepie<br \/>\n<strong>Kontakt:<\/strong> <a href=\"mailto:info@e-adams.pl\"><u><b>info@e-adams.pl<\/b><\/u><\/a><\/h3>\n","protected":false},"featured_media":14585,"comment_status":"open","ping_status":"closed","template":"","meta":{"_acf_changed":false,"inline_featured_image":false},"product_cat":[1541],"product_tag":[1092,955,950],"class_list":{"0":"post-14506","1":"product","2":"type-product","3":"status-publish","4":"has-post-thumbnail","6":"product_cat-akryle-i-spoiny","7":"product_tag-akryl","8":"product_tag-den-braven","9":"product_tag-materialy-budowlane","11":"first","12":"instock","13":"shipping-taxable","14":"purchasable","15":"product-type-simple"},"acf":[],"_links":{"self":[{"href":"https:\/\/e-adams.pl\/de\/wp-json\/wp\/v2\/product\/14506","targetHints":{"allow":["GET"]}}],"collection":[{"href":"https:\/\/e-adams.pl\/de\/wp-json\/wp\/v2\/product"}],"about":[{"href":"https:\/\/e-adams.pl\/de\/wp-json\/wp\/v2\/types\/product"}],"replies":[{"embeddable":true,"href":"https:\/\/e-adams.pl\/de\/wp-json\/wp\/v2\/comments?post=14506"}],"wp:featuredmedia":[{"embeddable":true,"href":"https:\/\/e-adams.pl\/de\/wp-json\/wp\/v2\/media\/14585"}],"wp:attachment":[{"href":"https:\/\/e-adams.pl\/de\/wp-json\/wp\/v2\/media?parent=14506"}],"wp:term":[{"taxonomy":"product_cat","embeddable":true,"href":"https:\/\/e-adams.pl\/de\/wp-json\/wp\/v2\/product_cat?post=14506"},{"taxonomy":"product_tag","embeddable":true,"href":"https:\/\/e-adams.pl\/de\/wp-json\/wp\/v2\/product_tag?post=14506"}],"curies":[{"name":"wp","href":"https:\/\/api.w.org\/{rel}","templated":true}]}}