{"id":14507,"date":"2019-01-23T14:20:21","date_gmt":"2019-01-23T13:20:21","guid":{"rendered":"https:\/\/e-adams.pl\/sklep\/meta-seal-290ml-szary\/"},"modified":"2023-08-18T09:05:50","modified_gmt":"2023-08-18T07:05:50","slug":"uszczelniacz-klej-dekarski-den-braven-meta-seal-290ml","status":"publish","type":"product","link":"https:\/\/e-adams.pl\/de\/produkt\/uszczelniacz-klej-dekarski-den-braven-meta-seal-290ml\/","title":{"rendered":"Uszczelniacz-klej dekarski DEN BRAVEN META-SEAL &#8211; 290ml"},"content":{"rendered":"<h3>Uszczelniacz-klej dekarski DEN BRAVEN META-SEAL &#8211; 290ml<\/h3>\n<p><strong>Jednosk\u0142adnikowy, trwale elastyczny klej-uszczelniacz na bazie MS Polimeru, do zastosowa\u0144 dekarskich, przy \u0142\u0105czeniu i uszczelnianiu blach oraz rynien<\/strong><br \/>\n<img loading=\"lazy\" decoding=\"async\" src=\"https:\/\/e-adams.pl\/wp-content\/uploads\/2019\/01\/uszczelniacz-klej-dekarski-den-braven-meta-seal.jpg\" alt=\"uszczelniacz dekarski \u017bary, klej dekarski \u017bary, den braven meta-seal, uszczelniacz polimerowy \u017bary, klej polimerowy \u017bary\" width=\"400\" height=\"400\" class=\"aligncenter size-full wp-image-14576\" title=\"\"><\/p>\n<p style=\"text-align: justify;\">Stosowanie: Elastyczny, mrozo- i wodoodporny monta\u017c oraz uszczelnianie element\u00f3w blaszanych i stalowych (obr\u00f3bek blacharskich, maszt\u00f3w, balustrad, odwodnie\u0144 dachowych i tym podobnych akcesori\u00f3w dachowych), system\u00f3w rynnowych (obejm, hak\u00f3w, rynien, lej\u00f3w, naro\u017cnik\u00f3w, denek, kolanek, muf, tr\u00f3jnik\u00f3w, rur spustowych). Przy systemach rynnowych z PCW bardzo dobrze zast\u0119puje kleje do twardego PCW. \u0141\u0105czenie i uszczelnianie blachodach\u00f3wek, okap\u00f3w, opierze\u0144, komin\u00f3w wentylacyjnych.<\/p>\n<h3>W\u0141A\u015aCIWO\u015aCI<\/h3>\n<p>&#8211; Po wyschni\u0119ciu trwale elastyczny i ca\u0142kowicie odporny na dzia\u0142anie czynnik\u00f3w atmosferycznych (w tym na temperatur\u0119 od \u2013 40\u00b0C do + 90\u00b0C i opady)<br \/>\n&#8211; Bardzo dobrze przyczepny do wi\u0119kszo\u015bci pod\u0142o\u017cy budowlanych (tak\u017ce wilgotnych), w tym do: blach ocynkowanych, blach powlekanych, PCW i tworzyw podobnego typu (poza PE, PP)<br \/>\n&#8211; Przyczepny do pod\u0142o\u017cy g\u0142adkich i porowatych<br \/>\n&#8211; Odporny na sp\u0142ywanie (do zastosowa\u0144 poziomych i pionowych), powstawanie p\u0119cherzy, rys skurczowych i p\u0119kni\u0119\u0107<br \/>\n&#8211; Wysoka odporno\u015b\u0107 fizyczna (odporny na promieniowanie UV, wod\u0119 morsk\u0105, chlor, ple\u015b\u0144 i grzyby)<br \/>\n&#8211; Wysoka odporno\u015b\u0107 mechaniczna<br \/>\n&#8211; Nie wymaga stosowania \u015brodk\u00f3w gruntuj\u0105cych<br \/>\n&#8211; Bezpieczny w u\u017cyciu &#8211; nie zawiera izocyjanian\u00f3w, silikonu, rozpuszczalnik\u00f3w<br \/>\n&#8211; Bezwonny i neutralny chemicznie \u2013 nie powoduje korozji blach<br \/>\n&#8211; Po wyschni\u0119ciu malowalny bez rys i odbarwie\u0144<\/p>\n","protected":false},"excerpt":{"rendered":"<h3 style=\"color: #0099cc;\">Sprawd\u017a cen\u0119 i aktualny stan w sklepie<br \/>\n<strong>Kontakt:<\/strong> <a href=\"mailto:info@e-adams.pl\"><u><b>info@e-adams.pl<\/b><\/u><\/a><\/h3>\n","protected":false},"featured_media":14576,"comment_status":"open","ping_status":"closed","template":"","meta":{"_acf_changed":false,"inline_featured_image":false},"product_cat":[285],"product_tag":[955,764,950,1097],"class_list":{"0":"post-14507","1":"product","2":"type-product","3":"status-publish","4":"has-post-thumbnail","6":"product_cat-silikony-i-uszczelniacze","7":"product_tag-den-braven","8":"product_tag-klej","9":"product_tag-materialy-budowlane","10":"product_tag-uszczelniacz","12":"first","13":"onbackorder","14":"shipping-taxable","15":"product-type-simple"},"acf":[],"_links":{"self":[{"href":"https:\/\/e-adams.pl\/de\/wp-json\/wp\/v2\/product\/14507","targetHints":{"allow":["GET"]}}],"collection":[{"href":"https:\/\/e-adams.pl\/de\/wp-json\/wp\/v2\/product"}],"about":[{"href":"https:\/\/e-adams.pl\/de\/wp-json\/wp\/v2\/types\/product"}],"replies":[{"embeddable":true,"href":"https:\/\/e-adams.pl\/de\/wp-json\/wp\/v2\/comments?post=14507"}],"wp:featuredmedia":[{"embeddable":true,"href":"https:\/\/e-adams.pl\/de\/wp-json\/wp\/v2\/media\/14576"}],"wp:attachment":[{"href":"https:\/\/e-adams.pl\/de\/wp-json\/wp\/v2\/media?parent=14507"}],"wp:term":[{"taxonomy":"product_cat","embeddable":true,"href":"https:\/\/e-adams.pl\/de\/wp-json\/wp\/v2\/product_cat?post=14507"},{"taxonomy":"product_tag","embeddable":true,"href":"https:\/\/e-adams.pl\/de\/wp-json\/wp\/v2\/product_tag?post=14507"}],"curies":[{"name":"wp","href":"https:\/\/api.w.org\/{rel}","templated":true}]}}