{"id":14508,"date":"2019-01-23T14:20:24","date_gmt":"2019-01-23T13:20:24","guid":{"rendered":"https:\/\/e-adams.pl\/sklep\/enkolit-bitumiczny-klej-do-obrobek-blach-310-ml\/"},"modified":"2023-08-29T17:17:34","modified_gmt":"2023-08-29T15:17:34","slug":"klej-do-blach-enke-enkolit-310ml","status":"publish","type":"product","link":"https:\/\/e-adams.pl\/de\/produkt\/klej-do-blach-enke-enkolit-310ml\/","title":{"rendered":"Klej do blach ENKE ENKOLIT &#8211; 310ml"},"content":{"rendered":"<h3>Klej do blach ENKE ENKOLIT &#8211; 310ml<\/h3>\n<p><strong>Plastyczna masa szpachlowo-klej\u0105ca na bazie bitumicznej, o doskona\u0142ej przyczepno\u015bci do mur\u00f3w ceglanych, betonu, blach ocynkowanych, miedzianych, aluminiowych, stalowych i drewnianych<\/strong><br \/>\n<img loading=\"lazy\" decoding=\"async\" class=\"aligncenter size-full wp-image-14756\" src=\"https:\/\/e-adams.pl\/wp-content\/uploads\/2019\/01\/klej-do-blach-enke-enkolit-310ml.jpg\" alt=\"klej do blach \u017bary, enke enkolit 310ml, masa szpachlowo-klej\u0105ca \u017bary, klej do obr\u00f3bki blach \u017bary\" width=\"400\" height=\"400\" title=\"\"><\/p>\n<p style=\"text-align: justify;\">Enkolit jest plastyczn\u0105 mas\u0105 szpachlowo-klej\u0105c\u0105na bazie bitumicznej, o doskona\u0142ej przyczepno\u015bcido mur\u00f3w ceglanych, betonu, blach ocynkowanych,miedzianych, aluminiowych, stalowych i drewnianych. Badania potwierdzaj\u0105 30 letni\u0105 niezawodno\u015b\u0107 blachsklejonych mas\u0105 ENKOLIT. ENKOLIT spe\u0142nia wszystkiewymogi normy DIN 1055 \/ cz\u0119\u015b\u0107 4 w stosunku do si\u0142 ss\u0105cych wiatru, a ponadto t\u0142umi ha\u0142as podczas deszczui gradu. ENKOLIT uzyska\u0142 aprobat\u0119 techniczn\u0105 zgodnie zwytycznymi dach\u00f3w metalowych, ok\u0142adzin metalowychelewacji zewn\u0119trznych oraz rob\u00f3t dekarsko-blacharskich.<\/p>\n<p>&#8211; Bezproblemowe wykonanie dylatacji<br \/>\n&#8211; Estetyczne po\u0142\u0105czenie blach<br \/>\n&#8211; Oszcz\u0119dno\u015b\u0107 czasu<br \/>\n&#8211; Ponad 30-letnia niezawodno\u015b\u0107 sprawdzona w praktyce<\/p>\n","protected":false},"excerpt":{"rendered":"<h3 style=\"color: #0099cc;\">Sprawd\u017a cen\u0119 i aktualny stan w sklepie<br \/>\n<strong>Kontakt:<\/strong> <a href=\"mailto:info@e-adams.pl\"><u><b>info@e-adams.pl<\/b><\/u><\/a><\/h3>\n","protected":false},"featured_media":14756,"comment_status":"open","ping_status":"closed","template":"","meta":{"_acf_changed":false,"inline_featured_image":false},"product_cat":[1475],"product_tag":[1106,764,950],"class_list":{"0":"post-14508","1":"product","2":"type-product","3":"status-publish","4":"has-post-thumbnail","6":"product_cat-kleje-montazowe","7":"product_tag-enke","8":"product_tag-klej","9":"product_tag-materialy-budowlane","11":"first","12":"onbackorder","13":"shipping-taxable","14":"product-type-simple"},"acf":[],"_links":{"self":[{"href":"https:\/\/e-adams.pl\/de\/wp-json\/wp\/v2\/product\/14508","targetHints":{"allow":["GET"]}}],"collection":[{"href":"https:\/\/e-adams.pl\/de\/wp-json\/wp\/v2\/product"}],"about":[{"href":"https:\/\/e-adams.pl\/de\/wp-json\/wp\/v2\/types\/product"}],"replies":[{"embeddable":true,"href":"https:\/\/e-adams.pl\/de\/wp-json\/wp\/v2\/comments?post=14508"}],"wp:featuredmedia":[{"embeddable":true,"href":"https:\/\/e-adams.pl\/de\/wp-json\/wp\/v2\/media\/14756"}],"wp:attachment":[{"href":"https:\/\/e-adams.pl\/de\/wp-json\/wp\/v2\/media?parent=14508"}],"wp:term":[{"taxonomy":"product_cat","embeddable":true,"href":"https:\/\/e-adams.pl\/de\/wp-json\/wp\/v2\/product_cat?post=14508"},{"taxonomy":"product_tag","embeddable":true,"href":"https:\/\/e-adams.pl\/de\/wp-json\/wp\/v2\/product_tag?post=14508"}],"curies":[{"name":"wp","href":"https:\/\/api.w.org\/{rel}","templated":true}]}}