{"id":14509,"date":"2019-01-23T14:20:28","date_gmt":"2019-01-23T13:20:28","guid":{"rendered":"https:\/\/e-adams.pl\/sklep\/one-for-all-trans-uniwersalny-klej-polimerowy-bezbarwny\/"},"modified":"2023-08-29T17:16:49","modified_gmt":"2023-08-29T15:16:49","slug":"klej-pattex-one-for-all-trans-389g","status":"publish","type":"product","link":"https:\/\/e-adams.pl\/de\/produkt\/klej-pattex-one-for-all-trans-389g\/","title":{"rendered":"Klej PATTEX ONE FOR ALL TRANS &#8211; 389g"},"content":{"rendered":"<h3>Klej PATTEX ONE FOR ALL TRANS &#8211; 389g<\/h3>\n<p><strong>Wysokiej jako\u015bci uniwersalnym klejem i uszczelniaczem polimerowym, opartym na technologii &#8222;Flextec polymer&#8220;<\/strong><br \/>\n<img loading=\"lazy\" decoding=\"async\" class=\"aligncenter size-full wp-image-14540\" src=\"https:\/\/e-adams.pl\/wp-content\/uploads\/2019\/01\/klej-pattex-one-for-all-trans.jpg\" alt=\"klej uniwersalny \u017bary, pattex one for all trans, uszczelniacz polimerowy \u017bary\" width=\"400\" height=\"400\" title=\"\"><\/p>\n<p style=\"text-align: justify;\">Pattex ONE FOR ALL Universal jest wysokiej jako\u015bci uniwersalnym klejem i uszczelniaczem polimerowym, opartym na technologii &#8222;Flextec polymer&#8220;. Przeznaczony jest do wszelkiego rodzaju materia\u0142\u00f3w i powierzchni, w ka\u017cdych warunkach. Pattex ONE FOR ALL Universal klei i uszczelnia elementy wewn\u0105trz i na zewn\u0105trz pomieszcze\u0144, wykonane z materia\u0142\u00f3w ch\u0142onnych i niech\u0142onnych. Stosowanie: Drewno, Ceg\u0142a, Beton, Ceramika, Kamie\u0144, Metal, Szk\u0142o, Lustra, Styropian, P\u0142yty gipsowo-kartonowe, Powierzchnie suche i wilgotne, Plastik* Nie nadaje si\u0119 do klejenia PE, PP, PTFE, szk\u0142a akrylowego, miedzi, mosi\u0105dzu oraz mi\u0119kkiego PCW.<\/p>\n<h3>W\u0141A\u015aCIWO\u015aCI<\/h3>\n<p>&#8211; UNIWERSALNY KLEJ I USZCZELNIACZ POLIMEROWY<br \/>\n&#8211; TECHNOLOGIA FLEXTEC POLYMER &#8211; opatentowana przez firm\u0119 Henkel, gwarantuj\u0105ca doskona\u0142e efekty klejenia i uszczelniania wszystkich rodzaj\u00f3w powierzchni (ch\u0142onnych i niech\u0142onnych) dzi\u0119ki wyj\u0105tkowej odporno\u015bci na wibracje, drgania i warunki zewn\u0119trzne<br \/>\n&#8211; Do wszystkich materia\u0142\u00f3w*<br \/>\n&#8211; Do materia\u0142\u00f3w ch\u0142onnych i niech\u0142onnych<br \/>\n&#8211; Do wn\u0119trz i na zewn\u0105trz<br \/>\n&#8211; Klei nawet wilgotne i mokre powierzchnie<br \/>\n&#8211; Odporny na warunki atmosferyczne i UV<br \/>\n&#8211; Wodoodporny<br \/>\n&#8211; Brak skurczu<br \/>\n&#8211; Wysoka elastyczno\u015b\u0107<br \/>\n&#8211; Odporny na wstrz\u0105sy<br \/>\n&#8211; Mo\u017ce by\u0107 malowany<\/p>\n","protected":false},"excerpt":{"rendered":"<h3 style=\"color: #0099cc;\">Sprawd\u017a cen\u0119 i aktualny stan w sklepie<br \/>\n<strong>Kontakt:<\/strong> <a href=\"mailto:info@e-adams.pl\"><u><b>info@e-adams.pl<\/b><\/u><\/a><\/h3>\n","protected":false},"featured_media":14540,"comment_status":"open","ping_status":"closed","template":"","meta":{"_acf_changed":false,"inline_featured_image":false},"product_cat":[1475],"product_tag":[764,950,1095],"class_list":{"0":"post-14509","1":"product","2":"type-product","3":"status-publish","4":"has-post-thumbnail","6":"product_cat-kleje-montazowe","7":"product_tag-klej","8":"product_tag-materialy-budowlane","9":"product_tag-pattex","11":"first","12":"onbackorder","13":"shipping-taxable","14":"product-type-simple"},"acf":[],"_links":{"self":[{"href":"https:\/\/e-adams.pl\/de\/wp-json\/wp\/v2\/product\/14509","targetHints":{"allow":["GET"]}}],"collection":[{"href":"https:\/\/e-adams.pl\/de\/wp-json\/wp\/v2\/product"}],"about":[{"href":"https:\/\/e-adams.pl\/de\/wp-json\/wp\/v2\/types\/product"}],"replies":[{"embeddable":true,"href":"https:\/\/e-adams.pl\/de\/wp-json\/wp\/v2\/comments?post=14509"}],"wp:featuredmedia":[{"embeddable":true,"href":"https:\/\/e-adams.pl\/de\/wp-json\/wp\/v2\/media\/14540"}],"wp:attachment":[{"href":"https:\/\/e-adams.pl\/de\/wp-json\/wp\/v2\/media?parent=14509"}],"wp:term":[{"taxonomy":"product_cat","embeddable":true,"href":"https:\/\/e-adams.pl\/de\/wp-json\/wp\/v2\/product_cat?post=14509"},{"taxonomy":"product_tag","embeddable":true,"href":"https:\/\/e-adams.pl\/de\/wp-json\/wp\/v2\/product_tag?post=14509"}],"curies":[{"name":"wp","href":"https:\/\/api.w.org\/{rel}","templated":true}]}}