{"id":14735,"date":"2019-01-30T11:00:43","date_gmt":"2019-01-30T10:00:43","guid":{"rendered":"https:\/\/e-adams.pl\/sklep\/nadproze-l-19-termat-120-mb\/"},"modified":"2023-08-18T09:05:33","modified_gmt":"2023-08-18T07:05:33","slug":"nadproze-betonowe-termat-l-19","status":"publish","type":"product","link":"https:\/\/e-adams.pl\/de\/produkt\/nadproze-betonowe-termat-l-19\/","title":{"rendered":"Nadpro\u017ce betonowe TERMAT L-19"},"content":{"rendered":"<h3>Nadpro\u017ce betonowe TERMAT L-19<\/h3>\n<p><strong>Prefabrykowane elementy z betonu na bazie kruszy w lekkich ze zbrojeniem stalowym, w kszta\u0142cie litery \u201eL\u201d, ze stopk\u0105 doln\u0105 o szeroko\u015bci 9cm<\/strong><\/p>\n<table>\n<tbody>\n<tr>\n<td><img loading=\"lazy\" decoding=\"async\" class=\"aligncenter size-full wp-image-14821\" src=\"https:\/\/e-adams.pl\/wp-content\/uploads\/2019\/02\/nadproze-betonowe-termat-l-19.jpg\" alt=\"nadpro\u017ce betonowe \u017bary, Nadpro\u017ca betonowe termat, Termat l-19, nadpro\u017ce betonowe 3m \u017bary, nadpro\u017ce betonowe 4m \u017bary, nadpro\u017ca betonowe wymiary \u017bary\" width=\"400\" height=\"400\" title=\"\"><\/td>\n<td><img loading=\"lazy\" decoding=\"async\" class=\"aligncenter size-full wp-image-14819\" src=\"https:\/\/e-adams.pl\/wp-content\/uploads\/2019\/02\/ksztaltki-box-term-termat.jpg\" alt=\"kszta\u0142tki box term, termat \u017bary, szalunek tracony \u017bary, zbrojenie konstrukcyjne \u017bary\" width=\"400\" height=\"400\" title=\"\"><\/td>\n<\/tr>\n<\/tbody>\n<\/table>\n<p style=\"text-align: justify;\">Nadpro\u017ca s\u0105 elementem konstrukcyjnym umo\u017cliwiaj\u0105cym wykonanie otwor\u00f3w okiennych i drzwiowych w \u015bcianach. Ich zadaniem jest przenoszenie ci\u0119\u017caru strop\u00f3w i \u015bcian wy\u017cszych kondygnacji oraz dachu, a tak\u017ce obci\u0105\u017ce\u0144 na nie dzia\u0142aj\u0105cych. Nadpro\u017ca typu L-19 stosowane do konstruowania nadpro\u017cy w \u015bcianach zewn\u0119trznych, os\u0142onowych i no\u015bnych nad otworami drzwiowymi i okiennymi oraz w wewn\u0119trznych \u015bcianach no\u015bnych nad otworami drzwiowymi. Maj\u0105 zastosowanie w budownictwie jedno i wielorodzinnym oraz og\u00f3lnym. Monta\u017c nadpro\u017cy mo\u017ce odbywa\u0107 si\u0119 na \u015bcianach jedno i wielowarstwowych bez wzgl\u0119du na materia\u0142 z kt\u00f3rego wykonane s\u0105 elementy \u015bcienne. Nadpro\u017ca montuje si\u0119 r\u00f3wnocze\u015bnie ze wznoszeniem muru. Elementy uk\u0142ada si\u0119 na murze, na zaprawie cementowej. Oparcie nadpro\u017cy na murze powinno by\u0107 nie mniejsze ni\u017c 9 cm. Pust\u0105 przestrze\u0144mi\u0119dzy nimi wype\u0142nia si\u0119 betonem. Nadpro\u017ca tego typu powinny by\u0107 zabezpieczone przed przemarzaniem. Je\u015bli pozosta\u0142a cz\u0119\u015b\u0107 \u015bciany nie b\u0119dzie ocieplona, nale\u017cy ob\u0142o\u017cy\u0107 nadpro\u017ca warstw\u0105 izolacji. Wykonuj\u0105c nadpro\u017ce nale\u017cy pozostawi\u0107 miejsce na wykonanie docieplenia od strony zewn\u0119trznej, by \u015bciana mia\u0142a r\u00f3wn\u0105 powierzchni\u0119. Nadpro\u017ca typu L-19 to prefabrykowane elementy z betonu na bazie kruszy w lekkich ze zbrojeniem stalowym, w kszta\u0142cie litery \u201eL\u201d, ze stopk\u0105 doln\u0105 o szeroko\u015bci 9cm. Po zamontowaniu w \u015bcianie od razu zachowuj\u0105 pe\u0142n\u0105 no\u015bno\u015b\u0107.<\/p>\n<h3>W\u0141A\u015aCIWO\u015aCI<\/h3>\n<p>&#8211; wysoko\u015b\u0107: 19cm;<br \/>\n&#8211; szeroko\u015b\u0107: 9cm;<br \/>\n&#8211; d\u0142ugo\u015b\u0107: 1,2 &#8211; 3,0m, ze stopniowaniem co 0,3m (rzeczywista d\u0142ugo\u015b\u0107 jest o 1cm kr\u00f3tsza od nominalnej),<br \/>\n&#8211; klasa betonu &#8211; LC 25\/28,<br \/>\n&#8211; waga &#8211; ok. 23kg\/mb.<br \/>\n&#8211; Wyroby zgodne z norm\u0105: PN &#8211; EN 845-2:2004.<\/p>\n<h3>Kszta\u0142tki TERMAT BOX TERM U 36,5<\/h3>\n<p style=\"text-align: justify;\">W ofercie dost\u0119pne s\u0105 tak\u017ce kszta\u0142tki wykorzystywane jako szalunek tracony, przeznaczone s\u0105do wykonania nadpro\u017cy otwor\u00f3w okiennych, drzwiowych dla \u015bcian o grubo\u015bci 36,5 cm. Monta\u017c kszta\u0142tek wykonuje si\u0119 na deskowaniu zamontowanym nad otworem okiennym lub drzwiowym. Wewn\u0105trz kszta\u0142tek umieszcza si\u0119 zbrojenie konstrukcyjne nadpro\u017ca oraz izolacj\u0119 ciepln\u0105 w postaci wk\u0142adki styropianowej. Po umieszczeniu zbrojenia i ocieplenia, wn\u0119trze kszta\u0142tek wype\u0142nia si\u0119 mieszank\u0105 betonow\u0105. Zastosowanie kszta\u0142tek BOX TERM U 36,5 redukuje zjawisko powstawania mostk\u00f3w termicznych. Kszta\u0142tka ta ma r\u00f3wnie\u017c zastosowanie przy wykonywaniu wie\u0144c\u00f3w \u015bcian, na kt\u00f3rych oparta jest wi\u0119\u017aba dachowa.<\/p>\n<h3>ZALETY<\/h3>\n<p>&#8211; niski koszt materia\u0142\u00f3w i robocizny,<br \/>\n&#8211; skr\u00f3cenie czasu budowy w por\u00f3wnaniu do nadpro\u017cy monolitycznych (okres dojrzewania betonu ok. 28 dni),<br \/>\n&#8211; eliminacja deskowania w por\u00f3wnaniu do nadpro\u017cy monolitycznych,<br \/>\n&#8211; powszechna w\u015br\u00f3d murarzy znajomo\u015b\u0107zasad monta\u017cu nadpro\u017cy typu L-19,<br \/>\n&#8211; mo\u017cliwo\u015b\u0107 zastosowania na \u015bcianach bez wzgl\u0119du na materia\u0142, z kt\u00f3rego wykonane s\u0105 elementy \u015bcienne,<br \/>\n&#8211; mo\u017cliwo\u015b\u0107 zastosowania na \u015bcianach jedno i wielowarstwowych,<br \/>\n&#8211; mo\u017cliwo\u015b\u0107 przeniesienia przez nadpro\u017ca praktycznie do wolnego obci\u0105\u017cenia wyst\u0119puj\u0105cego w domu jednorodzinnym,<br \/>\n&#8211; gwarancja odpowiedniej jako\u015bci i no\u015bno\u015bci nadpro\u017ca typu L-19, czyli \u017ce konstrukcja b\u0119dzie bezpieczna.<\/p>\n","protected":false},"excerpt":{"rendered":"<h3 style=\"color: #0099cc;\">Sprawd\u017a cen\u0119 i aktualny stan w sklepie<br \/>\n<strong>Kontakt:<\/strong> <a href=\"mailto:info@e-adams.pl\"><u><b>info@e-adams.pl<\/b><\/u><\/a><\/h3>\n","protected":false},"featured_media":14821,"comment_status":"open","ping_status":"closed","template":"","meta":{"_acf_changed":false,"inline_featured_image":false},"product_cat":[739],"product_tag":[950,1122,1124],"class_list":{"0":"post-14735","1":"product","2":"type-product","3":"status-publish","4":"has-post-thumbnail","6":"product_cat-nadproza","7":"product_tag-materialy-budowlane","8":"product_tag-nadproze","9":"product_tag-termat","11":"first","12":"onbackorder","13":"shipping-taxable","14":"product-type-simple"},"acf":[],"_links":{"self":[{"href":"https:\/\/e-adams.pl\/de\/wp-json\/wp\/v2\/product\/14735","targetHints":{"allow":["GET"]}}],"collection":[{"href":"https:\/\/e-adams.pl\/de\/wp-json\/wp\/v2\/product"}],"about":[{"href":"https:\/\/e-adams.pl\/de\/wp-json\/wp\/v2\/types\/product"}],"replies":[{"embeddable":true,"href":"https:\/\/e-adams.pl\/de\/wp-json\/wp\/v2\/comments?post=14735"}],"wp:featuredmedia":[{"embeddable":true,"href":"https:\/\/e-adams.pl\/de\/wp-json\/wp\/v2\/media\/14821"}],"wp:attachment":[{"href":"https:\/\/e-adams.pl\/de\/wp-json\/wp\/v2\/media?parent=14735"}],"wp:term":[{"taxonomy":"product_cat","embeddable":true,"href":"https:\/\/e-adams.pl\/de\/wp-json\/wp\/v2\/product_cat?post=14735"},{"taxonomy":"product_tag","embeddable":true,"href":"https:\/\/e-adams.pl\/de\/wp-json\/wp\/v2\/product_tag?post=14735"}],"curies":[{"name":"wp","href":"https:\/\/api.w.org\/{rel}","templated":true}]}}