{"id":14736,"date":"2019-01-30T11:00:46","date_gmt":"2019-01-30T10:00:46","guid":{"rendered":"https:\/\/e-adams.pl\/sklep\/lode-cegla-andromeda-angoba-drazona-kl-35\/"},"modified":"2023-08-18T09:05:25","modified_gmt":"2023-08-18T07:05:25","slug":"cegla-klinkierowa-lode-andromeda","status":"publish","type":"product","link":"https:\/\/e-adams.pl\/de\/produkt\/cegla-klinkierowa-lode-andromeda\/","title":{"rendered":"Ceg\u0142a klinkierowa \u015bliwka LODE ANDROMEDA"},"content":{"rendered":"<h3>Ceg\u0142a klinkierowa LODE ANDROMEDA<\/h3>\n<p><strong>Ceg\u0142a klinkierowa dr\u0105\u017cona angobowana kl. 35 lub pe\u0142na kl. 50<\/strong><\/p>\n<p><strong>Kolor:<\/strong> dojrza\u0142a \u015bliwka<br \/>\n<strong>Rodzaj lica:<\/strong> g\u0142adkie<br \/>\n<strong>Dane techniczne<\/strong><br \/>\n&#8211; wytrzyma\u0142o\u015b\u0107 na \u015bciskanie: 35 N\/mm2 (ceg\u0142a dr\u0105\u017cona); 50 N\/mm2 (ceg\u0142a pe\u0142na)<br \/>\n&#8211; Nasi\u0105kliwo\u015b\u0107: 6%<br \/>\n&#8211; Mrozoodporno\u015b\u0107: odporna<\/p>\n<table>\n<tbody>\n<tr>\n<td><img loading=\"lazy\" decoding=\"async\" class=\"aligncenter size-full wp-image-14790\" src=\"https:\/\/e-adams.pl\/wp-content\/uploads\/2019\/01\/Cegly-Klinkierowe-Lode-Andromeda.jpg\" alt=\"Ceg\u0142y Klinkierowe Lode Andromeda, ceg\u0142a klinkierowa angobowana \u017bary, ceg\u0142a dojrza\u0142a \u015bliwka \u017bary\" width=\"400\" height=\"400\" title=\"\"><\/td>\n<td><img loading=\"lazy\" decoding=\"async\" class=\"aligncenter size-full wp-image-14787\" src=\"https:\/\/e-adams.pl\/wp-content\/uploads\/2019\/01\/cegla-klinkierowa-drazona-lode-andromeda.jpg\" alt=\"ceg\u0142a klinkierowa dr\u0105\u017cona \u017bary, ceg\u0142y lode andromeda, ceg\u0142a angobowana \u017bary\" width=\"400\" height=\"400\" title=\"\"><\/td>\n<\/tr>\n<\/tbody>\n<\/table>\n<p>&nbsp;<\/p>\n","protected":false},"excerpt":{"rendered":"<h3 style=\"color: #0099cc;\">Sprawd\u017a cen\u0119 i aktualny stan w sklepie<br \/>\n<strong>Kontakt:<\/strong> <a href=\"mailto:info@e-adams.pl\"><u><b>info@e-adams.pl<\/b><\/u><\/a><\/h3>\n","protected":false},"featured_media":14787,"comment_status":"open","ping_status":"closed","template":"","meta":{"_acf_changed":false,"inline_featured_image":false},"product_cat":[282],"product_tag":[1114,1117,950],"class_list":{"0":"post-14736","1":"product","2":"type-product","3":"status-publish","4":"has-post-thumbnail","6":"product_cat-cegly","7":"product_tag-cegla","8":"product_tag-lode","9":"product_tag-materialy-budowlane","11":"first","12":"onbackorder","13":"shipping-taxable","14":"product-type-simple"},"acf":[],"_links":{"self":[{"href":"https:\/\/e-adams.pl\/de\/wp-json\/wp\/v2\/product\/14736","targetHints":{"allow":["GET"]}}],"collection":[{"href":"https:\/\/e-adams.pl\/de\/wp-json\/wp\/v2\/product"}],"about":[{"href":"https:\/\/e-adams.pl\/de\/wp-json\/wp\/v2\/types\/product"}],"replies":[{"embeddable":true,"href":"https:\/\/e-adams.pl\/de\/wp-json\/wp\/v2\/comments?post=14736"}],"wp:featuredmedia":[{"embeddable":true,"href":"https:\/\/e-adams.pl\/de\/wp-json\/wp\/v2\/media\/14787"}],"wp:attachment":[{"href":"https:\/\/e-adams.pl\/de\/wp-json\/wp\/v2\/media?parent=14736"}],"wp:term":[{"taxonomy":"product_cat","embeddable":true,"href":"https:\/\/e-adams.pl\/de\/wp-json\/wp\/v2\/product_cat?post=14736"},{"taxonomy":"product_tag","embeddable":true,"href":"https:\/\/e-adams.pl\/de\/wp-json\/wp\/v2\/product_tag?post=14736"}],"curies":[{"name":"wp","href":"https:\/\/api.w.org\/{rel}","templated":true}]}}