{"id":14740,"date":"2019-01-30T11:00:54","date_gmt":"2019-01-30T10:00:54","guid":{"rendered":"https:\/\/e-adams.pl\/sklep\/cegla-szamotowa-plytka-32x114x230-1-32-bs\/"},"modified":"2023-08-18T09:04:54","modified_gmt":"2023-08-18T07:04:54","slug":"cegla-szamotowa-chematex","status":"publish","type":"product","link":"https:\/\/e-adams.pl\/de\/produkt\/cegla-szamotowa-chematex\/","title":{"rendered":"Ceg\u0142a szamotowa CHEMATEX"},"content":{"rendered":"<h3>Ceg\u0142a szamotowa CHEMATEX<\/h3>\n<p><img loading=\"lazy\" decoding=\"async\" class=\"aligncenter size-full wp-image-14809\" src=\"https:\/\/e-adams.pl\/wp-content\/uploads\/2019\/02\/cegla-szamotowa-chematex.jpg\" alt=\"ceg\u0142a szamotowa \u017bary, Ceg\u0142y chematex, ceg\u0142a szamotowa p\u0142ytka \u017bary, Ceg\u0142a szamotowa ogniotrwa\u0142a \u017bary, Ceg\u0142y do kominka \u017bary\" width=\"400\" height=\"400\" title=\"\"><\/p>\n<p style=\"text-align: justify;\">Ceg\u0142a szamotowa to tradycyjne ceramiczne materia\u0142y ogniotrwa\u0142e stosowane w wy\u0142o\u017ceniach piec\u00f3w przemys\u0142owych, instalacjach kominowych, kominkach domowych jak r\u00f3wnie\u017c niewielkich piecach grzewczych. oferujemy materia\u0142y w gatunku AS i BS w r\u00f3\u017cnych formatach. Ogniotrwa\u0142o\u015b\u0107 zwyk\u0142a Gat.AS 173 sP. Wymiar: 32x114x230, 1-32 BS<\/p>\n","protected":false},"excerpt":{"rendered":"<h3 style=\"color: #0099cc;\">Sprawd\u017a cen\u0119 i aktualny stan w sklepie<br \/>\n<strong>Kontakt:<\/strong> <a href=\"mailto:info@e-adams.pl\"><u><b>info@e-adams.pl<\/b><\/u><\/a><\/h3>\n","protected":false},"featured_media":14809,"comment_status":"open","ping_status":"closed","template":"","meta":{"_acf_changed":false,"inline_featured_image":false},"product_cat":[282],"product_tag":[1114,1119,950],"class_list":{"0":"post-14740","1":"product","2":"type-product","3":"status-publish","4":"has-post-thumbnail","6":"product_cat-cegly","7":"product_tag-cegla","8":"product_tag-chematex","9":"product_tag-materialy-budowlane","11":"first","12":"onbackorder","13":"shipping-taxable","14":"product-type-simple"},"acf":[],"_links":{"self":[{"href":"https:\/\/e-adams.pl\/de\/wp-json\/wp\/v2\/product\/14740","targetHints":{"allow":["GET"]}}],"collection":[{"href":"https:\/\/e-adams.pl\/de\/wp-json\/wp\/v2\/product"}],"about":[{"href":"https:\/\/e-adams.pl\/de\/wp-json\/wp\/v2\/types\/product"}],"replies":[{"embeddable":true,"href":"https:\/\/e-adams.pl\/de\/wp-json\/wp\/v2\/comments?post=14740"}],"wp:featuredmedia":[{"embeddable":true,"href":"https:\/\/e-adams.pl\/de\/wp-json\/wp\/v2\/media\/14809"}],"wp:attachment":[{"href":"https:\/\/e-adams.pl\/de\/wp-json\/wp\/v2\/media?parent=14740"}],"wp:term":[{"taxonomy":"product_cat","embeddable":true,"href":"https:\/\/e-adams.pl\/de\/wp-json\/wp\/v2\/product_cat?post=14740"},{"taxonomy":"product_tag","embeddable":true,"href":"https:\/\/e-adams.pl\/de\/wp-json\/wp\/v2\/product_tag?post=14740"}],"curies":[{"name":"wp","href":"https:\/\/api.w.org\/{rel}","templated":true}]}}