{"id":14741,"date":"2019-01-30T11:00:57","date_gmt":"2019-01-30T10:00:57","guid":{"rendered":"https:\/\/e-adams.pl\/sklep\/nadproze-ceramiczne-porotherm-115-dl-125\/"},"modified":"2022-09-05T14:28:17","modified_gmt":"2022-09-05T12:28:17","slug":"nadproze-ceramiczne-porothem-11-5","status":"publish","type":"product","link":"https:\/\/e-adams.pl\/de\/produkt\/nadproze-ceramiczne-porothem-11-5\/","title":{"rendered":"Nadpro\u017ce ceramiczne POROTHEM 11.5"},"content":{"rendered":"<h3>Nadpro\u017ce ceramiczne POROTHEM 11.5<\/h3>\n<p><strong>\u017belbetowa belka nadpro\u017cowa 115x71mm<\/strong><\/p>\n<p><img loading=\"lazy\" decoding=\"async\" class=\"aligncenter size-full wp-image-14814\" src=\"https:\/\/e-adams.pl\/wp-content\/uploads\/2019\/02\/nadproze-ceramiczne-porothem.jpg\" alt=\"nadpro\u017ce ceramiczne porothem \u017bary, nadpro\u017ce \u017celbetowe \u017bary, Nadpro\u017ca Porotherm\" width=\"400\" height=\"400\" title=\"\"><\/p>\n<p style=\"text-align: justify;\">Ceramiczno &#8211; \u017celbetowa belka nadpro\u017cowa Porotherm 11.5. Nadpro\u017ce powstaje poprzez nadmurowanie belek nadpro\u017cowych ceg\u0142ami lub pustakami b\u0105d\u017a poprzez nadbetonowanie.<\/p>\n<p>&#8211; Wysoko\u015b\u0107: 71 mm<br \/>\n&#8211; Szeroko\u015b\u0107: 115 mm<br \/>\n&#8211; D\u0142ugo\u015b\u0107: 750 \u00f7 3000 co 250 mm<br \/>\n&#8211; Zakres d\u0142ugo\u015bci: 125 &#8211; 300 mm<br \/>\n&#8211; Masa: ok. 16 kg\/mb<\/p>\n<p>Pozosta\u0142e wielko\u015bci: Nadpro\u017ce Porotherm 23.8 (238x70mm)<br \/>\n(Charakteryzuje si\u0119 du\u017c\u0105 wytrzyma\u0142o\u015bci\u0105, nie wymaga nadmurowywania).<\/p>\n","protected":false},"excerpt":{"rendered":"<h3 style=\"color: #0099cc;\">Sprawd\u017a cen\u0119 i aktualny stan w sklepie<br \/>\n<strong>Kontakt:<\/strong> <a href=\"mailto:info@e-adams.pl\"><u><b>info@e-adams.pl<\/b><\/u><\/a><\/h3>\n","protected":false},"featured_media":14814,"comment_status":"open","ping_status":"closed","template":"","meta":{"_acf_changed":false,"inline_featured_image":false},"product_cat":[739],"product_tag":[950,1122,1121],"class_list":{"0":"post-14741","1":"product","2":"type-product","3":"status-publish","4":"has-post-thumbnail","6":"product_cat-nadproza","7":"product_tag-materialy-budowlane","8":"product_tag-nadproze","9":"product_tag-porotherm","11":"first","12":"onbackorder","13":"shipping-taxable","14":"product-type-simple"},"acf":[],"_links":{"self":[{"href":"https:\/\/e-adams.pl\/de\/wp-json\/wp\/v2\/product\/14741","targetHints":{"allow":["GET"]}}],"collection":[{"href":"https:\/\/e-adams.pl\/de\/wp-json\/wp\/v2\/product"}],"about":[{"href":"https:\/\/e-adams.pl\/de\/wp-json\/wp\/v2\/types\/product"}],"replies":[{"embeddable":true,"href":"https:\/\/e-adams.pl\/de\/wp-json\/wp\/v2\/comments?post=14741"}],"wp:featuredmedia":[{"embeddable":true,"href":"https:\/\/e-adams.pl\/de\/wp-json\/wp\/v2\/media\/14814"}],"wp:attachment":[{"href":"https:\/\/e-adams.pl\/de\/wp-json\/wp\/v2\/media?parent=14741"}],"wp:term":[{"taxonomy":"product_cat","embeddable":true,"href":"https:\/\/e-adams.pl\/de\/wp-json\/wp\/v2\/product_cat?post=14741"},{"taxonomy":"product_tag","embeddable":true,"href":"https:\/\/e-adams.pl\/de\/wp-json\/wp\/v2\/product_tag?post=14741"}],"curies":[{"name":"wp","href":"https:\/\/api.w.org\/{rel}","templated":true}]}}