{"id":14742,"date":"2019-01-30T11:01:01","date_gmt":"2019-01-30T10:01:01","guid":{"rendered":"https:\/\/e-adams.pl\/sklep\/lode-cegla-janka-pelna-kl-50\/"},"modified":"2022-09-05T14:28:25","modified_gmt":"2022-09-05T12:28:25","slug":"cegla-klinkierowa-lode-janka","status":"publish","type":"product","link":"https:\/\/e-adams.pl\/de\/produkt\/cegla-klinkierowa-lode-janka\/","title":{"rendered":"Ceg\u0142a klinkierowa czerwona LODE JANKA"},"content":{"rendered":"<h3>Ceg\u0142a klinkierowana LODE JANKA<\/h3>\n<p><strong>Ceg\u0142a klinkierowa dr\u0105\u017cona kl. 35 lub pe\u0142na kl. 50<\/strong><\/p>\n<p><strong>Kolor:<\/strong> czerwony<br \/>\n<strong>Rodzaj lica:<\/strong> g\u0142adkie<br \/>\n<strong>Dane techniczne<\/strong><br \/>\n&#8211; wytrzyma\u0142o\u015b\u0107 na \u015bciskanie: 35 N\/mm2 (ceg\u0142a dr\u0105\u017cona); 50 N\/mm2 (ceg\u0142a pe\u0142na)<br \/>\n&#8211; Nasi\u0105kliwo\u015b\u0107: 6%<br \/>\n&#8211; Mrozoodporno\u015b\u0107: odporna<\/p>\n<table>\n<tbody>\n<tr>\n<td><img loading=\"lazy\" decoding=\"async\" class=\"aligncenter size-full wp-image-14800\" src=\"https:\/\/e-adams.pl\/wp-content\/uploads\/2019\/02\/Cegla-klinkierowana-lode-janka.jpg\" alt=\"Ceg\u0142a klinkierowana \u017bary, ceg\u0142y lode janka, ceg\u0142a czerwona \u017bary, ceg\u0142a czerwona pe\u0142na \u017bary, ceg\u0142a czerwona dr\u0105\u017cona \u017bary, ceg\u0142a czerwona dziurawka \u017bary\" width=\"400\" height=\"400\" title=\"\"><\/td>\n<td><img loading=\"lazy\" decoding=\"async\" class=\"aligncenter size-full wp-image-14798\" src=\"https:\/\/e-adams.pl\/wp-content\/uploads\/2019\/02\/cegla-klinkierowa-lode-janka.jpg\" alt=\"ceg\u0142a klinkierowa Zary, Ceg\u0142a lode janka czerwona, ceg\u0142a klasyczna \u017bary, Ceg\u0142y klasyczne \u017bary\" width=\"400\" height=\"400\" title=\"\"><\/td>\n<\/tr>\n<\/tbody>\n<\/table>\n<p>&nbsp;<\/p>\n","protected":false},"excerpt":{"rendered":"<h3 style=\"color: #0099cc;\">Sprawd\u017a cen\u0119 i aktualny stan w sklepie<br \/>\n<strong>Kontakt:<\/strong> <a href=\"mailto:info@e-adams.pl\"><u><b>info@e-adams.pl<\/b><\/u><\/a><\/h3>\n","protected":false},"featured_media":14798,"comment_status":"open","ping_status":"closed","template":"","meta":{"_acf_changed":false,"inline_featured_image":false},"product_cat":[282],"product_tag":[1114,1117,950],"class_list":{"0":"post-14742","1":"product","2":"type-product","3":"status-publish","4":"has-post-thumbnail","6":"product_cat-cegly","7":"product_tag-cegla","8":"product_tag-lode","9":"product_tag-materialy-budowlane","11":"first","12":"onbackorder","13":"shipping-taxable","14":"product-type-simple"},"acf":[],"_links":{"self":[{"href":"https:\/\/e-adams.pl\/de\/wp-json\/wp\/v2\/product\/14742","targetHints":{"allow":["GET"]}}],"collection":[{"href":"https:\/\/e-adams.pl\/de\/wp-json\/wp\/v2\/product"}],"about":[{"href":"https:\/\/e-adams.pl\/de\/wp-json\/wp\/v2\/types\/product"}],"replies":[{"embeddable":true,"href":"https:\/\/e-adams.pl\/de\/wp-json\/wp\/v2\/comments?post=14742"}],"wp:featuredmedia":[{"embeddable":true,"href":"https:\/\/e-adams.pl\/de\/wp-json\/wp\/v2\/media\/14798"}],"wp:attachment":[{"href":"https:\/\/e-adams.pl\/de\/wp-json\/wp\/v2\/media?parent=14742"}],"wp:term":[{"taxonomy":"product_cat","embeddable":true,"href":"https:\/\/e-adams.pl\/de\/wp-json\/wp\/v2\/product_cat?post=14742"},{"taxonomy":"product_tag","embeddable":true,"href":"https:\/\/e-adams.pl\/de\/wp-json\/wp\/v2\/product_tag?post=14742"}],"curies":[{"name":"wp","href":"https:\/\/api.w.org\/{rel}","templated":true}]}}