{"id":14743,"date":"2019-01-30T11:01:03","date_gmt":"2019-01-30T10:01:03","guid":{"rendered":"https:\/\/e-adams.pl\/sklep\/cegla-canberra-nf17-cieniowana-416-paltea%e2%80%a2-roben\/"},"modified":"2022-09-05T14:28:46","modified_gmt":"2022-09-05T12:28:46","slug":"cegla-cieniowana-gladka-roben-canberra","status":"publish","type":"product","link":"https:\/\/e-adams.pl\/de\/produkt\/cegla-cieniowana-gladka-roben-canberra\/","title":{"rendered":"Ceg\u0142a cieniowana g\u0142adka R\u00d6BEN CANBERRA"},"content":{"rendered":"<h3>Ceg\u0142a cieniowana g\u0142adka R\u00d6BEN CANBERRA<\/h3>\n<p><strong>Wyj\u0105tkowa ceg\u0142a klinkierowa o kolorystyce czerwono-br\u0105zowo-oliwkowej. Dzi\u0119ki cieniowaniu zmienia wygl\u0105d w zale\u017cno\u015bci od \u015bwiat\u0142a<\/strong><\/p>\n<p><img loading=\"lazy\" decoding=\"async\" class=\"aligncenter size-full wp-image-14775\" src=\"https:\/\/e-adams.pl\/wp-content\/uploads\/2019\/01\/Cegla-Klinkierowa-Roben-Canberra.jpg\" alt=\"Ceg\u0142a Klinkierowa \u017bary, R\u00f6ben Canberra, ceg\u0142y klinkier \u017bary, ceg\u0142a klinkierowa sko\u015bna \u017bary, ceg\u0142a cieniowana g\u0142adka \u017bary, R\u00f6ben canberra \u017bary, Ceg\u0142a czerwono-br\u0105zowo-oliwkowa\" width=\"400\" height=\"400\" title=\"\"><\/p>\n<p style=\"text-align: justify;\">Ceg\u0142a cieniowana g\u0142adka R\u00d6BEN CANBERRA jest to materia\u0142 najwy\u017cszej jako\u015bci \u2013 ceg\u0142a klinkierowa o doskona\u0142ych parametrach wytrzyma\u0142o\u015bci na \u015bciskanie i odporno\u015bci na trudne warunki atmosferyczne. Wykorzystywana zar\u00f3wno w budownictwie jednorodzinnym (elewacje obiekt\u00f3w tradycyjnych, polski mur, itp.), jak i do budowy obiekt\u00f3w u\u017cyteczno\u015bci publicznej. Przyk\u0142ady licznych zastosowa\u0144, m.in. w Centrum Sztuki Wsp\u00f3\u0142czesnej w Toruniu czy Galerii Dominika\u0144skiej we Wroc\u0142awiu, mo\u017cna obejrze\u0107 w galerii. Jest to jedna z pierwszych cegie\u0142, kt\u00f3ra pojawi\u0142a si\u0119 w ofercie R\u00f6ben Polska. Dzi\u0119ki wyj\u0105tkowej barwie i zaletom technicznym do dzi\u015b cieszy si\u0119 uznaniem inwestor\u00f3w.<\/p>\n","protected":false},"excerpt":{"rendered":"<h3 style=\"color: #0099cc;\">Sprawd\u017a cen\u0119 i aktualny stan w sklepie<br \/>\n<strong>Kontakt:<\/strong> <a href=\"mailto:info@e-adams.pl\"><u><b>info@e-adams.pl<\/b><\/u><\/a><\/h3>\n","protected":false},"featured_media":14773,"comment_status":"open","ping_status":"closed","template":"","meta":{"_acf_changed":false,"inline_featured_image":false},"product_cat":[282],"product_tag":[1114,950,1115],"class_list":{"0":"post-14743","1":"product","2":"type-product","3":"status-publish","4":"has-post-thumbnail","6":"product_cat-cegly","7":"product_tag-cegla","8":"product_tag-materialy-budowlane","9":"product_tag-roben","11":"first","12":"onbackorder","13":"shipping-taxable","14":"product-type-simple"},"acf":[],"_links":{"self":[{"href":"https:\/\/e-adams.pl\/de\/wp-json\/wp\/v2\/product\/14743","targetHints":{"allow":["GET"]}}],"collection":[{"href":"https:\/\/e-adams.pl\/de\/wp-json\/wp\/v2\/product"}],"about":[{"href":"https:\/\/e-adams.pl\/de\/wp-json\/wp\/v2\/types\/product"}],"replies":[{"embeddable":true,"href":"https:\/\/e-adams.pl\/de\/wp-json\/wp\/v2\/comments?post=14743"}],"wp:featuredmedia":[{"embeddable":true,"href":"https:\/\/e-adams.pl\/de\/wp-json\/wp\/v2\/media\/14773"}],"wp:attachment":[{"href":"https:\/\/e-adams.pl\/de\/wp-json\/wp\/v2\/media?parent=14743"}],"wp:term":[{"taxonomy":"product_cat","embeddable":true,"href":"https:\/\/e-adams.pl\/de\/wp-json\/wp\/v2\/product_cat?post=14743"},{"taxonomy":"product_tag","embeddable":true,"href":"https:\/\/e-adams.pl\/de\/wp-json\/wp\/v2\/product_tag?post=14743"}],"curies":[{"name":"wp","href":"https:\/\/api.w.org\/{rel}","templated":true}]}}