{"id":14744,"date":"2019-01-30T11:01:04","date_gmt":"2019-01-30T10:01:04","guid":{"rendered":"https:\/\/e-adams.pl\/sklep\/cegla-darwin-nf38-czerwono-brazowa-416-paltea%e2%80%a2-roben\/"},"modified":"2022-09-05T14:28:58","modified_gmt":"2022-09-05T12:28:58","slug":"cegla-czerwono-brazowa-gladka-roben-darwin","status":"publish","type":"product","link":"https:\/\/e-adams.pl\/de\/produkt\/cegla-czerwono-brazowa-gladka-roben-darwin\/","title":{"rendered":"Ceg\u0142a czerwono-br\u0105zowa g\u0142adka R\u00d6BEN DARWIN"},"content":{"rendered":"<h3>Ceg\u0142a czerwono-br\u0105zowa g\u0142adka R\u00d6BEN DARWIN<\/h3>\n<p><strong>Powsta\u0142a z my\u015bl\u0105 o inwestorach, kt\u00f3rzy ho\u0142duj\u0105 tradycji budowania z czerwonej ceg\u0142y, ale poszukuj\u0105 takich wariant\u00f3w kolorystycznych, kt\u00f3re wnios\u0105 te\u017c do wygl\u0105du budynku powiew \u015bwie\u017co\u015bci<\/strong><br \/>\n<img loading=\"lazy\" decoding=\"async\" class=\"aligncenter size-full wp-image-14778\" src=\"https:\/\/e-adams.pl\/wp-content\/uploads\/2019\/01\/Cegla-Czerwona-Roben-Darwin.jpg\" alt=\"Ceg\u0142a Czerwona \u017bary, R\u00f6ben Darwin, Ceg\u0142y tradycyjne \u017bary, Ceg\u0142a czerwona Lubuskie, ceg\u0142a czerwono br\u0105zowa g\u0142adka \u017bary, ceg\u0142y r\u00f6ben darwin, ceg\u0142a ognioodporna \u017bary, ceg\u0142y kominkowe \u017bary\" width=\"400\" height=\"400\" title=\"\"><\/p>\n<p style=\"text-align: justify;\">Ceg\u0142a DARWIN sprawdzi si\u0119 szczeg\u00f3lnie w projektach \u0142\u0105cz\u0105cych tradycj\u0119 z nowoczesno\u015bci\u0105. Ciekawym pomys\u0142em jest wykorzystanie jej w projektach nawi\u0105zuj\u0105cych stylem do obiekt\u00f3w przemys\u0142owych \u2013 czerwono-br\u0105zowa elewacja stanie si\u0119 \u015bwietnym dope\u0142nieniem surowej, postindustrialnej bry\u0142y. Zastosowana w architekturze wn\u0119trz, stworzy niebanalny klimat, a dzi\u0119ki wytrzyma\u0142o\u015bci i ognioodporno\u015bci stanowi te\u017c dobry materia\u0142 na wyko\u0144czenie przestrzeni wok\u00f3\u0142 kominka.<\/p>\n","protected":false},"excerpt":{"rendered":"<h3 style=\"color: #0099cc;\">Sprawd\u017a cen\u0119 i aktualny stan w sklepie<br \/>\n<strong>Kontakt:<\/strong> <a href=\"mailto:info@e-adams.pl\"><u><b>info@e-adams.pl<\/b><\/u><\/a><\/h3>\n","protected":false},"featured_media":14780,"comment_status":"open","ping_status":"closed","template":"","meta":{"_acf_changed":false,"inline_featured_image":false},"product_cat":[282],"product_tag":[1114,950,1115],"class_list":{"0":"post-14744","1":"product","2":"type-product","3":"status-publish","4":"has-post-thumbnail","6":"product_cat-cegly","7":"product_tag-cegla","8":"product_tag-materialy-budowlane","9":"product_tag-roben","11":"first","12":"onbackorder","13":"shipping-taxable","14":"product-type-simple"},"acf":[],"_links":{"self":[{"href":"https:\/\/e-adams.pl\/de\/wp-json\/wp\/v2\/product\/14744","targetHints":{"allow":["GET"]}}],"collection":[{"href":"https:\/\/e-adams.pl\/de\/wp-json\/wp\/v2\/product"}],"about":[{"href":"https:\/\/e-adams.pl\/de\/wp-json\/wp\/v2\/types\/product"}],"replies":[{"embeddable":true,"href":"https:\/\/e-adams.pl\/de\/wp-json\/wp\/v2\/comments?post=14744"}],"wp:featuredmedia":[{"embeddable":true,"href":"https:\/\/e-adams.pl\/de\/wp-json\/wp\/v2\/media\/14780"}],"wp:attachment":[{"href":"https:\/\/e-adams.pl\/de\/wp-json\/wp\/v2\/media?parent=14744"}],"wp:term":[{"taxonomy":"product_cat","embeddable":true,"href":"https:\/\/e-adams.pl\/de\/wp-json\/wp\/v2\/product_cat?post=14744"},{"taxonomy":"product_tag","embeddable":true,"href":"https:\/\/e-adams.pl\/de\/wp-json\/wp\/v2\/product_tag?post=14744"}],"curies":[{"name":"wp","href":"https:\/\/api.w.org\/{rel}","templated":true}]}}