{"id":14745,"date":"2019-01-30T11:01:06","date_gmt":"2019-01-30T10:01:06","guid":{"rendered":"https:\/\/e-adams.pl\/sklep\/cegla-melbourne-nf16-czerwona-416-paltea%e2%80%a2-roben\/"},"modified":"2022-09-05T14:29:02","modified_gmt":"2022-09-05T12:29:02","slug":"cegla-czerwona-ryflowana-roben-melbourne","status":"publish","type":"product","link":"https:\/\/e-adams.pl\/de\/produkt\/cegla-czerwona-ryflowana-roben-melbourne\/","title":{"rendered":"Ceg\u0142a czerwona ryflowana R\u00d6BEN MELBOURNE"},"content":{"rendered":"<h3>Ceg\u0142a czerwona ryflowana R\u00d6BEN MELBOURNE<\/h3>\n<p><strong>Ceg\u0142a o tradycyjnym, ceglastoczerwonym kolorze. Oryginalnym akcentem jest ryflowana powierzchnia, tworz\u0105ca w strukturze ceg\u0142y nieregularny wz\u00f3r<\/strong><br \/>\n<img loading=\"lazy\" decoding=\"async\" class=\"aligncenter size-full wp-image-14785\" src=\"https:\/\/e-adams.pl\/wp-content\/uploads\/2019\/01\/Cegla-Ryflowana-Roben-Melbourne.jpg\" alt=\"Ceg\u0142a Ryflowana \u017bary, R\u00f6ben Melbourne, ceg\u0142y ryflowane \u017bary, ceg\u0142a klinkierowa ryflowana \u017bary, ceg\u0142a czerwona ryflowana \u017bary, r\u00f6ben melbourne, ceg\u0142y ceglastoczerwone \u017bary\" width=\"400\" height=\"400\" title=\"\"><\/p>\n<p style=\"text-align: justify;\">Ceg\u0142a Melbourne jest ch\u0119tnie stosowana m.in. na ogrodzeniach, a tak\u017ce na coko\u0142ach i innych fragmentach elewacji. Jest to ceg\u0142a klinkierowa \u2013 materia\u0142 ceramiczny najwy\u017cszej jako\u015bci, mrozoodporny i d\u0142ugowieczny.<\/p>\n","protected":false},"excerpt":{"rendered":"<h3 style=\"color: #0099cc;\">Sprawd\u017a cen\u0119 i aktualny stan w sklepie<br \/>\n<strong>Kontakt:<\/strong> <a href=\"mailto:info@e-adams.pl\"><u><b>info@e-adams.pl<\/b><\/u><\/a><\/h3>\n","protected":false},"featured_media":14783,"comment_status":"open","ping_status":"closed","template":"","meta":{"_acf_changed":false,"inline_featured_image":false},"product_cat":[282],"product_tag":[1114,950,1115],"class_list":{"0":"post-14745","1":"product","2":"type-product","3":"status-publish","4":"has-post-thumbnail","6":"product_cat-cegly","7":"product_tag-cegla","8":"product_tag-materialy-budowlane","9":"product_tag-roben","11":"first","12":"onbackorder","13":"shipping-taxable","14":"product-type-simple"},"acf":[],"_links":{"self":[{"href":"https:\/\/e-adams.pl\/de\/wp-json\/wp\/v2\/product\/14745","targetHints":{"allow":["GET"]}}],"collection":[{"href":"https:\/\/e-adams.pl\/de\/wp-json\/wp\/v2\/product"}],"about":[{"href":"https:\/\/e-adams.pl\/de\/wp-json\/wp\/v2\/types\/product"}],"replies":[{"embeddable":true,"href":"https:\/\/e-adams.pl\/de\/wp-json\/wp\/v2\/comments?post=14745"}],"wp:featuredmedia":[{"embeddable":true,"href":"https:\/\/e-adams.pl\/de\/wp-json\/wp\/v2\/media\/14783"}],"wp:attachment":[{"href":"https:\/\/e-adams.pl\/de\/wp-json\/wp\/v2\/media?parent=14745"}],"wp:term":[{"taxonomy":"product_cat","embeddable":true,"href":"https:\/\/e-adams.pl\/de\/wp-json\/wp\/v2\/product_cat?post=14745"},{"taxonomy":"product_tag","embeddable":true,"href":"https:\/\/e-adams.pl\/de\/wp-json\/wp\/v2\/product_tag?post=14745"}],"curies":[{"name":"wp","href":"https:\/\/api.w.org\/{rel}","templated":true}]}}