{"id":14746,"date":"2019-01-30T11:01:08","date_gmt":"2019-01-30T10:01:08","guid":{"rendered":"https:\/\/e-adams.pl\/sklep\/bloczek-na-fundamenty-pebek-m6-24x12x38\/"},"modified":"2022-09-05T14:29:14","modified_gmt":"2022-09-05T12:29:14","slug":"bloczek-betonowy-pebek","status":"publish","type":"product","link":"https:\/\/e-adams.pl\/de\/produkt\/bloczek-betonowy-pebek\/","title":{"rendered":"Bloczek betonowy PEBEK"},"content":{"rendered":"<h3>Bloczek betonowy PEBEK<\/h3>\n<p><strong>Bloczki betonowe na fundamenty<\/strong><br \/>\n<img loading=\"lazy\" decoding=\"async\" class=\"aligncenter size-full wp-image-14770\" src=\"https:\/\/e-adams.pl\/wp-content\/uploads\/2019\/01\/bloczek-betonowy-pebek.jpg\" alt=\"bloczek betonowy \u017bary, pebek bloczki betonowe, Bloczek fundamentowy \u017bary, BUDOWNICTWO PRZEMYS\u0141OWE I MIESZKANIOWE \u017bary\" width=\"400\" height=\"400\" title=\"\"><\/p>\n<table>\n<thead>\n<tr>\n<th>WYSOKO\u015a\u0106<br \/>\n(cm)<\/th>\n<th>WYMIARY<br \/>\n(cm)<\/th>\n<th>WAGA SZT.<br \/>\n(kg)<\/th>\n<th>PACZKA<br \/>\n(szt.)<\/th>\n<\/tr>\n<\/thead>\n<tbody>\n<tr>\n<td>120<\/td>\n<td>24&#215;38<\/td>\n<td>~25<\/td>\n<td>60<\/td>\n<\/tr>\n<tr>\n<td>14<\/td>\n<td>24&#215;38<\/td>\n<td>~28<\/td>\n<td>56<\/td>\n<\/tr>\n<\/tbody>\n<\/table>\n<h3>SPOSOBY ZABEZPIECZANIA POWIERZCHNI<\/h3>\n<h4>System WRC1<\/h4>\n<p>&#8211; podwy\u017cszona trwa\u0142o\u015b\u0107 oraz intensywno\u015b\u0107 koloru<br \/>\n&#8211; redukcja wch\u0142aniania zabrudze\u0144<br \/>\n&#8211; ochrona przed wp\u0142ywem czynnik\u00f3w atmosferycznych<br \/>\n&#8211; brud wnika, ale du\u017co wolniej<\/p>\n<h4>System WRC3<\/h4>\n<p>&#8211; w znacznym stopniu zamkni\u0119te pory<br \/>\n&#8211; bazowa ochrona przed plamami (spowolnienie natychmiastowego wnikania substancji w kostk\u0119)<br \/>\n&#8211; natychmiastowe u\u017cycie wody oraz \u015brodk\u00f3w czyszcz\u0105cych pozwala w znacznym stopniu usun\u0105\u0107 zabrudzenia<br \/>\n&#8211; podwy\u017cszona trwa\u0142o\u015b\u0107 oraz intensywno\u015b\u0107 kolory<\/p>\n<h4>System WRC5<\/h4>\n<p>&#8211; najwy\u017cszy stopnie\u0144 ochrony nawierzchni<br \/>\n&#8211; super \u0142atwa w piel\u0119gnacji nawierzchnia<br \/>\n&#8211; substancje obce nie wnikaj\u0105 w struktur\u0119 produktu<br \/>\n&#8211; wysoka trwa\u0142o\u015b\u0107 koloru<br \/>\n&#8211; plamy powsta\u0142e przez zanieczyszczenia substancjami obcymi (glina, owoce, ketchup, majonez, czerwone wino, t\u0142uszcz pochodz\u0105cy z grilla, olej) s\u0105 \u0142atwiejsze do usuni\u0119cia<br \/>\n&#8211; zastosowanie pow\u0142oki WRC5 znacz\u0105co wp\u0142ywa na podwy\u017cszenie parametr\u00f3w przesi\u0105kliwo\u015bci, wytrzyma\u0142o\u015bci i \u015bcieralno\u015bci nawierzchni<\/p>\n","protected":false},"excerpt":{"rendered":"<h3 style=\"color: #0099cc;\">Sprawd\u017a cen\u0119 i aktualny stan w sklepie<br \/>\n<strong>Kontakt:<\/strong> <a href=\"mailto:info@e-adams.pl\"><u><b>info@e-adams.pl<\/b><\/u><\/a><\/h3>\n","protected":false},"featured_media":14770,"comment_status":"open","ping_status":"closed","template":"","meta":{"_acf_changed":false,"inline_featured_image":false},"product_cat":[283],"product_tag":[1111,950,1113],"class_list":{"0":"post-14746","1":"product","2":"type-product","3":"status-publish","4":"has-post-thumbnail","6":"product_cat-bloczki-betonowe","7":"product_tag-bloczki","8":"product_tag-materialy-budowlane","9":"product_tag-pebek","11":"first","12":"onbackorder","13":"shipping-taxable","14":"product-type-simple"},"acf":[],"_links":{"self":[{"href":"https:\/\/e-adams.pl\/de\/wp-json\/wp\/v2\/product\/14746","targetHints":{"allow":["GET"]}}],"collection":[{"href":"https:\/\/e-adams.pl\/de\/wp-json\/wp\/v2\/product"}],"about":[{"href":"https:\/\/e-adams.pl\/de\/wp-json\/wp\/v2\/types\/product"}],"replies":[{"embeddable":true,"href":"https:\/\/e-adams.pl\/de\/wp-json\/wp\/v2\/comments?post=14746"}],"wp:featuredmedia":[{"embeddable":true,"href":"https:\/\/e-adams.pl\/de\/wp-json\/wp\/v2\/media\/14770"}],"wp:attachment":[{"href":"https:\/\/e-adams.pl\/de\/wp-json\/wp\/v2\/media?parent=14746"}],"wp:term":[{"taxonomy":"product_cat","embeddable":true,"href":"https:\/\/e-adams.pl\/de\/wp-json\/wp\/v2\/product_cat?post=14746"},{"taxonomy":"product_tag","embeddable":true,"href":"https:\/\/e-adams.pl\/de\/wp-json\/wp\/v2\/product_tag?post=14746"}],"curies":[{"name":"wp","href":"https:\/\/api.w.org\/{rel}","templated":true}]}}