{"id":14760,"date":"2019-01-30T12:43:59","date_gmt":"2019-01-30T11:43:59","guid":{"rendered":"https:\/\/e-adams.pl\/sklep\/domoflex-klej-uszcelniacz-do-blach-300-ml\/"},"modified":"2023-08-29T17:17:19","modified_gmt":"2023-08-29T15:17:19","slug":"klej-do-blach-baden-chemie-domoflex-300ml","status":"publish","type":"product","link":"https:\/\/e-adams.pl\/de\/produkt\/klej-do-blach-baden-chemie-domoflex-300ml\/","title":{"rendered":"Klej do blach BADEN-CHEMIE DOMOFLEX &#8211; 300ml"},"content":{"rendered":"<h3>Klej do blach BADEN-CHEMIE DOMOFLEX &#8211; 300ml<\/h3>\n<p><strong>Elastyczny, rozpuszczalnikowy klej-uszczelniacz na bazie syntetycznych elastomer\u00f3w<\/strong><\/p>\n<p><img loading=\"lazy\" decoding=\"async\" class=\"aligncenter size-full wp-image-14761\" src=\"https:\/\/e-adams.pl\/wp-content\/uploads\/2019\/01\/klej-do-blach-baden-chemie-domoflex-300ml.jpg\" alt=\"klej do blach \u017bary, baden chemie domoflex, klej do blachy ocynkowanej \u017bary, klej do blachy i betonu \u017bary\" width=\"400\" height=\"400\" title=\"\"><\/p>\n<p style=\"text-align: justify;\">Klej Domoflex idealnie przylega do niemal wszystkich powierzchni, takich jak beton, metal, drewno, szk\u0142 czy asfalt. Stosowanie: Do wszelkich uszczelnie\u0144 dekarskich (np. naprawy przeciek\u00f3w w rynnach i dachach, uszczelnianie \u0142\u0105cze\u0144 papy), mo\u017cna nak\u0142ada\u0107 r\u00f3wnie\u017c podczas deszczu czy \u015bniegu, gdy powierzchnia pod\u0142o\u017ca jest mokra, t\u0142usta i \u015bliska. Baza chemiczna: kauczuk syntetyczny, konsystencja pasty, odporno\u015b\u0107 temperaturowa \u201325\u00b0C do +100\u00b0C.<\/p>\n<h3>W\u0141A\u015aCIWO\u015aCI<\/h3>\n<p>&#8211; bardzo dobra elastyczno\u015b\u0107,<br \/>\n&#8211; bardzo dobra przyczepno\u015b\u0107 do wi\u0119kszo\u015bci pod\u0142o\u017cy r\u00f3wnie\u017c bitumicznych, zaolejonych i wilgotnych,<br \/>\n&#8211; \u0142atwy w obr\u00f3bce,<br \/>\n&#8211; odporny na ple\u015bnienie,<br \/>\n&#8211; \u0142atwy do malowania,<br \/>\n&#8211; nie zawiera silikonu,<br \/>\n&#8211; mo\u017ce by\u0107 obrabiany nawet po przeschni\u0119ciu,<br \/>\n&#8211; kolory: bezbarwny, br\u0105zowy, czerwony, czarny<\/p>\n<h3>ZASTOSOWANIE<\/h3>\n<p>&#8211; do wszelkich uszczelnie\u0144 dekarskich<br \/>\n&#8211; do uszczelniania po\u0142\u0105cze\u0144 blachy falistej, trapezowej, oraz ko\u0142nierzy okien dachowych,<br \/>\n&#8211; spoinowanie papy dachowej,<br \/>\n&#8211; w przemy\u015ble i budownictwie do po\u0142\u0105cze\u0144 drewna, betonu, szk\u0142a, wielu plastik\u00f3w i metali<br \/>\n&#8211; w warsztatach samochodowych do uszczelniania karoserii<br \/>\n&#8211; do z\u0142\u0105czy w pomieszczeniach sanitarnych<\/p>\n","protected":false},"excerpt":{"rendered":"<h3 style=\"color: #0099cc;\">Sprawd\u017a cen\u0119 i aktualny stan w sklepie<br \/>\n<strong>Kontakt:<\/strong> <a href=\"mailto:info@e-adams.pl\"><u><b>info@e-adams.pl<\/b><\/u><\/a><\/h3>\n","protected":false},"featured_media":14761,"comment_status":"open","ping_status":"closed","template":"","meta":{"_acf_changed":false,"inline_featured_image":false},"product_cat":[1475],"product_tag":[1108,764,950],"class_list":{"0":"post-14760","1":"product","2":"type-product","3":"status-publish","4":"has-post-thumbnail","6":"product_cat-kleje-montazowe","7":"product_tag-baden-chemie","8":"product_tag-klej","9":"product_tag-materialy-budowlane","11":"first","12":"onbackorder","13":"shipping-taxable","14":"product-type-simple"},"acf":[],"_links":{"self":[{"href":"https:\/\/e-adams.pl\/de\/wp-json\/wp\/v2\/product\/14760","targetHints":{"allow":["GET"]}}],"collection":[{"href":"https:\/\/e-adams.pl\/de\/wp-json\/wp\/v2\/product"}],"about":[{"href":"https:\/\/e-adams.pl\/de\/wp-json\/wp\/v2\/types\/product"}],"replies":[{"embeddable":true,"href":"https:\/\/e-adams.pl\/de\/wp-json\/wp\/v2\/comments?post=14760"}],"wp:featuredmedia":[{"embeddable":true,"href":"https:\/\/e-adams.pl\/de\/wp-json\/wp\/v2\/media\/14761"}],"wp:attachment":[{"href":"https:\/\/e-adams.pl\/de\/wp-json\/wp\/v2\/media?parent=14760"}],"wp:term":[{"taxonomy":"product_cat","embeddable":true,"href":"https:\/\/e-adams.pl\/de\/wp-json\/wp\/v2\/product_cat?post=14760"},{"taxonomy":"product_tag","embeddable":true,"href":"https:\/\/e-adams.pl\/de\/wp-json\/wp\/v2\/product_tag?post=14760"}],"curies":[{"name":"wp","href":"https:\/\/api.w.org\/{rel}","templated":true}]}}