{"id":14863,"date":"2019-02-05T12:58:28","date_gmt":"2019-02-05T11:58:28","guid":{"rendered":"https:\/\/e-adams.pl\/sklep\/farba-color-matt-25l-baza-biala\/"},"modified":"2023-08-18T09:04:17","modified_gmt":"2023-08-18T07:04:17","slug":"farba-lateksowa-fox-color-matt-25l","status":"publish","type":"product","link":"https:\/\/e-adams.pl\/de\/produkt\/farba-lateksowa-fox-color-matt-25l\/","title":{"rendered":"Farba lateksowa FOX COLOR MATT &#8211; 2,5l"},"content":{"rendered":"<h2>FOX COLOR MATT &#8211; 2,5l<\/h2>\n<p>&#8211; doskonale kryj\u0105ca<br \/>\n&#8211; g\u0142\u0119boko matowa<br \/>\n&#8211; wzbogacona woskami<br \/>\n&#8211; wszystkie kolory wzornika NCS<br \/>\n&#8211; hypoalergiczna<br \/>\n&#8211; niechlapi\u0105ca<br \/>\n&#8211; wysoce odporna na szorowanie na mokro<\/p>\n<p><b>Kolory:<\/b> 224 kolory systemu barwienia FOX, <u>g\u0142\u0119boki mat<\/u><br \/>\n<b>Wydajno\u015b\u0107:<\/b> do 14m2\/L przy jednej warstwie<br \/>\n<b>Spos\u00f3b nanoszenia:<\/b> p\u0119dzel, wa\u0142ek lub natrysk<\/p>\n<p style=\"font-size: 20px; color: #666666; line-height: 30px; text-align: justify;\">Farba FOX COLOR MATT produkowana jest na bazie dyspersji polimerowej, kt\u00f3ra sprawia, \u017ce pow\u0142oka jest odporna na mycie i szorowanie. Farba jest wzbogacona dodatkiem wosku, nadaj\u0105cego odporno\u015b\u0107 na dzia\u0142anie wody oraz u\u0142atwiaj\u0105cego usuwanie plam z wymalowanej powierzchni. Zawarto\u015b\u0107 wype\u0142niaczy mineralnych, w tym bieli tytanowej nadaje farbie doskona\u0142\u0105 si\u0142\u0119 krycia, dzi\u0119ki czemu polecana jest do malowania nowych pod\u0142o\u017cy oraz wymalowa\u0144 renowacyjnych. Wyselekcjonowane pigmenty organiczne i nieorganiczne gwarantuj\u0105 trwa\u0142o\u015b\u0107 koloru. Dodatki uszlachetniaj\u0105ce poprawiaj\u0105 reologi\u0119 &#8211; nadaj\u0105 doskona\u0142e w\u0142a\u015bciwo\u015bci aplikacyjne, zapobiegaj\u0105 chlapaniu podczas malowania oraz wp\u0142ywaj\u0105 na rozlewno\u015b\u0107 farby i budowanie g\u0142adkiej, jednolitej pow\u0142oki. Wyd\u0142u\u017cony czas otwarty zapobiega powstawaniu smug podczas szybkiego wysychania farby.<\/p>\n","protected":false},"excerpt":{"rendered":"<p>Farba lateksowa do \u015bcian i sufit\u00f3w<\/p>\n","protected":false},"featured_media":14872,"comment_status":"open","ping_status":"closed","template":"","meta":{"_acf_changed":false,"inline_featured_image":false},"product_cat":[343,344],"product_tag":[1130,993,992],"class_list":{"0":"post-14863","1":"product","2":"type-product","3":"status-publish","4":"has-post-thumbnail","6":"product_cat-farby-biale","7":"product_cat-farby-kolorowe-gotowe","8":"product_tag-farba-wewnetrzna","9":"product_tag-farby","10":"product_tag-fox-dekorator","12":"first","13":"onbackorder","14":"shipping-taxable","15":"product-type-simple"},"acf":[],"_links":{"self":[{"href":"https:\/\/e-adams.pl\/de\/wp-json\/wp\/v2\/product\/14863","targetHints":{"allow":["GET"]}}],"collection":[{"href":"https:\/\/e-adams.pl\/de\/wp-json\/wp\/v2\/product"}],"about":[{"href":"https:\/\/e-adams.pl\/de\/wp-json\/wp\/v2\/types\/product"}],"replies":[{"embeddable":true,"href":"https:\/\/e-adams.pl\/de\/wp-json\/wp\/v2\/comments?post=14863"}],"wp:featuredmedia":[{"embeddable":true,"href":"https:\/\/e-adams.pl\/de\/wp-json\/wp\/v2\/media\/14872"}],"wp:attachment":[{"href":"https:\/\/e-adams.pl\/de\/wp-json\/wp\/v2\/media?parent=14863"}],"wp:term":[{"taxonomy":"product_cat","embeddable":true,"href":"https:\/\/e-adams.pl\/de\/wp-json\/wp\/v2\/product_cat?post=14863"},{"taxonomy":"product_tag","embeddable":true,"href":"https:\/\/e-adams.pl\/de\/wp-json\/wp\/v2\/product_tag?post=14863"}],"curies":[{"name":"wp","href":"https:\/\/api.w.org\/{rel}","templated":true}]}}