{"id":20062,"date":"2022-12-23T13:39:02","date_gmt":"2022-12-23T12:39:02","guid":{"rendered":"https:\/\/e-adams.pl\/produkt\/farba-lateksowa-tikkruila-anti-reflex-10l\/"},"modified":"2023-01-02T14:41:10","modified_gmt":"2023-01-02T13:41:10","slug":"latexfarbe-tikkruila-anti-reflex-10l","status":"publish","type":"product","link":"https:\/\/e-adams.pl\/de\/produkt\/latexfarbe-tikkruila-anti-reflex-10l\/","title":{"rendered":"Latexfarbe  TIKKRUILA ANTI REFLEX &#8211; 10L"},"content":{"rendered":"<h2>Tikkurila Anti-Reflex White &#8211; 3L<\/h2>\n<p>&#8211; Matt Xtreme Technology beseitigt Oberfl\u00e4chenfehler<br \/>\n&#8211; Sehr gute Deckkraft<br \/>\n&#8211; Perfekter Endeffekt ohne Schlieren<br \/>\n&#8211; Tiefes mattes Finish<br \/>\n&#8211; Glatter Beschichtungseffekt<br \/>\n&#8211; Eine \u00f6kologische Rezeptur, die gesundheits- und umweltschonend ist<\/p>\n<p><b>Farben:<\/b> wei\u00df, <u>vollmatt<\/u><br \/>\n<b>Auftragsmethode:<\/b> Rolle, Pinsel oder Spray<br \/>\n<b>Ergiebigkeit:<\/b> Bis zu 8 m2\/l bei einmaligem Anstrich<\/p>\n<p style=\"font-size: 20px; color: #666666; line-height: 30px; text-align: justify;\">TIKKURILA ANTI-REFLEX WHITE 2 Wei\u00dfe, entspiegelte, wasserbasierte, hochwertige, tiefmatte Latexfarbe <strong>f\u00fcr Innendecken<\/strong>. Dank der einzigartigen Zusammensetzung aus Titanverbindungen und funktionellen F\u00fcllstoffen reduziert der Lack Lichtreflexe, die den Eindruck von Unebenheiten des Untergrunds erwecken. Die Farbe ist bestimmt zum dekorativen und sch\u00fctzenden Anstrich von Decken in Wohn-, B\u00fcro- und \u00f6ffentlichen R\u00e4umen, einschlie\u00dflich in Bildungseinrichtungen (Schulen, Kinderg\u00e4rten) und Einrichtungen des Gesundheitswesens (Krankenh\u00e4user), Produktionsbetrieben, auch in der Lebensmittelindustrie (ohne direkten Kontakt mit Lebensmitteln). )* .<\/p>\n","protected":false},"excerpt":{"rendered":"<p>Antireflexfarbe f\u00fcr Decken<\/p>\n","protected":false},"featured_media":20059,"comment_status":"closed","ping_status":"closed","template":"","meta":{"_acf_changed":false,"inline_featured_image":false},"product_cat":[892],"product_tag":[1433,1434,1435],"class_list":{"0":"post-20062","1":"product","2":"type-product","3":"status-publish","4":"has-post-thumbnail","6":"product_cat-weisse-farben","7":"product_tag-farben","8":"product_tag-innenfarbe","9":"product_tag-tikkurila-de","11":"first","12":"instock","13":"shipping-taxable","14":"product-type-simple"},"acf":[],"_links":{"self":[{"href":"https:\/\/e-adams.pl\/de\/wp-json\/wp\/v2\/product\/20062","targetHints":{"allow":["GET"]}}],"collection":[{"href":"https:\/\/e-adams.pl\/de\/wp-json\/wp\/v2\/product"}],"about":[{"href":"https:\/\/e-adams.pl\/de\/wp-json\/wp\/v2\/types\/product"}],"replies":[{"embeddable":true,"href":"https:\/\/e-adams.pl\/de\/wp-json\/wp\/v2\/comments?post=20062"}],"wp:featuredmedia":[{"embeddable":true,"href":"https:\/\/e-adams.pl\/de\/wp-json\/wp\/v2\/media\/20059"}],"wp:attachment":[{"href":"https:\/\/e-adams.pl\/de\/wp-json\/wp\/v2\/media?parent=20062"}],"wp:term":[{"taxonomy":"product_cat","embeddable":true,"href":"https:\/\/e-adams.pl\/de\/wp-json\/wp\/v2\/product_cat?post=20062"},{"taxonomy":"product_tag","embeddable":true,"href":"https:\/\/e-adams.pl\/de\/wp-json\/wp\/v2\/product_tag?post=20062"}],"curies":[{"name":"wp","href":"https:\/\/api.w.org\/{rel}","templated":true}]}}